{"id":16250,"date":"2025-07-15T10:59:37","date_gmt":"2025-07-15T08:59:37","guid":{"rendered":"https:\/\/foxit-technology.com\/proizvod\/aluminijumski-radijator-rostro\/"},"modified":"2025-11-08T14:20:08","modified_gmt":"2025-11-08T13:20:08","slug":"aluminijumski-radijator-rostro","status":"publish","type":"product","link":"http:\/\/grejanjesrbija.com\/ru\/proizvod\/aluminijumski-radijator-rostro\/","title":{"rendered":"Aluminijumski radijator Rostro H500 &#8211; 169W"},"content":{"rendered":"<p>Model H500 iz linije Rostro italijanskih aluminijumskih radijatora, sa snagom od 169 W po \u010dlanku,\u00a0 razvijen je za korisnike koji tra\u017ee zajedni\u010dku kombinaciju visoke efikasnosti i kompaktnog dizajna. Radijator je izra\u0111en od legure ADC12 aluminijuma \u2014 ima ve\u0107u \u010dvrsto\u0107u i otpornost na izdu\u017eenje i udare u odnosu na druge aluminijumske legure. Visina nominalno 500 mm (osni razmak 500 mm) i standardna \u0161irina 80 mm, dubina ~100 mm.<br data-start=\"919\" data-end=\"922\" \/>Idealno za renoviranja i monta\u017ee prostora gde je potrebno visok efekt grejanja u prostoru sa standardnim priklju\u010dcima.<\/p>\n<h3 data-start=\"2053\" data-end=\"2068\"><strong>\u041f\u0440\u0435\u0438\u043c\u0443\u0449\u0435\u0441\u0442\u0432\u0430<\/strong><\/h3>\n<ul>\n<li data-start=\"2071\" data-end=\"2229\">Visok toplotni u\u010dinak od ~169 W po \u010dlanku omogu\u0107ava da se za datu toplinsku potrebu koristi manji broj elemenata \u2013 \u0161to doprinosi urednijem izgledu prostora.<\/li>\n<li data-start=\"2232\" data-end=\"2329\">Aluminijumska izrada (legura ADC12) zna\u010di br\u017ee zagrevanje prostora, manju masu i lak\u0161u monta\u017eu.<\/li>\n<li data-start=\"2332\" data-end=\"2448\">Osni razmak standardnih 500 mm \u010dini ga kompatibilnim za monta\u017eu u postoje\u0107im instalacijama bez velikih adaptacija.<\/li>\n<li data-start=\"2451\" data-end=\"2551\">Konstrukcija visoke \u010dvrsto\u0107e i otpornosti na mehani\u010dke optere\u0107enja \u2014 pogodna za intenzivne uslove.<\/li>\n<li data-start=\"2554\" data-end=\"2641\">Elegantan dizajn i bela zavr\u0161na obrada omogu\u0107avaju integraciju u raznovrsne enterijere.<\/li>\n<\/ul>","protected":false},"excerpt":{"rendered":"<p data-start=\"182\" data-end=\"334\">Aluminijumski radijator Rostro H500 sa izlaznom snagom 169 W po \u010dlanku, visina 500 mm (osni razmak 500 mm) \u2014 efikasno i moderno re\u0161enje za grejanje.<\/p>","protected":false},"featured_media":16251,"template":"","meta":{"_seopress_robots_primary_cat":"none","_seopress_titles_title":"","_seopress_titles_desc":"Rostro H500 aluminijumski radijator \u2013 osni razmak 500 mm, ~ 169 W po \u010dlanku. Kvalitetna aluminijumska legura, efikasno grejanje i moderan dizajn.","_seopress_robots_index":""},"product_brand":[4244],"product_cat":[4241,4237],"product_tag":[],"class_list":{"0":"post-16250","1":"product","2":"type-product","3":"status-publish","4":"has-post-thumbnail","6":"product_brand-rostro","7":"product_cat-aluminijumski-radijatori","8":"product_cat-radijatori","10":"first","11":"instock","12":"purchasable","13":"product-type-simple"},"_links":{"self":[{"href":"http:\/\/grejanjesrbija.com\/ru\/wp-json\/wp\/v2\/product\/16250","targetHints":{"allow":["GET"]}}],"collection":[{"href":"http:\/\/grejanjesrbija.com\/ru\/wp-json\/wp\/v2\/product"}],"about":[{"href":"http:\/\/grejanjesrbija.com\/ru\/wp-json\/wp\/v2\/types\/product"}],"wp:featuredmedia":[{"embeddable":true,"href":"http:\/\/grejanjesrbija.com\/ru\/wp-json\/wp\/v2\/media\/16251"}],"wp:attachment":[{"href":"http:\/\/grejanjesrbija.com\/ru\/wp-json\/wp\/v2\/media?parent=16250"}],"wp:term":[{"taxonomy":"product_brand","embeddable":true,"href":"http:\/\/grejanjesrbija.com\/ru\/wp-json\/wp\/v2\/product_brand?post=16250"},{"taxonomy":"product_cat","embeddable":true,"href":"http:\/\/grejanjesrbija.com\/ru\/wp-json\/wp\/v2\/product_cat?post=16250"},{"taxonomy":"product_tag","embeddable":true,"href":"http:\/\/grejanjesrbija.com\/ru\/wp-json\/wp\/v2\/product_tag?post=16250"}],"curies":[{"name":"wp","href":"https:\/\/api.w.org\/{rel}","templated":true}]}}