{"id":16256,"date":"2025-07-15T10:59:37","date_gmt":"2025-07-15T08:59:37","guid":{"rendered":"https:\/\/foxit-technology.com\/proizvod\/cevni-registar-model-kdo-zaobljeni\/"},"modified":"2026-03-16T10:50:32","modified_gmt":"2026-03-16T09:50:32","slug":"cevni-registar-model-kdo-zaobljeni","status":"publish","type":"product","link":"http:\/\/grejanjesrbija.com\/ru\/proizvod\/cevni-registar-model-kdo-zaobljeni\/","title":{"rendered":"Cevni registar KDO &#8211; zaobljeni"},"content":{"rendered":"<p>Cevni registar serije KDO\u2011zaobljeni od Thermal Trend\u2011a predstavlja kvalitetno grejno telo izra\u0111eno od \u010deli\u010dnih cevnih elemenata sa lu\u010dnim (\u201ezaobljenim\u201c) izgledom.\u00a0<br data-start=\"676\" data-end=\"679\" \/>Ovaj model dolazi standardno sa \u010depom, odzra\u010dnim ventilom i nosa\u010dima za zidnu monta\u017eu.\u00a0<br data-start=\"803\" data-end=\"806\" \/>Zahvaljuju\u0107i zaobljenom obliku (lu\u010dni rubovi), estetski se lepo uklapa u razne enterijere, dok cevi omogu\u0107avaju stabilnu predaju toplote.<\/p>\n<h3 data-start=\"1903\" data-end=\"1918\"><strong>\u041f\u0440\u0435\u0438\u043c\u0443\u0449\u0435\u0441\u0442\u0432\u0430<\/strong><\/h3>\n<ul>\n<li data-start=\"1921\" data-end=\"2021\">Estetski dizajn zahvaljuju\u0107i lu\u010dnom \u201ezaobljenom\u201c obliku \u2013 pogodno za prostore gde je izgled va\u017ean.<\/li>\n<li data-start=\"2024\" data-end=\"2127\">Kvalitetna konstrukcija od \u010deli\u010dnih cevnih elemenata omogu\u0107ava stabilnu i dugotrajnu predaju toplote.<\/li>\n<li data-start=\"2130\" data-end=\"2199\">Standardna monta\u017ea uz zid uz prilo\u017eene nosa\u010de olak\u0161ava instalaciju.<\/li>\n<li data-start=\"2202\" data-end=\"2276\">Dostupnost u vi\u0161e dimenzija omogu\u0107ava prilago\u0111avanje potrebama prostora.<\/li>\n<\/ul>","protected":false},"excerpt":{"rendered":"<p data-start=\"212\" data-end=\"382\">Cevni registar model\u202fKDO\u2011zaobljeni \u2013 zaobljeni (lu\u010dni) cevasti radijator\/grejno telo, idealan za instalaciju u sistemima centralnog grejanja, \u0161irine 450\u202fmm.<\/p>","protected":false},"featured_media":16257,"template":"","meta":{"_seopress_robots_primary_cat":"none","_seopress_titles_title":"Cevni registar model KDO-zaobljeni","_seopress_titles_desc":"Cevni registar model KDO\u2011zaobljeni \u2013 zaobljeni cevasti radijator 450mm od Thermal Trend\u2011a. Kompletnu opremu i monta\u017eu.","_seopress_robots_index":""},"product_brand":[4246],"product_cat":[4247,4237],"product_tag":[],"class_list":{"0":"post-16256","1":"product","2":"type-product","3":"status-publish","4":"has-post-thumbnail","6":"product_brand-thermal-trend","7":"product_cat-cevasti-radijatori","8":"product_cat-radijatori","9":"pa_dimenzije-450-x-1320-mm","10":"pa_dimenzije-450-x-1680-mm","11":"pa_dimenzije-450-x-960-mm","12":"pa_dimenzije-450x730-mm","13":"pa_dimenzije-600-x-1320-mm","14":"pa_dimenzije-600-x-1680-mm","15":"pa_dimenzije-600-x-960-mm","17":"first","18":"instock","19":"purchasable","20":"product-type-variable","21":"has-default-attributes"},"_links":{"self":[{"href":"http:\/\/grejanjesrbija.com\/ru\/wp-json\/wp\/v2\/product\/16256","targetHints":{"allow":["GET"]}}],"collection":[{"href":"http:\/\/grejanjesrbija.com\/ru\/wp-json\/wp\/v2\/product"}],"about":[{"href":"http:\/\/grejanjesrbija.com\/ru\/wp-json\/wp\/v2\/types\/product"}],"wp:featuredmedia":[{"embeddable":true,"href":"http:\/\/grejanjesrbija.com\/ru\/wp-json\/wp\/v2\/media\/16257"}],"wp:attachment":[{"href":"http:\/\/grejanjesrbija.com\/ru\/wp-json\/wp\/v2\/media?parent=16256"}],"wp:term":[{"taxonomy":"product_brand","embeddable":true,"href":"http:\/\/grejanjesrbija.com\/ru\/wp-json\/wp\/v2\/product_brand?post=16256"},{"taxonomy":"product_cat","embeddable":true,"href":"http:\/\/grejanjesrbija.com\/ru\/wp-json\/wp\/v2\/product_cat?post=16256"},{"taxonomy":"product_tag","embeddable":true,"href":"http:\/\/grejanjesrbija.com\/ru\/wp-json\/wp\/v2\/product_tag?post=16256"}],"curies":[{"name":"wp","href":"https:\/\/api.w.org\/{rel}","templated":true}]}}