{"id":16808,"date":"2025-07-15T11:02:21","date_gmt":"2025-07-15T09:02:21","guid":{"rendered":"https:\/\/foxit-technology.com\/proizvod\/kamin-na-pelet-alfa-plam-commo\/"},"modified":"2026-04-22T10:48:21","modified_gmt":"2026-04-22T08:48:21","slug":"kamin-na-pelet-alfa-plam-commo","status":"publish","type":"product","link":"http:\/\/grejanjesrbija.com\/ru\/proizvod\/kamin-na-pelet-alfa-plam-commo\/","title":{"rendered":"\u043f\u0435\u043b\u043b\u0435\u0442\u043d\u044b\u0439 \u0433\u0440\u0443\u0437\u043e\u0432\u0438\u043a Alfa Plam Commo \u043c\u043e\u0449\u043d\u043e\u0441\u0442\u044c\u044e 15 \u043a\u0412\u0442"},"content":{"rendered":"<h2 data-start=\"209\" data-end=\"269\"><strong data-start=\"212\" data-end=\"269\">Kamin na pelet Alfa Plam Commo &#8211; 15 kW<\/strong><\/h2>\n<p data-start=\"271\" data-end=\"627\"><strong data-start=\"271\" data-end=\"296\">Alfa Plam Commo 15 kW ( 13kW+2kW)<\/strong> je savremeni <strong data-start=\"310\" data-end=\"334\">hydro kamin na pelet<\/strong> koji se povezuje direktno na sistem centralnog grejanja, omogu\u0107avaju\u0107i istovremeno estetski i funkcionalan na\u010din grejanja prostora. Ovaj model kombinuje <strong data-start=\"490\" data-end=\"564\">visok stepen iskori\u0161\u0107enja, automatizovano upravljanje i moderan dizajn<\/strong>, uz prepoznatljiv kvalitet doma\u0107e proizvodnje <strong data-start=\"611\" data-end=\"624\">\u0410\u043b\u044c\u0444\u0430-\u043f\u044f\u0442\u043d\u0430<\/strong>. Pogodan je za zagrevanje kako ku\u0107nog, tako i poslovnog prostora.<\/p>\n<p data-start=\"629\" data-end=\"800\">Zahvaljuju\u0107i integrisanoj pumpi, ekspanzionoj posudi i sigurnosnim elementima, Commo 15 predstavlja <strong data-start=\"729\" data-end=\"757\">kompletno grejno re\u0161enje<\/strong> spremno za monta\u017eu bez dodatnih ure\u0111aja.<\/p>\n<p>Zadovoljava najvi\u0161e standarde u energetskoj efikasnosti ( A+).<\/p>\n<h3 data-start=\"807\" data-end=\"837\"><strong data-start=\"810\" data-end=\"837\">\u0422\u0435\u0445\u043d\u0438\u0447\u0435\u0441\u043a\u0438\u0435 \u0445\u0430\u0440\u0430\u043a\u0442\u0435\u0440\u0438\u0441\u0442\u0438\u043a\u0438<\/strong><\/h3>\n<div class=\"_tableContainer_1rjym_1\">\n<div class=\"group _tableWrapper_1rjym_13 flex w-fit flex-col-reverse\" tabindex=\"-1\">\n<table class=\"w-fit min-w-(--thread-content-width)\" data-start=\"839\" data-end=\"1493\">\n<thead data-start=\"839\" data-end=\"876\">\n<tr data-start=\"839\" data-end=\"876\">\n<th data-start=\"839\" data-end=\"860\" data-col-size=\"sm\"><strong data-start=\"841\" data-end=\"859\">Karakteristika<\/strong><\/th>\n<th data-start=\"860\" data-end=\"876\" data-col-size=\"md\"><strong data-start=\"862\" data-end=\"874\">Vrednost<\/strong><\/th>\n<\/tr>\n<\/thead>\n<tbody data-start=\"915\" data-end=\"1493\">\n<tr data-start=\"915\" data-end=\"953\">\n<td data-start=\"915\" data-end=\"944\" data-col-size=\"sm\"><strong data-start=\"917\" data-end=\"943\">Nazivna toplotna snaga<\/strong><\/td>\n<td data-start=\"944\" data-end=\"953\" data-col-size=\"md\">15 kW<\/td>\n<\/tr>\n<tr data-start=\"954\" data-end=\"988\">\n<td data-start=\"954\" data-end=\"979\" data-col-size=\"sm\"><strong data-start=\"956\" data-end=\"978\">Snaga predaje vodi<\/strong><\/td>\n<td data-start=\"979\" data-end=\"988\" data-col-size=\"md\">13 \u043a\u0412\u0442<\/td>\n<\/tr>\n<tr data-start=\"989\" data-end=\"1017\">\n<td data-start=\"989\" data-end=\"1006\" data-col-size=\"sm\"><strong data-start=\"991\" data-end=\"1005\">Efikasnost<\/strong><\/td>\n<td data-start=\"1006\" data-end=\"1017\" data-col-size=\"md\">do 92 %<\/td>\n<\/tr>\n<tr data-start=\"1018\" data-end=\"1088\">\n<td data-start=\"1018\" data-end=\"1038\" data-col-size=\"sm\"><strong data-start=\"1020\" data-end=\"1037\">Vrsta ure\u0111aja<\/strong><\/td>\n<td data-start=\"1038\" data-end=\"1088\" data-col-size=\"md\">Kamin na pelet sa vodenim izmenjiva\u010dem (hydro)<\/td>\n<\/tr>\n<tr data-start=\"1089\" data-end=\"1139\">\n<td data-start=\"1089\" data-end=\"1125\" data-col-size=\"sm\"><strong data-start=\"1091\" data-end=\"1124\">Kapacitet rezervoara za pelet<\/strong><\/td>\n<td data-start=\"1125\" data-end=\"1139\" data-col-size=\"md\">25 kg<\/td>\n<\/tr>\n<tr data-start=\"1140\" data-end=\"1181\">\n<td data-start=\"1140\" data-end=\"1163\" data-col-size=\"sm\"><strong data-start=\"1142\" data-end=\"1162\">Potro\u0161nja peleta<\/strong><\/td>\n<td data-start=\"1163\" data-end=\"1181\" data-col-size=\"md\">1,2 \/ 3,5 kg\/h<\/td>\n<\/tr>\n<tr data-start=\"1182\" data-end=\"1238\">\n<td data-start=\"1182\" data-end=\"1219\" data-col-size=\"sm\"><strong data-start=\"1184\" data-end=\"1218\">Zapremina prostora za grejanje<\/strong><\/td>\n<td data-start=\"1219\" data-end=\"1238\" data-col-size=\"md\">150-250 m3 \/ 58-96 m2<\/td>\n<\/tr>\n<tr data-start=\"1239\" data-end=\"1273\">\n<td data-start=\"1239\" data-end=\"1262\" data-col-size=\"sm\"><strong data-start=\"1241\" data-end=\"1261\">Pre\u010dnik dimnjaka<\/strong><\/td>\n<td data-start=\"1262\" data-end=\"1273\" data-col-size=\"md\">\u00d8 80 mm<\/td>\n<\/tr>\n<tr data-start=\"1274\" data-end=\"1309\">\n<td data-start=\"1274\" data-end=\"1295\" data-col-size=\"sm\"><strong data-start=\"1276\" data-end=\"1294\">Radni pritisak<\/strong><\/td>\n<td data-start=\"1295\" data-end=\"1309\" data-col-size=\"md\">do 2,5 bar<\/td>\n<\/tr>\n<tr data-start=\"1310\" data-end=\"1343\">\n<td data-start=\"1310\" data-end=\"1326\" data-col-size=\"sm\"><strong data-start=\"1312\" data-end=\"1325\">Napajanje<\/strong><\/td>\n<td data-start=\"1326\" data-end=\"1343\" data-col-size=\"md\">230 V \/ 50 Hz<\/td>\n<\/tr>\n<tr data-start=\"1344\" data-end=\"1371\">\n<td data-start=\"1344\" data-end=\"1357\" data-col-size=\"sm\"><strong data-start=\"1346\" data-end=\"1356\">Te\u017eina neto\/bruto<\/strong><\/td>\n<td data-start=\"1357\" data-end=\"1371\" data-col-size=\"md\">181 kg\/ 223 kg<\/td>\n<\/tr>\n<tr data-start=\"1372\" data-end=\"1433\">\n<td data-start=\"1372\" data-end=\"1400\" data-col-size=\"sm\"><strong data-start=\"1374\" data-end=\"1399\">Dimenzije (\u0160 \u00d7 D \u00d7 V)<\/strong><\/td>\n<td data-start=\"1400\" data-end=\"1433\" data-col-size=\"md\">530 \u00d7 570 \u00d7 1010 mm<\/td>\n<\/tr>\n<tr data-start=\"1434\" data-end=\"1464\">\n<td data-start=\"1434\" data-end=\"1458\" data-col-size=\"sm\"><strong data-start=\"1436\" data-end=\"1457\">Energetski razred<\/strong><\/td>\n<td data-start=\"1458\" data-end=\"1464\" data-col-size=\"md\">A+<\/td>\n<\/tr>\n<tr data-start=\"1465\" data-end=\"1493\">\n<td data-start=\"1465\" data-end=\"1481\" data-col-size=\"sm\"><strong data-start=\"1467\" data-end=\"1480\">Garancija<\/strong><\/td>\n<td data-start=\"1481\" data-end=\"1493\" data-col-size=\"md\">5 godina<\/td>\n<\/tr>\n<\/tbody>\n<\/table>\n<\/div>\n<\/div>\n<h3 data-start=\"1569\" data-end=\"1614\"><strong data-start=\"1572\" data-end=\"1614\">\u041f\u0440\u0435\u0438\u043c\u0443\u0449\u0435\u0441\u0442\u0432\u0430<\/strong><\/h3>\n<ul>\n<li data-start=\"1618\" data-end=\"1730\">Automatski rad \u2013 paljenje, regulacija temperature i doziranje peleta putem elektronske kontrolne jedinice.<\/li>\n<li data-start=\"1733\" data-end=\"1817\">Visoka efikasnost (92 %) \u2013 optimalno iskori\u0161\u0107enje goriva uz minimalne emisije.<\/li>\n<li data-start=\"1820\" data-end=\"1916\">Hydro sistem \u2013 greje vodu za radijatore ili podno grejanje, \u010dime zamenjuje klasi\u010dan kotao.<\/li>\n<li data-start=\"1919\" data-end=\"2015\">Moderan dizajn \u2013 elegantna staklena vrata i kompaktne dimenzije pogodne za dnevni boravak.<\/li>\n<li data-start=\"2018\" data-end=\"2081\">Jednostavno odr\u017eavanje \u2013 lako \u010di\u0161\u0107enje i pristup lo\u017ei\u0161tu.<\/li>\n<li data-start=\"2084\" data-end=\"2169\">Tih rad i dug vek trajanja \u2013 visok kvalitet ventilatora i \u010deli\u010dne konstrukcije.<\/li>\n<li>Sve komponente neophodne za funkcionisanje sistema (ekspanzioni sud, vodna pumpa, sigurnosni i ozra\u010dni ventil) fabri\u010dki ugra\u0111ene u proizvod.<\/li>\n<li>Lo\u017ei\u0161te izra\u0111eno od specijalnog liva, a kotao od namenskog kotlovskog lima.<\/li>\n<li>Postoji mogu\u0107nost rada na 5 nivoa snage, i nedeljno programiranje rada kotla.<\/li>\n<li>Veliko, kerami\u010dko staklo na vratima lo\u017ei\u0161ta otporno na 700\u00b0 C i vidljiv plamen koji dodatno unosi toplinu u Va\u0161 dom.<\/li>\n<li>Mogu\u0107nost ugradnje ure\u0111aja za daljinsko upravljanje pomo\u0107u smartphone aplikacije i WiFi modema.<\/li>\n<li>Ugra\u0111eni sigurnosni termostati onemogu\u0107avaju pregrevanje vode u kotlu i samozapaljenje pe\u0107i.<\/li>\n<li>Koli\u010dina vode u kotlu 32 l.<\/li>\n<li>Garancija 5 godina<\/li>\n<\/ul>\n<h3><strong data-start=\"2508\" data-end=\"2546\">Za\u0161to kupiti Alfa Plam Commo 15 kW?<\/strong><\/h3>\n<p data-start=\"2548\" data-end=\"2840\">Kupovinom Alfa Plam Commo 15 kW dobijate kompletan sistem grejanja koji spaja doma\u0107u izradu, ekonomi\u010dnost i automatsku kontrolu rada. Ovaj model je idealan za korisnike koji \u017eele udobnost, sigurnost i dugoro\u010dnu u\u0161tedu, bez potrebe za manuelnim lo\u017eenjem ili dodatnim ure\u0111ajima.<\/p>\n<p>&nbsp;<\/p>","protected":false},"excerpt":{"rendered":"<p>Kupovinom Alfa Plam Commo 15 kW dobijate kompletan sistem grejanja koji spaja doma\u0107u izradu, ekonomi\u010dnost i automatsku kontrolu rada. Ovaj model je idealan za korisnike koji \u017eele udobnost, sigurnost i dugoro\u010dnu u\u0161tedu, bez potrebe za manuelnim lo\u017eenjem ili dodatnim ure\u0111ajima.<\/p>","protected":false},"featured_media":16809,"template":"","meta":{"_seopress_robots_primary_cat":"none","_seopress_titles_title":"","_seopress_titles_desc":"Kamin na pelet Alfa Plam Commo 15 kW \u2013 hydro kamin sa vodenim izmenjiva\u010dem i efikasno\u0161\u0107u do 92 %. Kompletan automatizovani sistem za centralno grejanje, moderan dizajn i pouzdan rad.","_seopress_robots_index":""},"product_brand":[4202],"product_cat":[4208,4205],"product_tag":[],"class_list":{"0":"post-16808","1":"product","2":"type-product","3":"status-publish","4":"has-post-thumbnail","6":"product_brand-alfa-plam","7":"product_cat-kamini-na-pelet","8":"product_cat-kotlovi-i-kamini-na-pelet","10":"first","11":"instock","12":"purchasable","13":"product-type-simple"},"_links":{"self":[{"href":"http:\/\/grejanjesrbija.com\/ru\/wp-json\/wp\/v2\/product\/16808","targetHints":{"allow":["GET"]}}],"collection":[{"href":"http:\/\/grejanjesrbija.com\/ru\/wp-json\/wp\/v2\/product"}],"about":[{"href":"http:\/\/grejanjesrbija.com\/ru\/wp-json\/wp\/v2\/types\/product"}],"wp:featuredmedia":[{"embeddable":true,"href":"http:\/\/grejanjesrbija.com\/ru\/wp-json\/wp\/v2\/media\/16809"}],"wp:attachment":[{"href":"http:\/\/grejanjesrbija.com\/ru\/wp-json\/wp\/v2\/media?parent=16808"}],"wp:term":[{"taxonomy":"product_brand","embeddable":true,"href":"http:\/\/grejanjesrbija.com\/ru\/wp-json\/wp\/v2\/product_brand?post=16808"},{"taxonomy":"product_cat","embeddable":true,"href":"http:\/\/grejanjesrbija.com\/ru\/wp-json\/wp\/v2\/product_cat?post=16808"},{"taxonomy":"product_tag","embeddable":true,"href":"http:\/\/grejanjesrbija.com\/ru\/wp-json\/wp\/v2\/product_tag?post=16808"}],"curies":[{"name":"wp","href":"https:\/\/api.w.org\/{rel}","templated":true}]}}