{"id":27319,"date":"2026-04-03T10:04:25","date_gmt":"2026-04-03T08:04:25","guid":{"rendered":"https:\/\/grejanjesrbija.com\/?post_type=product&#038;p=27319"},"modified":"2026-04-03T10:22:33","modified_gmt":"2026-04-03T08:22:33","slug":"trodelno-kuciste-filtera-za-vodu-10-3-4","status":"publish","type":"product","link":"http:\/\/grejanjesrbija.com\/ru\/proizvod\/trodelno-kuciste-filtera-za-vodu-10-3-4\/","title":{"rendered":"\u0422\u0440\u0435\u0445\u0441\u0435\u043a\u0446\u0438\u043e\u043d\u043d\u044b\u0439 \u043a\u043e\u0440\u043f\u0443\u0441 \u0432\u043e\u0434\u044f\u043d\u043e\u0433\u043e \u0444\u0438\u043b\u044c\u0442\u0440\u0430 10\u2033 3\/4\u2033"},"content":{"rendered":"<h2 data-section-id=\"57dgtp\" data-start=\"47\" data-end=\"103\"><strong>Ku\u0107i\u0161te filtera za vodu 10&#8243; 3\/4&#8243; trodelno\u00a0<\/strong><\/h2>\n<p data-start=\"105\" data-end=\"457\">Ku\u0107i\u0161te filtera za vodu 10&#8243; 3\/4&#8243; trodelno ku\u0107i\u0161te namenjeno je za filtraciju vode u doma\u0107instvima, industriji i sistemima za pripremu pija\u0107e i tehni\u010dke vode. Ovo trodelno ku\u0107i\u0161te filtera omogu\u0107ava jednostavnu monta\u017eu, lako odr\u017eavanje i brzu zamenu filter ulo\u0161ka, \u0161to ga \u010dini idealnim re\u0161enjem za dugotrajan i pouzdan rad sistema za filtraciju vode.<\/p>\n<p data-start=\"459\" data-end=\"731\">Ku\u0107i\u0161te je predvi\u0111eno za standardne filter ulo\u0161ke dimenzije 10&#8243; (Slim Line), kao \u0161to su polipropilenski ulo\u0161ci za mehani\u010dku filtraciju, ulo\u0161ci sa aktivnim ugljem za uklanjanje hlora, mirisa i ukusa, kao i drugi specijalni filter ulo\u0161ci za razli\u010dite namene u tretmanu vode.<\/p>\n<p data-start=\"733\" data-end=\"1048\">Trodelna konstrukcija omogu\u0107ava lako odvrtanje i zamenu ulo\u0161ka, dok kvalitetne zaptivke obezbe\u0111uju siguran rad bez curenja vode. Ku\u0107i\u0161te filtera se montira direktno na vodovodnu instalaciju i koristi se kao predfilter za za\u0161titu instalacija, bojlera, ve\u0161 ma\u0161ina, sudoma\u0161ina, slavina, tu\u0161eva, pumpi i drugih ure\u0111aja.<\/p>\n<h3 data-section-id=\"yhqj1m\" data-start=\"1050\" data-end=\"1061\">Primena<\/h3>\n<p data-start=\"1063\" data-end=\"1110\">Ku\u0107i\u0161te filtera za vodu 10&#8243; 3\/4&#8243; koristi se za:<\/p>\n<ul data-start=\"1111\" data-end=\"1326\">\n<li data-section-id=\"h83wsl\" data-start=\"1111\" data-end=\"1159\">Mehani\u010dku filtraciju vode (pesak, r\u0111a, mulj)<\/li>\n<li data-section-id=\"1wdnxrz\" data-start=\"1160\" data-end=\"1227\">Uklanjanje hlora, mirisa i ukusa (uz ulo\u017eak sa aktivnim ugljem)<\/li>\n<li data-section-id=\"17hbcj\" data-start=\"1228\" data-end=\"1272\">Za\u0161titu vodovodnih instalacija i ure\u0111aja<\/li>\n<li data-section-id=\"135fs5w\" data-start=\"1273\" data-end=\"1297\">Pripremu pija\u0107e vode<\/li>\n<li data-section-id=\"ke69ty\" data-start=\"1298\" data-end=\"1326\">Sisteme za tehni\u010dku vodu<\/li>\n<\/ul>","protected":false},"excerpt":{"rendered":"<p>Ku\u0107i\u0161te za ulo\u017eak filtera 3\/4&#8243; koristi se kao predfilter za zadr\u017eavanje mehani\u010dkih ne\u010disto\u0107a kao \u0161to su pesak, r\u0111a, mulj i druge \u010destice iz vodovodne ili bunarske vode, \u010dime se \u0161tite instalacije, slavine, bojleri, ma\u0161ine i drugi ure\u0111aji kroz koje prolazi voda.<\/p>","protected":false},"featured_media":27324,"template":"","meta":{"_seopress_robots_primary_cat":"none","_seopress_titles_title":"","_seopress_titles_desc":"","_seopress_robots_index":""},"product_brand":[5159],"product_cat":[5157],"product_tag":[],"class_list":{"0":"post-27319","1":"product","2":"type-product","3":"status-publish","4":"has-post-thumbnail","6":"product_brand-atlas","7":"product_cat-filteri-za-vodu","9":"first","10":"instock","11":"shipping-taxable","12":"purchasable","13":"product-type-simple"},"_links":{"self":[{"href":"http:\/\/grejanjesrbija.com\/ru\/wp-json\/wp\/v2\/product\/27319","targetHints":{"allow":["GET"]}}],"collection":[{"href":"http:\/\/grejanjesrbija.com\/ru\/wp-json\/wp\/v2\/product"}],"about":[{"href":"http:\/\/grejanjesrbija.com\/ru\/wp-json\/wp\/v2\/types\/product"}],"wp:featuredmedia":[{"embeddable":true,"href":"http:\/\/grejanjesrbija.com\/ru\/wp-json\/wp\/v2\/media\/27324"}],"wp:attachment":[{"href":"http:\/\/grejanjesrbija.com\/ru\/wp-json\/wp\/v2\/media?parent=27319"}],"wp:term":[{"taxonomy":"product_brand","embeddable":true,"href":"http:\/\/grejanjesrbija.com\/ru\/wp-json\/wp\/v2\/product_brand?post=27319"},{"taxonomy":"product_cat","embeddable":true,"href":"http:\/\/grejanjesrbija.com\/ru\/wp-json\/wp\/v2\/product_cat?post=27319"},{"taxonomy":"product_tag","embeddable":true,"href":"http:\/\/grejanjesrbija.com\/ru\/wp-json\/wp\/v2\/product_tag?post=27319"}],"curies":[{"name":"wp","href":"https:\/\/api.w.org\/{rel}","templated":true}]}}