{"id":27325,"date":"2026-04-03T10:11:23","date_gmt":"2026-04-03T08:11:23","guid":{"rendered":"https:\/\/grejanjesrbija.com\/?post_type=product&#038;p=27325"},"modified":"2026-04-03T10:23:47","modified_gmt":"2026-04-03T08:23:47","slug":"ulozak-filtera-za-vodu-konac","status":"publish","type":"product","link":"http:\/\/grejanjesrbija.com\/ru\/proizvod\/ulozak-filtera-za-vodu-konac\/","title":{"rendered":"\u041a\u0430\u0440\u0442\u0440\u0438\u0434\u0436 \u0432\u043e\u0434\u044f\u043d\u043e\u0433\u043e \u0444\u0438\u043b\u044c\u0442\u0440\u0430 \u2013 \u0420\u0435\u0437\u044c\u0431\u0430"},"content":{"rendered":"<h2 data-section-id=\"y63ytg\" data-start=\"47\" data-end=\"115\"><strong>Ulo\u017eak filtera konac 10&#8243; \u2013 5 mikrona \u2013 PP sediment (polipropilen)<\/strong><\/h2>\n<p data-start=\"117\" data-end=\"486\">Ulo\u017eak filtera konac 10&#8243; \u2013 5 mikrona izra\u0111en od polipropilenskog konca namenjen je za mehani\u010dku filtraciju vode i efikasno uklanjanje \u010destica kao \u0161to su pesak, r\u0111a, mulj i druge ne\u010disto\u0107e iz vodovodne ili bunarske vode. Zahvaljuju\u0107i gustoj strukturi namotanog konca, ovaj PP sediment ulo\u017eak obezbe\u0111uje pouzdanu filtraciju i produ\u017eava vek trajanja instalacija i ure\u0111aja.<\/p>\n<p data-start=\"488\" data-end=\"748\">Filter ulo\u017eak 10&#8243; \u2013 5 mikrona predstavlja idealno re\u0161enje kao prvi stepen filtracije (predfilter), jer zadr\u017eava i najsitnije mehani\u010dke ne\u010disto\u0107e pre nego \u0161to voda u\u0111e u druge filtere ili ure\u0111aje kao \u0161to su bojleri, ve\u0161 ma\u0161ine, sudoma\u0161ine i sistemi za grejanje.<\/p>\n<p data-start=\"750\" data-end=\"875\">Izra\u0111en od kvalitetnog polipropilena, ulo\u017eak je otporan na hemikalije i pogodan za \u0161iroku primenu u doma\u0107instvu i industriji.<\/p>\n<h3 data-section-id=\"oqh3hm\" data-start=\"1263\" data-end=\"1276\">\u041f\u0440\u0435\u0438\u043c\u0443\u0449\u0435\u0441\u0442\u0432\u0430<\/h3>\n<ul data-start=\"1278\" data-end=\"1533\">\n<li data-section-id=\"175jxzi\" data-start=\"1278\" data-end=\"1313\">Precizna filtracija \u2013 5 mikrona<\/li>\n<li data-section-id=\"1geegw9\" data-start=\"1314\" data-end=\"1360\">Efikasno uklanja sitne mehani\u010dke ne\u010disto\u0107e<\/li>\n<li data-section-id=\"lyg8y8\" data-start=\"1361\" data-end=\"1409\">Produ\u017eava vek trajanja ure\u0111aja i instalacija<\/li>\n<li data-section-id=\"4tq907\" data-start=\"1410\" data-end=\"1435\">Otporan na hemikalije<\/li>\n<li data-section-id=\"1atwfgv\" data-start=\"1436\" data-end=\"1456\">Dug vek trajanja<\/li>\n<li data-section-id=\"wadyap\" data-start=\"1457\" data-end=\"1479\">Jednostavna zamena<\/li>\n<li data-section-id=\"14kwc5g\" data-start=\"1480\" data-end=\"1533\">Kompatibilan sa standardnim 10&#8243; ku\u0107i\u0161tima filtera<\/li>\n<\/ul>","protected":false},"excerpt":{"rendered":"<div class=\"flex flex-col text-sm\">\n<section class=\"text-token-text-primary w-full focus:outline-none [--shadow-height:45px] has-data-writing-block:pointer-events-none has-data-writing-block:-mt-(--shadow-height) has-data-writing-block:pt-(--shadow-height) [&amp;:has([data-writing-block])&gt;*]:pointer-events-auto scroll-mt-[calc(var(--header-height)+min(200px,max(70px,20svh)))]\" dir=\"auto\" data-turn-id=\"request-WEB:af023bb8-169b-466f-8f86-c2bc654181bb-7\" data-testid=\"conversation-turn-16\" data-scroll-anchor=\"true\" data-turn=\"assistant\">\n<div class=\"text-base my-auto mx-auto pb-10 [--thread-content-margin:var(--thread-content-margin-xs,calc(var(--spacing)*4))] @w-sm\/main:[--thread-content-margin:var(--thread-content-margin-sm,calc(var(--spacing)*6))] @w-lg\/main:[--thread-content-margin:var(--thread-content-margin-lg,calc(var(--spacing)*16))] px-(--thread-content-margin)\">\n<div class=\"[--thread-content-max-width:40rem] @w-lg\/main:[--thread-content-max-width:48rem] mx-auto max-w-(--thread-content-max-width) flex-1 group\/turn-messages focus-visible:outline-hidden relative flex w-full min-w-0 flex-col agent-turn\">\n<div class=\"flex max-w-full flex-col gap-4 grow\">\n<div class=\"min-h-8 text-message relative flex w-full flex-col items-end gap-2 text-start break-words whitespace-normal outline-none keyboard-focused:focus-ring [.text-message+&amp;]:mt-1\" dir=\"auto\" tabindex=\"0\" data-message-author-role=\"assistant\" data-message-id=\"f7c8a569-fef0-4f0a-99e4-44c55b7deb72\" data-message-model-slug=\"gpt-5-3\" data-turn-start-message=\"true\">\n<div class=\"flex w-full flex-col gap-1 empty:hidden\">\n<div class=\"markdown prose dark:prose-invert w-full wrap-break-word light markdown-new-styling\">\n<p data-start=\"1798\" data-end=\"2044\" data-is-last-node=\"\" data-is-only-node=\"\">Ulo\u017eak filtera konac 10&#8243; \u2013 5 mikrona od polipropilena namenjen je za mehani\u010dku filtraciju vode i uklanjanje peska, r\u0111e i sitnih ne\u010disto\u0107a. Idealan kao predfilter za za\u0161titu instalacija i ure\u0111aja, kompatibilan sa standardnim 10&#8243; ku\u0107i\u0161tima filtera.<\/p>\n<\/div>\n<\/div>\n<\/div>\n<\/div>\n<div class=\"z-0 flex min-h-[46px] justify-start\"><\/div>\n<div class=\"mt-3 w-full empty:hidden\">\n<div class=\"text-center\"><\/div>\n<\/div>\n<\/div>\n<\/div>\n<\/section>\n<\/div>\n<div class=\"pointer-events-none h-px w-px absolute bottom-0\" aria-hidden=\"true\" data-edge=\"true\"><\/div>\n","protected":false},"featured_media":27328,"template":"","meta":{"_seopress_robots_primary_cat":"none","_seopress_titles_title":"","_seopress_titles_desc":"","_seopress_robots_index":""},"product_brand":[5158],"product_cat":[5157],"product_tag":[],"class_list":{"0":"post-27325","1":"product","2":"type-product","3":"status-publish","4":"has-post-thumbnail","6":"product_brand-geyser","7":"product_cat-filteri-za-vodu","9":"first","10":"instock","11":"shipping-taxable","12":"purchasable","13":"product-type-simple"},"_links":{"self":[{"href":"http:\/\/grejanjesrbija.com\/ru\/wp-json\/wp\/v2\/product\/27325","targetHints":{"allow":["GET"]}}],"collection":[{"href":"http:\/\/grejanjesrbija.com\/ru\/wp-json\/wp\/v2\/product"}],"about":[{"href":"http:\/\/grejanjesrbija.com\/ru\/wp-json\/wp\/v2\/types\/product"}],"wp:featuredmedia":[{"embeddable":true,"href":"http:\/\/grejanjesrbija.com\/ru\/wp-json\/wp\/v2\/media\/27328"}],"wp:attachment":[{"href":"http:\/\/grejanjesrbija.com\/ru\/wp-json\/wp\/v2\/media?parent=27325"}],"wp:term":[{"taxonomy":"product_brand","embeddable":true,"href":"http:\/\/grejanjesrbija.com\/ru\/wp-json\/wp\/v2\/product_brand?post=27325"},{"taxonomy":"product_cat","embeddable":true,"href":"http:\/\/grejanjesrbija.com\/ru\/wp-json\/wp\/v2\/product_cat?post=27325"},{"taxonomy":"product_tag","embeddable":true,"href":"http:\/\/grejanjesrbija.com\/ru\/wp-json\/wp\/v2\/product_tag?post=27325"}],"curies":[{"name":"wp","href":"https:\/\/api.w.org\/{rel}","templated":true}]}}