{"id":27329,"date":"2026-04-03T10:15:48","date_gmt":"2026-04-03T08:15:48","guid":{"rendered":"https:\/\/grejanjesrbija.com\/?post_type=product&#038;p=27329"},"modified":"2026-04-03T10:24:43","modified_gmt":"2026-04-03T08:24:43","slug":"ulozak-filtera-za-vodu-mrezica","status":"publish","type":"product","link":"http:\/\/grejanjesrbija.com\/ru\/proizvod\/ulozak-filtera-za-vodu-mrezica\/","title":{"rendered":"\u0424\u0438\u043b\u044c\u0442\u0440\u0443\u044e\u0449\u0438\u0439 \u043a\u0430\u0440\u0442\u0440\u0438\u0434\u0436 \u0434\u043b\u044f \u0432\u043e\u0434\u044b \u2013 \u0441\u0435\u0442\u0447\u0430\u0442\u044b\u0439"},"content":{"rendered":"<h2 data-section-id=\"p7pfg2\" data-start=\"47\" data-end=\"110\"><strong>Ulo\u017eak filtera za vodu mre\u017eica 10&#8243; \u2013 perivi mehani\u010dki filter<\/strong><\/h2>\n<p data-start=\"112\" data-end=\"467\">Ulo\u017eak filtera za vodu mre\u017eica 10&#8243; namenjen je za mehani\u010dku filtraciju vode i uklanjanje krupnijih ne\u010disto\u0107a kao \u0161to su pesak, r\u0111a, kamenac, mulj i druge mehani\u010dke \u010destice iz vodovodne ili bunarske vode. Ovaj tip filter ulo\u0161ka ima mre\u017eastu strukturu i mo\u017ee se prati i koristiti vi\u0161e puta, \u0161to ga \u010dini ekonomi\u010dnim i dugotrajnim re\u0161enjem za filtraciju vode.<\/p>\n<p data-start=\"469\" data-end=\"773\">Mre\u017easti filter ulo\u017eak 10&#8243; koristi se kao prvi stepen filtracije \u2013 predfilter, kako bi za\u0161titio vodovodne instalacije, pumpe, bojlere, ve\u0161 ma\u0161ine, sudoma\u0161ine, slavine i druge ure\u0111aje od mehani\u010dkih ne\u010disto\u0107a. Nakon zaprljanja, ulo\u017eak se jednostavno vadi iz ku\u0107i\u0161ta filtera, ispira vodom i vra\u0107a u ku\u0107i\u0161te.<\/p>\n<p data-start=\"775\" data-end=\"882\">Kompatibilan je sa standardnim ku\u0107i\u0161tima filtera dimenzije 10&#8243;, \u0161to omogu\u0107ava jednostavnu monta\u017eu i zamenu.<\/p>\n<h3 data-section-id=\"oqh3hm\" data-start=\"1270\" data-end=\"1283\"><strong>\u041f\u0440\u0435\u0438\u043c\u0443\u0449\u0435\u0441\u0442\u0432\u0430<\/strong><\/h3>\n<ul data-start=\"1285\" data-end=\"1522\">\n<li data-section-id=\"1lvzgpm\" data-start=\"1285\" data-end=\"1331\">Perivi filter ulo\u017eak \u2013 vi\u0161ekratna upotreba<\/li>\n<li data-section-id=\"vq4lkg\" data-start=\"1332\" data-end=\"1365\">Efikasna mehani\u010dka filtracija<\/li>\n<li data-section-id=\"1u4rujz\" data-start=\"1366\" data-end=\"1402\">Smanjuje tro\u0161kove zamene filtera<\/li>\n<li data-section-id=\"r2ddu1\" data-start=\"1403\" data-end=\"1447\">Jednostavno odr\u017eavanje \u2013 ispira se vodom<\/li>\n<li data-section-id=\"1atwfgv\" data-start=\"1448\" data-end=\"1468\">Dug vek trajanja<\/li>\n<li data-section-id=\"14kwc5g\" data-start=\"1469\" data-end=\"1522\">Kompatibilan sa standardnim 10&#8243; ku\u0107i\u0161tima filtera<\/li>\n<\/ul>","protected":false},"excerpt":{"rendered":"<div class=\"flex flex-col text-sm\">\n<section class=\"text-token-text-primary w-full focus:outline-none [--shadow-height:45px] has-data-writing-block:pointer-events-none has-data-writing-block:-mt-(--shadow-height) has-data-writing-block:pt-(--shadow-height) [&amp;:has([data-writing-block])&gt;*]:pointer-events-auto scroll-mt-[calc(var(--header-height)+min(200px,max(70px,20svh)))]\" dir=\"auto\" data-turn-id=\"request-WEB:af023bb8-169b-466f-8f86-c2bc654181bb-8\" data-testid=\"conversation-turn-18\" data-scroll-anchor=\"true\" data-turn=\"assistant\">\n<div class=\"text-base my-auto mx-auto pb-10 [--thread-content-margin:var(--thread-content-margin-xs,calc(var(--spacing)*4))] @w-sm\/main:[--thread-content-margin:var(--thread-content-margin-sm,calc(var(--spacing)*6))] @w-lg\/main:[--thread-content-margin:var(--thread-content-margin-lg,calc(var(--spacing)*16))] px-(--thread-content-margin)\">\n<div class=\"[--thread-content-max-width:40rem] @w-lg\/main:[--thread-content-max-width:48rem] mx-auto max-w-(--thread-content-max-width) flex-1 group\/turn-messages focus-visible:outline-hidden relative flex w-full min-w-0 flex-col agent-turn\">\n<div class=\"flex max-w-full flex-col gap-4 grow\">\n<div class=\"min-h-8 text-message relative flex w-full flex-col items-end gap-2 text-start break-words whitespace-normal outline-none keyboard-focused:focus-ring [.text-message+&amp;]:mt-1\" dir=\"auto\" tabindex=\"0\" data-message-author-role=\"assistant\" data-message-id=\"c42ea1d7-374c-4830-9885-74e333448991\" data-message-model-slug=\"gpt-5-3\" data-turn-start-message=\"true\">\n<div class=\"flex w-full flex-col gap-1 empty:hidden\">\n<div class=\"markdown prose dark:prose-invert w-full wrap-break-word light markdown-new-styling\">\n<p data-start=\"1750\" data-end=\"2044\" data-is-last-node=\"\" data-is-only-node=\"\">Ulo\u017eak filtera za vodu mre\u017eica 10&#8243; je perivi mehani\u010dki filter za uklanjanje peska, r\u0111e i krupnih ne\u010disto\u0107a iz vode. Namenjen je kao predfilter za za\u0161titu instalacija i ure\u0111aja, a kompatibilan je sa standardnim 10&#8243; ku\u0107i\u0161tima filtera. Dugotrajan i ekonomi\u010dan filter ulo\u017eak za vi\u0161ekratnu upotrebu.<\/p>\n<\/div>\n<\/div>\n<\/div>\n<\/div>\n<div class=\"z-0 flex min-h-[46px] justify-start\"><\/div>\n<div class=\"mt-3 w-full empty:hidden\">\n<div class=\"text-center\"><\/div>\n<\/div>\n<\/div>\n<\/div>\n<\/section>\n<\/div>\n<div class=\"pointer-events-none h-px w-px absolute bottom-0\" aria-hidden=\"true\" data-edge=\"true\"><\/div>\n","protected":false},"featured_media":27332,"template":"","meta":{"_seopress_robots_primary_cat":"none","_seopress_titles_title":"","_seopress_titles_desc":"","_seopress_robots_index":""},"product_brand":[5158],"product_cat":[5157],"product_tag":[],"class_list":{"0":"post-27329","1":"product","2":"type-product","3":"status-publish","4":"has-post-thumbnail","6":"product_brand-geyser","7":"product_cat-filteri-za-vodu","9":"first","10":"instock","11":"shipping-taxable","12":"purchasable","13":"product-type-simple"},"_links":{"self":[{"href":"http:\/\/grejanjesrbija.com\/ru\/wp-json\/wp\/v2\/product\/27329","targetHints":{"allow":["GET"]}}],"collection":[{"href":"http:\/\/grejanjesrbija.com\/ru\/wp-json\/wp\/v2\/product"}],"about":[{"href":"http:\/\/grejanjesrbija.com\/ru\/wp-json\/wp\/v2\/types\/product"}],"wp:featuredmedia":[{"embeddable":true,"href":"http:\/\/grejanjesrbija.com\/ru\/wp-json\/wp\/v2\/media\/27332"}],"wp:attachment":[{"href":"http:\/\/grejanjesrbija.com\/ru\/wp-json\/wp\/v2\/media?parent=27329"}],"wp:term":[{"taxonomy":"product_brand","embeddable":true,"href":"http:\/\/grejanjesrbija.com\/ru\/wp-json\/wp\/v2\/product_brand?post=27329"},{"taxonomy":"product_cat","embeddable":true,"href":"http:\/\/grejanjesrbija.com\/ru\/wp-json\/wp\/v2\/product_cat?post=27329"},{"taxonomy":"product_tag","embeddable":true,"href":"http:\/\/grejanjesrbija.com\/ru\/wp-json\/wp\/v2\/product_tag?post=27329"}],"curies":[{"name":"wp","href":"https:\/\/api.w.org\/{rel}","templated":true}]}}