{"id":27333,"date":"2026-04-03T10:21:16","date_gmt":"2026-04-03T08:21:16","guid":{"rendered":"https:\/\/grejanjesrbija.com\/?post_type=product&#038;p=27333"},"modified":"2026-04-03T10:25:37","modified_gmt":"2026-04-03T08:25:37","slug":"ulozak-filtera-za-vodu-ugalj","status":"publish","type":"product","link":"http:\/\/grejanjesrbija.com\/ru\/proizvod\/ulozak-filtera-za-vodu-ugalj\/","title":{"rendered":"\u0424\u0438\u043b\u044c\u0442\u0440\u0443\u044e\u0449\u0438\u0439 \u043a\u0430\u0440\u0442\u0440\u0438\u0434\u0436 \u0434\u043b\u044f \u0432\u043e\u0434\u044b \u2013 \u0443\u0433\u043e\u043b\u044c\u043d\u044b\u0439"},"content":{"rendered":"<h2 data-section-id=\"1kbokyv\" data-start=\"47\" data-end=\"127\"><strong>Ulo\u017eak filtera 10&#8243; \u2013 Karbon blok CBC1 10SL \u2013 uklanjanje hlora, mirisa i ukusa<\/strong><\/h2>\n<p data-start=\"129\" data-end=\"461\">Ulo\u017eak filtera 10&#8243; Ugalj &#8211;\u00a0 Karbon blok CBC1 10SL namenjen je za efikasnu filtraciju vode uklanjanjem hlora, neprijatnih mirisa i ukusa, kao i sitnih mehani\u010dkih ne\u010disto\u0107a. Izra\u0111en od kompresovanog aktivnog uglja (carbon block), ovaj filter ulo\u017eak obezbe\u0111uje visok stepen pre\u010di\u0161\u0107avanja vode i pobolj\u0161ava njen kvalitet za svakodnevnu upotrebu.<\/p>\n<p data-start=\"463\" data-end=\"766\">Karbon blok tehnologija omogu\u0107ava bolju filtraciju u odnosu na klasi\u010dne granularne ulo\u0161ke, jer zadr\u017eava sitnije \u010destice i efikasnije uklanja hemijske ne\u010disto\u0107e. Ovaj ulo\u017eak je idealan za kori\u0161\u0107enje u sistemima za pripremu pija\u0107e vode, kao i za za\u0161titu instalacija i ure\u0111aja od \u0161tetnih supstanci iz vode.<\/p>\n<p data-start=\"768\" data-end=\"915\">Ulo\u017eak je kompatibilan sa standardnim ku\u0107i\u0161tima filtera dimenzije 10&#8243; Slim Line i koristi se kao drugi stepen filtracije, nakon mehani\u010dkog filtera.<\/p>\n<h3 data-section-id=\"oqh3hm\" data-start=\"1285\" data-end=\"1298\">\u041f\u0440\u0435\u0438\u043c\u0443\u0449\u0435\u0441\u0442\u0432\u0430<\/h3>\n<ul data-start=\"1300\" data-end=\"1567\">\n<li data-section-id=\"1e1ydwk\" data-start=\"1300\" data-end=\"1341\">Efikasno uklanja hlor, mirise i ukuse<\/li>\n<li data-section-id=\"rgvs9\" data-start=\"1342\" data-end=\"1399\">Karbon blok (CBC) tehnologija \u2013 preciznija filtracija<\/li>\n<li data-section-id=\"jl47we\" data-start=\"1400\" data-end=\"1435\">Pobolj\u0161ava kvalitet i ukus vode<\/li>\n<li data-section-id=\"1yjfr8o\" data-start=\"1436\" data-end=\"1474\">Zadr\u017eava sitne mehani\u010dke ne\u010disto\u0107e<\/li>\n<li data-section-id=\"1atwfgv\" data-start=\"1475\" data-end=\"1495\">Dug vek trajanja<\/li>\n<li data-section-id=\"wadyap\" data-start=\"1496\" data-end=\"1518\">Jednostavna zamena<\/li>\n<li data-section-id=\"5hct5m\" data-start=\"1519\" data-end=\"1567\">Kompatibilan sa standardnim 10&#8243; SL ku\u0107i\u0161tima<\/li>\n<\/ul>","protected":false},"excerpt":{"rendered":"<div class=\"flex flex-col text-sm\">\n<section class=\"text-token-text-primary w-full focus:outline-none [--shadow-height:45px] has-data-writing-block:pointer-events-none has-data-writing-block:-mt-(--shadow-height) has-data-writing-block:pt-(--shadow-height) [&amp;:has([data-writing-block])&gt;*]:pointer-events-auto scroll-mt-[calc(var(--header-height)+min(200px,max(70px,20svh)))]\" dir=\"auto\" data-turn-id=\"request-WEB:af023bb8-169b-466f-8f86-c2bc654181bb-9\" data-testid=\"conversation-turn-20\" data-scroll-anchor=\"true\" data-turn=\"assistant\">\n<div class=\"text-base my-auto mx-auto pb-10 [--thread-content-margin:var(--thread-content-margin-xs,calc(var(--spacing)*4))] @w-sm\/main:[--thread-content-margin:var(--thread-content-margin-sm,calc(var(--spacing)*6))] @w-lg\/main:[--thread-content-margin:var(--thread-content-margin-lg,calc(var(--spacing)*16))] px-(--thread-content-margin)\">\n<div class=\"[--thread-content-max-width:40rem] @w-lg\/main:[--thread-content-max-width:48rem] mx-auto max-w-(--thread-content-max-width) flex-1 group\/turn-messages focus-visible:outline-hidden relative flex w-full min-w-0 flex-col agent-turn\">\n<div class=\"flex max-w-full flex-col gap-4 grow\">\n<div class=\"min-h-8 text-message relative flex w-full flex-col items-end gap-2 text-start break-words whitespace-normal outline-none keyboard-focused:focus-ring [.text-message+&amp;]:mt-1\" dir=\"auto\" tabindex=\"0\" data-message-author-role=\"assistant\" data-message-id=\"754f0aa4-bf9e-4589-a6cc-7e4a36aca2d8\" data-message-model-slug=\"gpt-5-3\" data-turn-start-message=\"true\">\n<div class=\"flex w-full flex-col gap-1 empty:hidden\">\n<div class=\"markdown prose dark:prose-invert w-full wrap-break-word light markdown-new-styling\">\n<p data-start=\"1842\" data-end=\"2082\" data-is-last-node=\"\" data-is-only-node=\"\">Ulo\u017eak filtera 10&#8243; Karbon blok CBC1 10SL efikasno uklanja hlor, neprijatne mirise i ukuse iz vode, uz dodatnu mehani\u010dku filtraciju sitnih \u010destica. Idealan za pripremu pija\u0107e vode, kompatibilan sa standardnim 10&#8243; Slim Line ku\u0107i\u0161tima filtera.<\/p>\n<\/div>\n<\/div>\n<\/div>\n<\/div>\n<div class=\"z-0 flex min-h-[46px] justify-start\"><\/div>\n<div class=\"mt-3 w-full empty:hidden\">\n<div class=\"text-center\"><\/div>\n<\/div>\n<\/div>\n<\/div>\n<\/section>\n<\/div>\n<div class=\"pointer-events-none h-px w-px absolute bottom-0\" aria-hidden=\"true\" data-edge=\"true\"><\/div>\n","protected":false},"featured_media":27336,"template":"","meta":{"_seopress_robots_primary_cat":"none","_seopress_titles_title":"","_seopress_titles_desc":"","_seopress_robots_index":""},"product_brand":[5158],"product_cat":[5157],"product_tag":[],"class_list":{"0":"post-27333","1":"product","2":"type-product","3":"status-publish","4":"has-post-thumbnail","6":"product_brand-geyser","7":"product_cat-filteri-za-vodu","9":"first","10":"instock","11":"shipping-taxable","12":"purchasable","13":"product-type-simple"},"_links":{"self":[{"href":"http:\/\/grejanjesrbija.com\/ru\/wp-json\/wp\/v2\/product\/27333","targetHints":{"allow":["GET"]}}],"collection":[{"href":"http:\/\/grejanjesrbija.com\/ru\/wp-json\/wp\/v2\/product"}],"about":[{"href":"http:\/\/grejanjesrbija.com\/ru\/wp-json\/wp\/v2\/types\/product"}],"wp:featuredmedia":[{"embeddable":true,"href":"http:\/\/grejanjesrbija.com\/ru\/wp-json\/wp\/v2\/media\/27336"}],"wp:attachment":[{"href":"http:\/\/grejanjesrbija.com\/ru\/wp-json\/wp\/v2\/media?parent=27333"}],"wp:term":[{"taxonomy":"product_brand","embeddable":true,"href":"http:\/\/grejanjesrbija.com\/ru\/wp-json\/wp\/v2\/product_brand?post=27333"},{"taxonomy":"product_cat","embeddable":true,"href":"http:\/\/grejanjesrbija.com\/ru\/wp-json\/wp\/v2\/product_cat?post=27333"},{"taxonomy":"product_tag","embeddable":true,"href":"http:\/\/grejanjesrbija.com\/ru\/wp-json\/wp\/v2\/product_tag?post=27333"}],"curies":[{"name":"wp","href":"https:\/\/api.w.org\/{rel}","templated":true}]}}