{"id":27339,"date":"2026-04-03T10:50:05","date_gmt":"2026-04-03T08:50:05","guid":{"rendered":"https:\/\/grejanjesrbija.com\/?post_type=product&#038;p=27339"},"modified":"2026-04-03T10:50:06","modified_gmt":"2026-04-03T08:50:06","slug":"ulozak-filtera-za-vodu-kristali","status":"publish","type":"product","link":"http:\/\/grejanjesrbija.com\/ru\/proizvod\/ulozak-filtera-za-vodu-kristali\/","title":{"rendered":"\u0424\u0438\u043b\u044c\u0442\u0440\u0443\u044e\u0449\u0438\u0439 \u043a\u0430\u0440\u0442\u0440\u0438\u0434\u0436 \u0434\u043b\u044f \u0432\u043e\u0434\u044b \u2013 \u041a\u0440\u0438\u0441\u0442\u0430\u043b\u043b\u044b"},"content":{"rendered":"<h2 data-section-id=\"1ipqsj6\" data-start=\"49\" data-end=\"113\"><strong>Ulo\u017eak filtera 10&#8243; \u2013 Kristali polifosfat \u2013 za\u0161tita od kamenca<\/strong><\/h2>\n<p data-start=\"115\" data-end=\"409\">Ulo\u017eak filtera 10&#8243; sa kristalima polifosfata namenjen je za prevenciju nakupljanja kamenca u vodovodnim instalacijama i ure\u0111ajima. Polifosfat deluje tako \u0161to se otapa u vodi i formira za\u0161titni sloj na metalnim povr\u0161inama, spre\u010davaju\u0107i talo\u017eenje kalcijuma i magnezijuma, koji uzrokuju kamenac.<\/p>\n<p data-start=\"411\" data-end=\"710\">Ovaj filter ulo\u017eak je idealan za kori\u0161\u0107enje u ku\u0107nim i industrijskim sistemima gde je potrebna za\u0161tita kotlova, bojlera, slavina, tu\u0161eva, ma\u0161ina za pranje ve\u0161a i sudova, kao i pumpi i cevi. Kompatibilan je sa standardnim ku\u0107i\u0161tima filtera dimenzije 10&#8243;, \u0161to omogu\u0107ava jednostavnu monta\u017eu i zamenu.<\/p>\n<h3 data-section-id=\"oqh3hm\" data-start=\"1134\" data-end=\"1147\">\u041f\u0440\u0435\u0438\u043c\u0443\u0449\u0435\u0441\u0442\u0432\u0430<\/h3>\n<ul data-start=\"1149\" data-end=\"1371\">\n<li data-section-id=\"177v1pf\" data-start=\"1149\" data-end=\"1180\">Efikasna za\u0161tita od kamenca<\/li>\n<li data-section-id=\"lyg8y8\" data-start=\"1181\" data-end=\"1229\">Produ\u017eava vek trajanja ure\u0111aja i instalacija<\/li>\n<li data-section-id=\"14kwc5g\" data-start=\"1230\" data-end=\"1283\">Kompatibilan sa standardnim 10&#8243; ku\u0107i\u0161tima filtera<\/li>\n<li data-section-id=\"1mlc51q\" data-start=\"1284\" data-end=\"1316\">Jednostavna zamena i monta\u017ea<\/li>\n<li data-section-id=\"19vk66v\" data-start=\"1317\" data-end=\"1371\">Ekonomi\u010dan i pouzdan ulo\u017eak za vi\u0161ekratnu upotrebu<\/li>\n<\/ul>","protected":false},"excerpt":{"rendered":"<p data-start=\"1643\" data-end=\"1911\">Ulo\u017eak filtera 10&#8243; sa kristalima polifosfata efikasno \u0161titi vodovodne instalacije i ure\u0111aje od kamenca. Pogodan je za kotlove, bojlere, slavine, ma\u0161ine i pumpe, a kompatibilan je sa standardnim 10&#8243; ku\u0107i\u0161tima filtera. Idealno re\u0161enje za ku\u0107nu i industrijsku upotrebu.<\/p>","protected":false},"featured_media":27342,"template":"","meta":{"_seopress_robots_primary_cat":"","_seopress_titles_title":"","_seopress_titles_desc":"","_seopress_robots_index":""},"product_brand":[5158],"product_cat":[5157],"product_tag":[],"class_list":{"0":"post-27339","1":"product","2":"type-product","3":"status-publish","4":"has-post-thumbnail","6":"product_brand-geyser","7":"product_cat-filteri-za-vodu","9":"first","10":"instock","11":"shipping-taxable","12":"purchasable","13":"product-type-simple"},"_links":{"self":[{"href":"http:\/\/grejanjesrbija.com\/ru\/wp-json\/wp\/v2\/product\/27339","targetHints":{"allow":["GET"]}}],"collection":[{"href":"http:\/\/grejanjesrbija.com\/ru\/wp-json\/wp\/v2\/product"}],"about":[{"href":"http:\/\/grejanjesrbija.com\/ru\/wp-json\/wp\/v2\/types\/product"}],"wp:featuredmedia":[{"embeddable":true,"href":"http:\/\/grejanjesrbija.com\/ru\/wp-json\/wp\/v2\/media\/27342"}],"wp:attachment":[{"href":"http:\/\/grejanjesrbija.com\/ru\/wp-json\/wp\/v2\/media?parent=27339"}],"wp:term":[{"taxonomy":"product_brand","embeddable":true,"href":"http:\/\/grejanjesrbija.com\/ru\/wp-json\/wp\/v2\/product_brand?post=27339"},{"taxonomy":"product_cat","embeddable":true,"href":"http:\/\/grejanjesrbija.com\/ru\/wp-json\/wp\/v2\/product_cat?post=27339"},{"taxonomy":"product_tag","embeddable":true,"href":"http:\/\/grejanjesrbija.com\/ru\/wp-json\/wp\/v2\/product_tag?post=27339"}],"curies":[{"name":"wp","href":"https:\/\/api.w.org\/{rel}","templated":true}]}}