{"id":16012,"date":"2025-07-15T10:58:24","date_gmt":"2025-07-15T08:58:24","guid":{"rendered":"https:\/\/foxit-technology.com\/proizvod\/kotao-radijator-kraljevo-serija-k\/"},"modified":"2026-03-16T11:36:35","modified_gmt":"2026-03-16T10:36:35","slug":"kotao-radijator-kraljevo-serija-k","status":"publish","type":"product","link":"https:\/\/grejanjesrbija.com\/ru\/proizvod\/kotao-radijator-kraljevo-serija-k\/","title":{"rendered":"Kotao Radijator Kraljevo Serija K"},"content":{"rendered":"<h2 data-start=\"187\" data-end=\"242\">Kotao Radijator Kraljevo &#8211; Serija K<\/h2>\n<p data-start=\"243\" data-end=\"571\">Kotlovi <strong data-start=\"249\" data-end=\"280\">Radijator Kraljevo Serija K<\/strong> su trajno\u017eare\u0107i kotlovi na \u010dvrsto gorivo dizajnirani za pouzdano i efikasno grejanje stambenih i poslovnih objekata. Napravljeni su po robustnoj konstrukciji, sa vertikalnim izmenjiva\u010dima i tro-prolaznim sagorevanjem, \u0161to omogu\u0107ava visok stepen iskori\u0161\u0107enja i stabilan rad u zahtevnim uslovima. U zadnjem delu lo\u017ei\u0161ta postavljene su vatrostalne opeke od samotnog temperaturski akumuliraju\u0107eg materijala. One se zagrevaju na temperaturu koja je dovoljna da sagori ina\u010de te\u0161ko sagorive \u010destice u dimnim gasovima. Poseduju veliki spremnik za ogrev, tako da je mogu\u0107e celodnevno kori\u0161\u0107enje kotla sa jednim do dva punjenja.<br \/>\nNamenjeni su pre svega sagorevanju drveta \u010dime posti\u017eu jako veliki procenat iskori\u0161\u0107enja od preko 80%. Uz pridr\u017eavanje uputstava mo\u017ee se koristiti i ugalj, ali se kao i kod svih \u201ctrajno\u017eare\u0107ih\u201d kotolova mora voditi ra\u010duna o na\u010dinu punjenja.<\/p>\n<h3 data-start=\"578\" data-end=\"632\">Karakteristike i prednosti<\/h3>\n<ul>\n<li data-start=\"691\" data-end=\"778\">Tropromajni kotao visokog stepena iskori\u0161\u0107enja.<\/li>\n<li data-start=\"781\" data-end=\"858\">Temperaturni re\u017eim: 60 \u00b0C \/ 85 \u00b0C<\/li>\n<li data-start=\"861\" data-end=\"939\">Maksimalni radni pritisak: 3 bar<\/li>\n<li data-start=\"942\" data-end=\"1020\">Namenjen snagama od 18 kW do 50 kW<\/li>\n<li data-start=\"1023\" data-end=\"1176\">Kori\u0161\u0107eni materijali: limovi 4 i 5 mm \u010deli\u010dnog lima (kotlovski kvalitet C1204 \/ po JUS standardu \/ DIN standardu)<\/li>\n<li data-start=\"1179\" data-end=\"1312\">Dimnja\u010dki priklju\u010dci zavisno od snage; na primer: 160 mm kod 18 kW i 180 mm kod 25 kW modela.<\/li>\n<li data-start=\"1315\" data-end=\"1468\">Donje sagorevanje \u2013 lo\u017ei\u0161te velikih dimenzija koje omogu\u0107ava punjenje ogrevom do vrata lo\u017ei\u0161ta bez ga\u0161enja vatre.<\/li>\n<li data-start=\"1315\" data-end=\"1468\">Komfor u radu: velika vrata lo\u017ei\u0161ta i mogu\u0107nost jednog ili dva punjenja dnevno zahvaljuju\u0107i ve\u0107em spremniku goriva.<\/li>\n<\/ul>\n<h3 data-start=\"2611\" data-end=\"2664\">Za\u0161to izabrati Kotao Radijator Kraljevo Serija K?<\/h3>\n<p data-start=\"2666\" data-end=\"3069\">Odabirom kotla Serije K dobijate pouzdan, izdr\u017eljiv i efikasan kotao za grejanje na \u010dvrsto gorivo. Njegova konstrukcija omogu\u0107ava visoku energetsku iskoristivost, dug vek trajanja i jednostavan rad bez potrebe za \u010destim dopunama goriva. Ukoliko \u017eelite robustan kotao za grejanje cele ku\u0107e ili ve\u0107eg dela objekta sa minimalnim kompromisima u kvalitetu i performansama \u2014 Serija K predstavlja odli\u010dan izbor.<\/p>\n<p>&nbsp;<\/p>","protected":false},"excerpt":{"rendered":"<p>Odabirom kotla Serije K dobijate pouzdan, izdr\u017eljiv i efikasan kotao za grejanje na \u010dvrsto gorivo. Njegova konstrukcija omogu\u0107ava visoku energetsku iskoristivost, dug vek trajanja i jednostavan rad bez potrebe za \u010destim dopunama goriva.<\/p>","protected":false},"featured_media":16013,"template":"","meta":{"_seopress_robots_primary_cat":"none","_seopress_titles_title":"","_seopress_titles_desc":"Trajno\u017eare\u0107i \u010dvrsto-gorivni kotao Radijator Kraljevo Serija K \u2013 visoka efikasnost, robustna konstrukcija i izbor snaga od 18 kW do 80 kW. Idealan za pouzdano grejanje u ku\u0107ama i manjim poslovnim objektima.","_seopress_robots_index":""},"product_brand":[4197],"product_cat":[4193,4189],"product_tag":[],"class_list":{"0":"post-16012","1":"product","2":"type-product","3":"status-publish","4":"has-post-thumbnail","6":"product_brand-radijator-kraljevo","7":"product_cat-celicni-kotlovi","8":"product_cat-kotlovi-na-cvrsto-gorivo","10":"first","11":"instock","12":"purchasable","13":"product-type-variable","14":"has-default-attributes"},"_links":{"self":[{"href":"https:\/\/grejanjesrbija.com\/ru\/wp-json\/wp\/v2\/product\/16012","targetHints":{"allow":["GET"]}}],"collection":[{"href":"https:\/\/grejanjesrbija.com\/ru\/wp-json\/wp\/v2\/product"}],"about":[{"href":"https:\/\/grejanjesrbija.com\/ru\/wp-json\/wp\/v2\/types\/product"}],"wp:featuredmedia":[{"embeddable":true,"href":"https:\/\/grejanjesrbija.com\/ru\/wp-json\/wp\/v2\/media\/16013"}],"wp:attachment":[{"href":"https:\/\/grejanjesrbija.com\/ru\/wp-json\/wp\/v2\/media?parent=16012"}],"wp:term":[{"taxonomy":"product_brand","embeddable":true,"href":"https:\/\/grejanjesrbija.com\/ru\/wp-json\/wp\/v2\/product_brand?post=16012"},{"taxonomy":"product_cat","embeddable":true,"href":"https:\/\/grejanjesrbija.com\/ru\/wp-json\/wp\/v2\/product_cat?post=16012"},{"taxonomy":"product_tag","embeddable":true,"href":"https:\/\/grejanjesrbija.com\/ru\/wp-json\/wp\/v2\/product_tag?post=16012"}],"curies":[{"name":"wp","href":"https:\/\/api.w.org\/{rel}","templated":true}]}}