{"id":16018,"date":"2025-07-15T10:58:24","date_gmt":"2025-07-15T08:58:24","guid":{"rendered":"https:\/\/foxit-technology.com\/proizvod\/kotao-megal-tkm\/"},"modified":"2026-02-05T15:25:22","modified_gmt":"2026-02-05T14:25:22","slug":"kotao-megal-tkm","status":"publish","type":"product","link":"https:\/\/grejanjesrbija.com\/ru\/proizvod\/kotao-megal-tkm\/","title":{"rendered":"Kotao Megal TKM 18kw"},"content":{"rendered":"<h2 data-start=\"170\" data-end=\"218\"><strong data-start=\"174\" data-end=\"216\">Kotao Megal TKM &#8211; 18 kW\u00a0<\/strong><\/h2>\n<p data-start=\"219\" data-end=\"678\">Kotao <strong data-start=\"225\" data-end=\"244\">Megal TKM 18 kW<\/strong> je trajno\u017eare\u0107i kotao na \u010dvrsto gorivo sa troprovodnim sagorevanjem, namenjen grejanju manjih objekata. Projektovan je za lo\u017eenje drvima, srednjekalori\u010dnim ugljevima (granulacije ve\u0107e od 30 mm) i mo\u017ee se prilagoditi za rad sa drugim \u010dvrstim gorivima. <br data-start=\"533\" data-end=\"536\" \/>Idealno je re\u0161enje za korisnike koji tra\u017ee pouzdan, klasi\u010dan kotao sa jednostavnom konstrukcijom, a pritom dobrim performansama i efikasno\u0161\u0107u.<\/p>\n<h3 data-start=\"559\" data-end=\"590\"><strong data-start=\"563\" data-end=\"590\">\u0422\u0435\u0445\u043d\u0438\u0447\u0435\u0441\u043a\u0438\u0435 \u0445\u0430\u0440\u0430\u043a\u0442\u0435\u0440\u0438\u0441\u0442\u0438\u043a\u0438<\/strong><\/h3>\n<div class=\"_tableContainer_1rjym_1\">\n<div class=\"group _tableWrapper_1rjym_13 flex w-fit flex-col-reverse\" tabindex=\"-1\">\n<table class=\"w-fit min-w-(--thread-content-width)\" data-start=\"592\" data-end=\"1369\">\n<thead data-start=\"592\" data-end=\"621\">\n<tr data-start=\"592\" data-end=\"621\">\n<th data-start=\"592\" data-end=\"609\" data-col-size=\"sm\">Karakteristika<\/th>\n<th data-start=\"609\" data-end=\"621\" data-col-size=\"md\">Vrednost<\/th>\n<\/tr>\n<\/thead>\n<tbody data-start=\"632\" data-end=\"1369\">\n<tr data-start=\"632\" data-end=\"697\">\n<td data-start=\"632\" data-end=\"650\" data-col-size=\"sm\">Nominalna snaga<\/td>\n<td data-start=\"650\" data-end=\"697\" data-col-size=\"md\">18 \u043a\u0412\u0442<\/td>\n<\/tr>\n<tr data-start=\"698\" data-end=\"768\">\n<td data-start=\"698\" data-end=\"716\" data-col-size=\"sm\">Grejna povr\u0161ina<\/td>\n<td data-start=\"716\" data-end=\"768\" data-col-size=\"md\">70-120 m\u00b2<\/td>\n<\/tr>\n<tr data-start=\"769\" data-end=\"841\">\n<td data-start=\"769\" data-end=\"794\" data-col-size=\"sm\">Zapremina vode u kotlu<\/td>\n<td data-start=\"794\" data-end=\"841\" data-col-size=\"md\">\u00a092 l<\/td>\n<\/tr>\n<tr data-start=\"842\" data-end=\"927\">\n<td data-start=\"842\" data-end=\"866\" data-col-size=\"sm\">Dimenzije (D \u00d7 \u0160 \u00d7 V)<\/td>\n<td data-start=\"866\" data-end=\"927\" data-col-size=\"md\">994 \u00d7 480 \u00d7 1118 mm<\/td>\n<\/tr>\n<tr data-start=\"928\" data-end=\"989\">\n<td data-start=\"928\" data-end=\"941\" data-col-size=\"sm\">Masa kotla<\/td>\n<td data-start=\"941\" data-end=\"989\" data-col-size=\"md\">255 kg<\/td>\n<\/tr>\n<tr data-start=\"990\" data-end=\"1059\">\n<td data-start=\"990\" data-end=\"1009\" data-col-size=\"sm\">Pre\u010dnik dimovoda<\/td>\n<td data-start=\"1009\" data-end=\"1059\" data-col-size=\"md\">\u00d8 180 mm<\/td>\n<\/tr>\n<tr data-start=\"1060\" data-end=\"1140\">\n<td data-start=\"1060\" data-end=\"1088\" data-col-size=\"sm\">Maksimalni radni pritisak<\/td>\n<td data-start=\"1088\" data-end=\"1140\" data-col-size=\"md\">do 2,5 bar<\/td>\n<\/tr>\n<tr data-start=\"1141\" data-end=\"1211\">\n<td data-start=\"1141\" data-end=\"1163\" data-col-size=\"sm\">Stepen iskori\u0161\u0107enja<\/td>\n<td data-start=\"1163\" data-end=\"1211\" data-col-size=\"md\">&gt; 80 %<\/td>\n<\/tr>\n<tr data-start=\"1212\" data-end=\"1304\">\n<td data-start=\"1212\" data-end=\"1225\" data-col-size=\"sm\">Tip goriva<\/td>\n<td data-start=\"1225\" data-end=\"1304\" data-col-size=\"md\">Drva, ugalj<\/td>\n<\/tr>\n<tr data-start=\"1305\" data-end=\"1369\">\n<td data-start=\"1305\" data-end=\"1317\" data-col-size=\"sm\">Garancija<\/td>\n<td data-start=\"1317\" data-end=\"1369\" data-col-size=\"md\">5 godina<\/td>\n<\/tr>\n<\/tbody>\n<\/table>\n<\/div>\n<\/div>\n<h3 data-start=\"685\" data-end=\"718\"><strong style=\"font-size: 16px;\" data-start=\"1790\" data-end=\"1825\">Karakteristike i prednosti<\/strong><\/h3>\n<div class=\"_tableContainer_1rjym_1\">\n<div class=\"group _tableWrapper_1rjym_13 flex w-fit flex-col-reverse\" tabindex=\"-1\">\n<ul>\n<li data-start=\"1831\" data-end=\"1892\">Kompaktna snaga pogodna za manje objekte (ku\u0107e, vikendice).<\/li>\n<li data-start=\"1895\" data-end=\"1963\">Mogu\u0107nost rada na razli\u010dita \u010dvrsta goriva (drvo, ugljevni tipovi).<\/li>\n<li data-start=\"1966\" data-end=\"2055\">Konstrukcija koja smanjuje koroziju zahvaljuju\u0107i povratnoj vodi i hidrauli\u010dkom dizajnu.<\/li>\n<li data-start=\"2058\" data-end=\"2111\">Robusna konstrukcija i trajnost \u2014 trajno\u017eare\u0107i tip.<\/li>\n<li data-start=\"2114\" data-end=\"2185\">Relativno jednostavno odr\u017eavanje i servis zbog klasi\u010dne konstrukcije.<\/li>\n<li>Potpuno i \u010disto sagorevanje koje se odra\u017eava na visoki stepen korisnog dejstva kotla i na minimalnu emisiju \u0161tetnih gasova<\/li>\n<li>Dugo vreme gorenja jednog punjenja,kod punog optere\u0107enja preko 7 \u010dasova i vi\u0161e od 12 \u010dasova kod poluoptere\u0107enja<\/li>\n<li>Lo\u017eenje kroz velika posebna vrata<\/li>\n<li>Povra\u0107aj zagrejane vode a time i smanjivanje niskotemperaturne korozije.<\/li>\n<li>Ne dolaze cirkulaciona pumpa i ekspanziona posuda<\/li>\n<li>Garancija 5 godina<\/li>\n<\/ul>\n<h3 data-start=\"2461\" data-end=\"2505\"><strong data-start=\"2465\" data-end=\"2503\">Za\u0161to kupiti Kotao Megal TKM 18 kW?<\/strong><\/h3>\n<p data-start=\"2507\" data-end=\"2918\">Odabirom kotla Megal TKM 18 kW dobijate pouzdan i izdr\u017eljiv grejni ure\u0111aj koji koristi tradicionalnu tehnologiju sagorevanja, \u0161to ga \u010dini jednostavnim za odr\u017eavanje, a opet dovoljno mo\u0107nim za grejanje manjeg doma. Zahvaljuju\u0107i dobrom balansu snage, konstrukcije i cene, ovaj kotao predstavlja veoma prakti\u010dno re\u0161enje za korisnike kojima je va\u017eno da imaju dugoro\u010dni izvor toplote sa \u0161to manje komplikacija.<\/p>\n<\/div>\n<\/div>","protected":false},"excerpt":{"rendered":"<p data-start=\"2946\" data-end=\"3113\">Kotao Megal TKM 18 kW \u2013 trajno\u017eare\u0107i kotao na \u010dvrsto gorivo za drvo i ugalj, dizajniran za efikasno grejanje manjih objekata uz pouzdan rad i jednostavno odr\u017eavanje.<\/p>","protected":false},"featured_media":27065,"template":"","meta":{"_seopress_robots_primary_cat":"none","_seopress_titles_title":"","_seopress_titles_desc":"Kotao Megal TKM 18 kW \u2013 trajno\u017eare\u0107i kotao na \u010dvrsto gorivo za drvo i ugalj, dizajniran za efikasno grejanje manjih objekata uz pouzdan rad i jednostavno odr\u017eavanje.","_seopress_robots_index":""},"product_brand":[4198],"product_cat":[4193,4189],"product_tag":[],"class_list":{"0":"post-16018","1":"product","2":"type-product","3":"status-publish","4":"has-post-thumbnail","6":"product_brand-megal","7":"product_cat-celicni-kotlovi","8":"product_cat-kotlovi-na-cvrsto-gorivo","10":"first","11":"instock","12":"purchasable","13":"product-type-simple"},"_links":{"self":[{"href":"https:\/\/grejanjesrbija.com\/ru\/wp-json\/wp\/v2\/product\/16018","targetHints":{"allow":["GET"]}}],"collection":[{"href":"https:\/\/grejanjesrbija.com\/ru\/wp-json\/wp\/v2\/product"}],"about":[{"href":"https:\/\/grejanjesrbija.com\/ru\/wp-json\/wp\/v2\/types\/product"}],"wp:featuredmedia":[{"embeddable":true,"href":"https:\/\/grejanjesrbija.com\/ru\/wp-json\/wp\/v2\/media\/27065"}],"wp:attachment":[{"href":"https:\/\/grejanjesrbija.com\/ru\/wp-json\/wp\/v2\/media?parent=16018"}],"wp:term":[{"taxonomy":"product_brand","embeddable":true,"href":"https:\/\/grejanjesrbija.com\/ru\/wp-json\/wp\/v2\/product_brand?post=16018"},{"taxonomy":"product_cat","embeddable":true,"href":"https:\/\/grejanjesrbija.com\/ru\/wp-json\/wp\/v2\/product_cat?post=16018"},{"taxonomy":"product_tag","embeddable":true,"href":"https:\/\/grejanjesrbija.com\/ru\/wp-json\/wp\/v2\/product_tag?post=16018"}],"curies":[{"name":"wp","href":"https:\/\/api.w.org\/{rel}","templated":true}]}}