{"id":16024,"date":"2025-07-15T10:58:24","date_gmt":"2025-07-15T08:58:24","guid":{"rendered":"https:\/\/foxit-technology.com\/proizvod\/kotao-sukoplam-r\/"},"modified":"2026-03-16T11:38:04","modified_gmt":"2026-03-16T10:38:04","slug":"kotao-sukoplam-r","status":"publish","type":"product","link":"https:\/\/grejanjesrbija.com\/ru\/proizvod\/kotao-sukoplam-r\/","title":{"rendered":"Kotao \u0160ukoplam Serija R"},"content":{"rendered":"<h2 data-start=\"80\" data-end=\"125\">Kotao \u0160ukoplam &#8211; Serija R<\/h2>\n<p data-start=\"127\" data-end=\"541\"><strong data-start=\"127\" data-end=\"154\">Kotao \u0160ukoplam Serija R<\/strong> je \u010deli\u010dni toplovodni kotao namenjen za sagorevanje \u010dvrstih goriva poput drveta, uglja i briketa. Ova serija kotlova projektovana je tako da obezbedi visoku efikasnost, jednostavno odr\u017eavanje i dug radni vek.<br data-start=\"363\" data-end=\"366\" \/>Konstrukcija je izra\u0111ena od kvalitetnog kotlovskog \u010delika, sa troprolaznim vo\u0111enjem dimnih gasova, \u0161to omogu\u0107ava maksimalno iskori\u0161\u0107enje toplote i smanjene gubitke energije. Srednja vrata kotla su opremljena otvorom za ugradnju gorionika na pelet, mazut ili gas, \u0161to prakti\u010dno daje kotlu raznovrsnost za sagorevanje razli\u010ditih goriva kao i vrlo laku promenu tipa goriva koje se koristi. Kosntrukcija kotla je u potpunosti uskla\u0111ena sa evropskim pa i srpskim standardom SRPS EN 303-5.<\/p>\n<p data-start=\"127\" data-end=\"541\">Kotao je namenjen za proizvodnju tople vode u radnim re\u017eimima 110\/90\u00baC kao i 90\/70\u00baC sa maksimalnim radnim pritiskom od 2,5bar-a.<\/p>\n<h3 data-start=\"733\" data-end=\"781\">Karakteristike i prednosti<\/h3>\n<ul>\n<li>Predvi\u0111eni za lo\u017eenje drveta i uglja, uz mogu\u0107nost ugradnje gorionika na pelet, gas ili ulje kod ve\u0107ih modela.<\/li>\n<li>Efikasnost sagorevanja prelazi 80 %, \u0161to kotao svrstava u energetski nivo A.<\/li>\n<li>Priklju\u010dci za dimnjak zavise od snage kotla i naj\u010de\u0161\u0107e su u pre\u010dniku \u00d8140 mm do \u00d8200 mm.<\/li>\n<li data-start=\"1433\" data-end=\"1514\">Visok stepen iskori\u0161\u0107enja zahvaljuju\u0107i troprolaznoj konstrukciji dimnih gasova.<\/li>\n<li data-start=\"1517\" data-end=\"1619\">Izra\u0111eni od kvalitetnog \u010delika (debljine 5 mm) za dug vek trajanja i otpornost na visoke temperature.<\/li>\n<li data-start=\"1622\" data-end=\"1693\">Velika vrata i prostrano lo\u017ei\u0161te omogu\u0107avaju lako lo\u017eenje i \u010di\u0161\u0107enje.<\/li>\n<li data-start=\"1696\" data-end=\"1773\">Jednostavno rukovanje, minimalno odr\u017eavanje i stabilan rad u svim re\u017eimima.<\/li>\n<li data-start=\"1696\" data-end=\"1773\">Garancija 5 godina<\/li>\n<\/ul>\n<h3 data-start=\"2141\" data-end=\"2182\">Za\u0161to kupiti Kotao \u0160ukoplam Serija R?<\/h3>\n<p data-start=\"2184\" data-end=\"2570\">Kupovinom kotla iz serije \u0160ukoplam R dobijate pouzdan i efikasan sistem grejanja koji kombinuje tradicionalnu izradu sa modernim re\u0161enjima sagorevanja. Ovi kotlovi su dugotrajni, ekonomi\u010dni i omogu\u0107avaju stabilno grejanje uz mogu\u0107nost prilago\u0111avanja razli\u010ditim vrstama goriva.<br data-start=\"2464\" data-end=\"2467\" \/>Savr\u0161en izbor za korisnike koji \u017eele jednostavan, robustan i ekonomi\u010dan kotao doma\u0107e proizvodnje.<\/p>","protected":false},"excerpt":{"rendered":"<p>Kupovinom kotla iz serije \u0160ukoplam R dobijate pouzdan i efikasan sistem grejanja koji kombinuje tradicionalnu izradu sa modernim re\u0161enjima sagorevanja. Ovi kotlovi su dugotrajni, ekonomi\u010dni i omogu\u0107avaju stabilno grejanje uz mogu\u0107nost prilago\u0111avanja razli\u010ditim vrstama goriva.<\/p>","protected":false},"featured_media":25047,"template":"","meta":{"_seopress_robots_primary_cat":"none","_seopress_titles_title":"","_seopress_titles_desc":"Kotao \u0160ukoplam Serija R \u2013 \u010deli\u010dni kotao na \u010dvrsto gorivo snage 15\u201350 kW, visokog stepena iskori\u0161\u0107enja, jednostavan za upotrebu i dugotrajan. Idealno re\u0161enje za porodi\u010dne ku\u0107e i poslovne objekte.","_seopress_robots_index":""},"product_brand":[4200],"product_cat":[4193,4189],"product_tag":[],"class_list":{"0":"post-16024","1":"product","2":"type-product","3":"status-publish","4":"has-post-thumbnail","6":"product_brand-sukom","7":"product_cat-celicni-kotlovi","8":"product_cat-kotlovi-na-cvrsto-gorivo","10":"first","11":"instock","12":"purchasable","13":"product-type-variable","14":"has-default-attributes"},"_links":{"self":[{"href":"https:\/\/grejanjesrbija.com\/ru\/wp-json\/wp\/v2\/product\/16024","targetHints":{"allow":["GET"]}}],"collection":[{"href":"https:\/\/grejanjesrbija.com\/ru\/wp-json\/wp\/v2\/product"}],"about":[{"href":"https:\/\/grejanjesrbija.com\/ru\/wp-json\/wp\/v2\/types\/product"}],"wp:featuredmedia":[{"embeddable":true,"href":"https:\/\/grejanjesrbija.com\/ru\/wp-json\/wp\/v2\/media\/25047"}],"wp:attachment":[{"href":"https:\/\/grejanjesrbija.com\/ru\/wp-json\/wp\/v2\/media?parent=16024"}],"wp:term":[{"taxonomy":"product_brand","embeddable":true,"href":"https:\/\/grejanjesrbija.com\/ru\/wp-json\/wp\/v2\/product_brand?post=16024"},{"taxonomy":"product_cat","embeddable":true,"href":"https:\/\/grejanjesrbija.com\/ru\/wp-json\/wp\/v2\/product_cat?post=16024"},{"taxonomy":"product_tag","embeddable":true,"href":"https:\/\/grejanjesrbija.com\/ru\/wp-json\/wp\/v2\/product_tag?post=16024"}],"curies":[{"name":"wp","href":"https:\/\/api.w.org\/{rel}","templated":true}]}}