{"id":16064,"date":"2025-07-15T10:58:35","date_gmt":"2025-07-15T08:58:35","guid":{"rendered":"https:\/\/foxit-technology.com\/proizvod\/suvi-kamin-na-pelet-mareli-ps\/"},"modified":"2026-03-16T13:11:47","modified_gmt":"2026-03-16T12:11:47","slug":"suvi-kamin-na-pelet-mareli-ps","status":"publish","type":"product","link":"https:\/\/grejanjesrbija.com\/ru\/proizvod\/suvi-kamin-na-pelet-mareli-ps\/","title":{"rendered":"Suvi kamin na pelet Mareli PS 8 kW"},"content":{"rendered":"<h2>Suvi kamin na pelet Mareli PS <strong data-start=\"167\" data-end=\"185\">8 kW<\/strong><\/h2>\n<p data-start=\"145\" data-end=\"453\"><strong data-start=\"167\" data-end=\"185\">Mareli PS 8 kW<\/strong> predstavljaju efikasno i prakti\u010dno re\u0161enje za brzo i ravnomerno grejanje prostorija toplim vazduhom. Ovi kamini su idealni za manje i srednje prostorije, sa visokim stepenom iskori\u0161\u0107enja od <strong data-start=\"376\" data-end=\"383\">92%<\/strong>, \u0161to garantuje maksimalnu efikasnost i ekonomi\u010dnu potro\u0161nju peleta.<\/p>\n<p data-start=\"455\" data-end=\"783\">Kamin je opremljen <strong data-start=\"474\" data-end=\"510\">meni kontrolom na srpskom jeziku<\/strong>, <strong data-start=\"512\" data-end=\"524\">tajmerom<\/strong> i mogu\u0107no\u0161\u0107u pode\u0161avanja <strong data-start=\"550\" data-end=\"578\">5 razli\u010ditih nivoa snage<\/strong>, \u0161to omogu\u0107ava precizno pode\u0161avanje toplote prema potrebama korisnika. Ugra\u0111eni <strong data-start=\"659\" data-end=\"688\">ventilator toplog vazduha<\/strong> omogu\u0107ava brzo dostizanje zadate temperature, \u010dime se prostor zagreva efikasno i ravnomerno.<\/p>\n<p data-start=\"785\" data-end=\"957\">Ovi kamini su dostupni u <strong data-start=\"810\" data-end=\"833\">crvenoj,crnoj,sivoj i krem boji<\/strong>, sa snagama <strong data-start=\"846\" data-end=\"862\">8 kW ,10 kW i 12kW<\/strong>, i dimnjakom pre\u010dnika <strong data-start=\"885\" data-end=\"897\">fi 80 mm<\/strong>, \u0161to olak\u0161ava instalaciju u razli\u010ditim tipovima prostora.<\/p>\n<h3 data-start=\"959\" data-end=\"1004\"><strong data-start=\"959\" data-end=\"1002\">Prednosti Sobnih kamina Mareli PS 8 kW:<\/strong><\/h3>\n<ul data-start=\"1005\" data-end=\"1294\">\n<li data-start=\"1005\" data-end=\"1049\">\n<p data-start=\"1007\" data-end=\"1049\">Efikasno i brzo grejanje toplim vazduhom<\/p>\n<\/li>\n<li data-start=\"1050\" data-end=\"1077\">\n<p data-start=\"1052\" data-end=\"1077\">Stepen iskori\u0161\u0107enja 92%<\/p>\n<\/li>\n<li data-start=\"1078\" data-end=\"1140\">\n<p data-start=\"1080\" data-end=\"1140\">Meni na srpskom jeziku i tajmer za jednostavno upravljanje<\/p>\n<\/li>\n<li data-start=\"1141\" data-end=\"1194\">\n<p data-start=\"1143\" data-end=\"1194\">5 nivoa snage za precizno pode\u0161avanje temperature<\/p>\n<\/li>\n<li data-start=\"1195\" data-end=\"1259\">\n<p data-start=\"1197\" data-end=\"1259\">Ventilator toplog vazduha za brzo dostizanje \u017eeljene toplote<\/p>\n<\/li>\n<li data-start=\"1260\" data-end=\"1294\">\n<p data-start=\"1262\" data-end=\"1294\">Dostupno u crvenoj,crnoj,sivoj i krem boji<\/p>\n<\/li>\n<\/ul>\n<p>&nbsp;<\/p>\n<p><strong><em>Napomena: Pu\u0161tanje u rad nije ura\u010dunato u cenu.<\/em><\/strong><\/p>","protected":false},"excerpt":{"rendered":"<p>Suvi kamin Mareli PS 8 kW efikasno greje prostorije toplim vazduhom, sa tajmerom, 5 nivoa snage, ventilatorom i menijem na srpskom jeziku.<\/p>","protected":false},"featured_media":21925,"template":"","meta":{"_seopress_robots_primary_cat":"none","_seopress_titles_title":"Sobni kamin Mareli PS 8 kW: Efikasno grejanje doma","_seopress_titles_desc":"Sobni kamin Mareli PS 8 kW \u2013 efikasno grejanje toplim vazduhom, tajmer, 5 nivoa snage, ventilator, meni na srpskom, dostupno u crvenoj i krem boji.","_seopress_robots_index":""},"product_brand":[4192],"product_cat":[4208,4205],"product_tag":[],"class_list":{"0":"post-16064","1":"product","2":"type-product","3":"status-publish","4":"has-post-thumbnail","6":"product_brand-mareli","7":"product_cat-kotlovi-i-kamini-na-pelet-kotlovi-i-kamini-na-pelet","8":"product_cat-kotlovi-i-kamini-na-pelet","10":"first","11":"instock","12":"purchasable","13":"product-type-simple"},"_links":{"self":[{"href":"https:\/\/grejanjesrbija.com\/ru\/wp-json\/wp\/v2\/product\/16064","targetHints":{"allow":["GET"]}}],"collection":[{"href":"https:\/\/grejanjesrbija.com\/ru\/wp-json\/wp\/v2\/product"}],"about":[{"href":"https:\/\/grejanjesrbija.com\/ru\/wp-json\/wp\/v2\/types\/product"}],"wp:featuredmedia":[{"embeddable":true,"href":"https:\/\/grejanjesrbija.com\/ru\/wp-json\/wp\/v2\/media\/21925"}],"wp:attachment":[{"href":"https:\/\/grejanjesrbija.com\/ru\/wp-json\/wp\/v2\/media?parent=16064"}],"wp:term":[{"taxonomy":"product_brand","embeddable":true,"href":"https:\/\/grejanjesrbija.com\/ru\/wp-json\/wp\/v2\/product_brand?post=16064"},{"taxonomy":"product_cat","embeddable":true,"href":"https:\/\/grejanjesrbija.com\/ru\/wp-json\/wp\/v2\/product_cat?post=16064"},{"taxonomy":"product_tag","embeddable":true,"href":"https:\/\/grejanjesrbija.com\/ru\/wp-json\/wp\/v2\/product_tag?post=16064"}],"curies":[{"name":"wp","href":"https:\/\/api.w.org\/{rel}","templated":true}]}}