{"id":16094,"date":"2025-07-15T10:58:54","date_gmt":"2025-07-15T08:58:54","guid":{"rendered":"https:\/\/foxit-technology.com\/proizvod\/kotao-na-pelet-kepo-ac\/"},"modified":"2025-11-03T12:38:18","modified_gmt":"2025-11-03T11:38:18","slug":"kotao-na-pelet-kepo-ac","status":"publish","type":"product","link":"https:\/\/grejanjesrbija.com\/ru\/proizvod\/kotao-na-pelet-kepo-ac\/","title":{"rendered":"\u0418\u0437\u043c\u0435\u043b\u044c\u0447\u0435\u043d\u0438\u0435 \u0438 \u0433\u0440\u0430\u043d\u0443\u043b\u0438\u0440\u043e\u0432\u0430\u043d\u0438\u0435 Kepo AC 15 \u043a\u0412\u0442"},"content":{"rendered":"<h2 data-start=\"83\" data-end=\"137\"><strong>Kotao na pelet Kepo AC &#8211; 15kW<\/strong><\/h2>\n<p data-start=\"376\" data-end=\"705\">Kotao na pelet <strong data-start=\"391\" data-end=\"407\">Kepo AC 15kW<\/strong> pru\u017ea ekonomi\u010dno i ekolo\u0161ko re\u0161enje za centralno grejanje za povr\u0161ine do 100 m2. Namenjen je sagorevanju kvalitetnog peleta, sa automatskim sistemom paljenja i regulacijom temperature. Njegova jednostavna upotreba, tihi rad i kompaktne dimenzije omogu\u0107avaju laku instalaciju i pouzdan rad u ku\u0107ama i manjim objektima. Sa efikasno\u0161\u0107u od 90,7%, kotao je projektovan u skladu sa najvi\u0161im standardima energetske efikasnosti (klasa A+), \u0161to doprinosi smanjenju tro\u0161kova grejanja i o\u010duvanju \u017eivotne sredine.<\/p>\n<section class=\"dce-visibility-event elementor-section elementor-top-section elementor-element elementor-element-b789c0d elementor-section-full_width elementor-section-height-default elementor-section-height-default dce-visibility-event-initialized\" data-id=\"b789c0d\" data-element_type=\"section\" data-settings=\"{&quot;enabled_visibility&quot;:&quot;yes&quot;,&quot;dce_visibility_selected&quot;:&quot;hide&quot;}\">\n<div class=\"elementor-container elementor-column-gap-default\">\n<div class=\"elementor-column elementor-col-100 elementor-top-column elementor-element elementor-element-d5cd929\" data-id=\"d5cd929\" data-element_type=\"column\">\n<div class=\"elementor-widget-wrap elementor-element-populated\">\n<div class=\"elementor-element elementor-element-8b2be03 e-n-tabs-mobile elementor-widget elementor-widget-n-tabs\" data-id=\"8b2be03\" data-element_type=\"widget\" data-settings=\"{&quot;tabs_justify_horizontal&quot;:&quot;stretch&quot;,&quot;horizontal_scroll&quot;:&quot;disable&quot;}\" data-widget_type=\"nested-tabs.default\">\n<div class=\"elementor-widget-container\">\n<div class=\"e-n-tabs e-activated\" data-widget-number=\"145931779\" aria-label=\"\u0412\u043a\u043b\u0430\u0434\u043a\u0438. \u041e\u0442\u043a\u0440\u044b\u0432\u0430\u0439\u0442\u0435 \u044d\u043b\u0435\u043c\u0435\u043d\u0442\u044b, \u043d\u0430\u0436\u0438\u043c\u0430\u044f Enter \u0438\u043b\u0438 Space, \u0437\u0430\u043a\u0440\u044b\u0432\u0430\u0439\u0442\u0435 \u0438\u0445, \u043d\u0430\u0436\u0438\u043c\u0430\u044f Escape, \u0438 \u043f\u0435\u0440\u0435\u043c\u0435\u0449\u0430\u0439\u0442\u0435\u0441\u044c \u043f\u043e \u0441\u0442\u0440\u0430\u043d\u0438\u0446\u0430\u043c \u0441 \u043f\u043e\u043c\u043e\u0449\u044c\u044e \u0441\u0442\u0440\u0435\u043b\u043e\u043a.\" data-touch-mode=\"false\">\n<div class=\"e-n-tabs-content\">\n<div id=\"e-n-tab-content-1459317791\" class=\"e-active elementor-element elementor-element-b1d9c14 e-con-full e-flex e-con e-child\" role=\"tabpanel\" aria-labelledby=\"e-n-tab-title-1459317791\" data-tab-index=\"1\" data-id=\"b1d9c14\" data-element_type=\"container\" data-settings=\"{&quot;background_background&quot;:&quot;classic&quot;}\">\n<div class=\"elementor-element elementor-element-0cb80ad elementor-widget-mobile__width-inherit elementor-widget elementor-widget-shortcode\" data-id=\"0cb80ad\" data-element_type=\"widget\" data-widget_type=\"shortcode.default\">\n<div class=\"elementor-widget-container\">\n<div class=\"elementor-shortcode\">\n<div class=\"elementor elementor-17740\" data-elementor-type=\"section\" data-elementor-id=\"17740\" data-elementor-post-type=\"elementor_library\">\n<section class=\"elementor-section elementor-top-section elementor-element elementor-element-6bf19406 elementor-section-stretched elementor-section-boxed elementor-section-height-default elementor-section-height-default\" data-dce-background-color=\"#3F2D27\" data-id=\"6bf19406\" data-element_type=\"section\" data-settings=\"{&quot;stretch_section&quot;:&quot;section-stretched&quot;,&quot;background_background&quot;:&quot;classic&quot;}\">\n<div class=\"elementor-container elementor-column-gap-default\">\n<div class=\"elementor-column elementor-col-50 elementor-top-column elementor-element elementor-element-163293e\" data-id=\"163293e\" data-element_type=\"column\">\n<div class=\"elementor-widget-wrap elementor-element-populated\">\n<div class=\"elementor-element elementor-element-dd0b4a1 elementor-widget elementor-widget-eael-advanced-data-table\" data-id=\"dd0b4a1\" data-element_type=\"widget\" data-widget_type=\"eael-advanced-data-table.default\">\n<div class=\"elementor-widget-container\">\n<div class=\"ea-advanced-data-table-wrap\" data-id=\"dd0b4a1\">\n<h3 data-start=\"1430\" data-end=\"1472\"><strong>Prednosti kotla KEPO Comfort AC 15 kW<\/strong><\/h3>\n<ul>\n<li data-start=\"1476\" data-end=\"1581\">Sertifikovan je prema klasi 5 \u0161to ukazuje na visok stepen efikasnosti i nisku emisiju \u0161tetnih materija.<\/li>\n<li data-start=\"1584\" data-end=\"1669\">Dobar kapacitet rezervoara \u2013 40 kg peleta \u2013 omogu\u0107ava du\u017ei rad izme\u0111u dopunjavanja.<\/li>\n<li data-start=\"1672\" data-end=\"1778\">Relativno kompaktne dimenzije (600 \u00d7 790 \u00d7 1155 mm) i te\u017eina (218 kg) omogu\u0107avaju bolju integraciju u kotlarnicu.<\/li>\n<li data-start=\"1781\" data-end=\"1953\">Prisutna je opcija automatskog \u010di\u0161\u0107enja gorionika.<\/li>\n<li data-start=\"1956\" data-end=\"2153\">Ugra\u0111ena hidro oprema \u2013 pumpa, ekspanzioni sud i sigurnosni elementi olak\u0161avaju monta\u017eu u sistem centralnog grejanja.<\/li>\n<li>Dobra izolacija vrata, poklopca za izmenjiva\u010de toplote i vodenog dela kotla.<\/li>\n<li>Kvalitetna i elegantna zavr\u0161na boja.<\/li>\n<li>Masivni i pouzdaniji pu\u017e za ubacivanje peleta.<\/li>\n<li>LCD ekran koji pru\u017ea lako upravljanje i preciznu kontrolu temperature.<\/li>\n<li>WiFi konekcija za daljinsku kontrolu (opciona ugradnja).<\/li>\n<li>Klasa energetske efikasnosti A+.<\/li>\n<li data-start=\"2290\" data-end=\"2439\">Garanacija 5 godina.<\/li>\n<\/ul>\n<h3 data-start=\"1496\" data-end=\"1531\"><strong data-start=\"1500\" data-end=\"1529\">Za\u0161to kupiti ovaj kotao?<\/strong><\/h3>\n<p data-start=\"1532\" data-end=\"1787\">Kepo AC 15kW je savr\u0161en izbor za one koji tra\u017ee efikasan i jednostavan kotao na pelet za manje objekte. Automatska kontrola sagorevanja i visoka efikasnost omogu\u0107avaju u\u0161tedu energije i novca, dok pouzdana konstrukcija garantuje dugotrajno grejanje.<\/p>\n<\/div>\n<\/div>\n<\/div>\n<\/div>\n<\/div>\n<\/div>\n<\/section>\n<\/div>\n<\/div>\n<\/div>\n<\/div>\n<\/div>\n<\/div>\n<\/div>\n<\/div>\n<\/div>\n<\/div>\n<\/div>\n<\/div>\n<\/section>\n<p>&nbsp;<\/p>\n<div id=\"gtx-trans\" style=\"position: absolute; left: -40px; top: 147px;\"><\/div>","protected":false},"excerpt":{"rendered":"<p data-start=\"167\" data-end=\"344\">Pouzdan i efikasan kotao na pelet <strong data-start=\"201\" data-end=\"217\">Kepo AC 15kW<\/strong> namenjen za grejanje manjih doma\u0107instava. Kompaktan dizajn i jednostavno rukovanje \u010dine ga idealnim za svakodnevnu upotrebu, a automatska kontrola sagorevanja i visoka efikasnost omogu\u0107avaju u\u0161tedu energije i novca, dok pouzdana konstrukcija garantuje dugotrajno grejanje.<\/p>","protected":false},"featured_media":23805,"template":"","meta":{"_seopress_robots_primary_cat":"none","_seopress_titles_title":"","_seopress_titles_desc":"Kupite Kepo AC 15kW kotao na pelet \u2013 kompaktan, efikasan i ekolo\u0161ki kotao za manja doma\u0107instva sa automatskom kontrolom sagorevanja.","_seopress_robots_index":""},"product_brand":[4209],"product_cat":[4205,4917],"product_tag":[],"class_list":{"0":"post-16094","1":"product","2":"type-product","3":"status-publish","4":"has-post-thumbnail","6":"product_brand-kepo","7":"product_cat-kotlovi-i-kamini-na-pelet","8":"product_cat-kotlovi-na-pelet","10":"first","11":"instock","12":"purchasable","13":"product-type-simple"},"_links":{"self":[{"href":"https:\/\/grejanjesrbija.com\/ru\/wp-json\/wp\/v2\/product\/16094","targetHints":{"allow":["GET"]}}],"collection":[{"href":"https:\/\/grejanjesrbija.com\/ru\/wp-json\/wp\/v2\/product"}],"about":[{"href":"https:\/\/grejanjesrbija.com\/ru\/wp-json\/wp\/v2\/types\/product"}],"wp:featuredmedia":[{"embeddable":true,"href":"https:\/\/grejanjesrbija.com\/ru\/wp-json\/wp\/v2\/media\/23805"}],"wp:attachment":[{"href":"https:\/\/grejanjesrbija.com\/ru\/wp-json\/wp\/v2\/media?parent=16094"}],"wp:term":[{"taxonomy":"product_brand","embeddable":true,"href":"https:\/\/grejanjesrbija.com\/ru\/wp-json\/wp\/v2\/product_brand?post=16094"},{"taxonomy":"product_cat","embeddable":true,"href":"https:\/\/grejanjesrbija.com\/ru\/wp-json\/wp\/v2\/product_cat?post=16094"},{"taxonomy":"product_tag","embeddable":true,"href":"https:\/\/grejanjesrbija.com\/ru\/wp-json\/wp\/v2\/product_tag?post=16094"}],"curies":[{"name":"wp","href":"https:\/\/api.w.org\/{rel}","templated":true}]}}