{"id":16100,"date":"2025-07-15T10:58:54","date_gmt":"2025-07-15T08:58:54","guid":{"rendered":"https:\/\/foxit-technology.com\/proizvod\/kotao-radijtor-kraljevo-tkan\/"},"modified":"2025-12-08T15:42:52","modified_gmt":"2025-12-08T14:42:52","slug":"kotao-radijtor-kraljevo-tkan","status":"publish","type":"product","link":"https:\/\/grejanjesrbija.com\/ru\/proizvod\/kotao-radijtor-kraljevo-tkan\/","title":{"rendered":"\u041a\u043e\u0442\u0435\u043b Radijtor Kraljevo TKAN1 25-35\u043a\u0412\u0442"},"content":{"rendered":"<h2 data-start=\"428\" data-end=\"651\"><strong>\u041a\u043e\u0442\u0435\u043b Radijtor Kraljevo TKAN1 25-35\u043a\u0412\u0442<\/strong><\/h2>\n<p data-start=\"428\" data-end=\"651\">Radijator <strong data-start=\"438\" data-end=\"456\">TKAN1 25-35 kW<\/strong> spada u seriju kotlova marke Radijator In\u017eenjering iz Kraljeva. Model <strong data-start=\"527\" data-end=\"536\">TKAN1<\/strong> pokriva raspon od pribli\u017eno 20 do 35 kW snage. Ovaj kotao je namenjen prevashodno radu na pelet \/ biomasu kao osnovno gorivo, ali spada u kombinovane kotlove jer bez ikakvih pote\u0161ko\u0107a i priprema mo\u017ee da sagori i drvo u du\u017eem vremenskom periodu. Kod pelet re\u017eima posti\u017ee visok stepen iskori\u0161\u0107enja (&gt; 90 %).\u00a0 Kotao ima robustno lo\u017ei\u0161te i dizajniran je za kontinuirani rad u sistemima centralnog grejanja. Komponente kotla (vodeni deo) su izra\u0111ene od kvalitetnih limova i cevi.<\/p>\n<h3 data-start=\"1268\" data-end=\"1315\"><strong>\u0422\u0435\u0445\u043d\u0438\u0447\u0435\u0441\u043a\u0438\u0435 \u0445\u0430\u0440\u0430\u043a\u0442\u0435\u0440\u0438\u0441\u0442\u0438\u043a\u0438\u00a0<\/strong><\/h3>\n<div class=\"_tableContainer_1rjym_1\">\n<div class=\"group _tableWrapper_1rjym_13 flex w-fit flex-col-reverse\" tabindex=\"-1\">\n<table class=\"w-fit min-w-(--thread-content-width)\" data-start=\"1379\" data-end=\"2299\">\n<thead data-start=\"1379\" data-end=\"1415\">\n<tr data-start=\"1379\" data-end=\"1415\">\n<th data-start=\"1379\" data-end=\"1396\" data-col-size=\"sm\">Karakteristika<\/th>\n<th data-start=\"1396\" data-end=\"1415\" data-col-size=\"md\">Vrednost \/ opis<\/th>\n<\/tr>\n<\/thead>\n<tbody data-start=\"1426\" data-end=\"2299\">\n<tr data-start=\"1426\" data-end=\"1522\">\n<td data-start=\"1426\" data-end=\"1434\" data-col-size=\"sm\">\u0421\u0438\u043b\u0430<\/td>\n<td data-start=\"1434\" data-end=\"1522\" data-col-size=\"md\">do 34,9 kW<\/td>\n<\/tr>\n<tr data-start=\"1523\" data-end=\"1639\">\n<td data-start=\"1523\" data-end=\"1536\" data-col-size=\"sm\">Tip goriva<\/td>\n<td data-start=\"1536\" data-end=\"1639\" data-col-size=\"md\">Pelet \/ biomasa \/ \u010dvrsto gorivo<\/td>\n<\/tr>\n<tr data-start=\"1640\" data-end=\"1723\">\n<td data-start=\"1640\" data-end=\"1671\" data-col-size=\"sm\">Stepen iskori\u0161\u0107enja na pelet<\/td>\n<td data-start=\"1671\" data-end=\"1723\" data-col-size=\"md\">do 91 %<\/td>\n<\/tr>\n<tr data-start=\"1724\" data-end=\"1844\">\n<td data-start=\"1724\" data-end=\"1744\" data-col-size=\"sm\">Dimenzije (Dx\u0160xV)<\/td>\n<td data-start=\"1744\" data-end=\"1844\" data-col-size=\"md\">1270 \u00d7 1210 \u00d7 1560 mm<\/td>\n<\/tr>\n<tr data-start=\"1845\" data-end=\"1943\">\n<td data-start=\"1845\" data-end=\"1858\" data-col-size=\"sm\">Masa kotla<\/td>\n<td data-start=\"1858\" data-end=\"1943\" data-col-size=\"md\">635 kg<\/td>\n<\/tr>\n<tr data-start=\"1944\" data-end=\"2059\">\n<td data-start=\"1944\" data-end=\"1969\" data-col-size=\"sm\">Zapremina vode u kotlu<\/td>\n<td data-col-size=\"md\" data-start=\"1969\" data-end=\"2059\">~ 97 litara<\/td>\n<\/tr>\n<tr data-start=\"2060\" data-end=\"2158\">\n<td data-start=\"2060\" data-end=\"2079\" data-col-size=\"sm\">Pre\u010dnik dimovoda<\/td>\n<td data-col-size=\"md\" data-start=\"2079\" data-end=\"2158\">\u00d8 180 mm<\/td>\n<\/tr>\n<tr data-start=\"2159\" data-end=\"2299\">\n<td data-start=\"2159\" data-end=\"2182\" data-col-size=\"sm\">Garancija<\/td>\n<td data-col-size=\"md\" data-start=\"2182\" data-end=\"2299\">5 godina na curenje kotla \/ 2 godine na elektro delove<\/td>\n<\/tr>\n<\/tbody>\n<\/table>\n<h3 data-start=\"2306\" data-end=\"2331\"><strong>\u041f\u0440\u0435\u0438\u043c\u0443\u0449\u0435\u0441\u0442\u0432\u0430<\/strong><\/h3>\n<ul>\n<li data-start=\"2335\" data-end=\"2410\">Efikasno sagorevanje biomase \/ peleta uz visok stepen iskori\u0161\u0107enja\u2014&gt;91 %.<\/li>\n<li data-start=\"2335\" data-end=\"2410\">Odre\u0111eni stepen automatskog upravljanja je mogu\u0107 \u010dak i kod lo\u017eenja samo drvetom.<\/li>\n<li data-start=\"2335\" data-end=\"2410\">Automatsko komandovanje i veliki kapacitet silosa &#8211; obezbe\u0111uju dugu autonomiju u radu.<\/li>\n<li data-start=\"2413\" data-end=\"2504\">Izra\u0111en od kvalitetnih materijala, sa robusnom konstrukcijom namenjenom za dugoro\u010dni rad.<\/li>\n<li data-start=\"2507\" data-end=\"2617\">Dizajn koji omogu\u0107ava grejanje stambenih ili manjeg komercijalnog prostora sa optimalnom snagom od 25-35 kW.<\/li>\n<li data-start=\"2711\" data-end=\"2793\">Inovativno vulkansko lo\u017ei\u0161te &#8211; \u00a0omogu\u0107ava pouzadnost u radu i bezbri\u017eno odr\u017eavanje u dugom vremenskom periodu.<\/li>\n<li data-start=\"2711\" data-end=\"2793\">Vrlo nizak stepen emisije \u0161tetnih gasova.<\/li>\n<\/ul>\n<h3 data-start=\"3319\" data-end=\"3382\"><strong>Za\u0161to kupiti Radijator Kraljevo TKAN1 25-35 kW?<\/strong><\/h3>\n<p data-start=\"3384\" data-end=\"3768\">Ako tra\u017eite pouzdan i efikasan kotao na pelet \/ biomasa, sa mogu\u0107no\u0161\u0107u lo\u017eenja i \u010dvrstim gorivom, sa snagom pogodnom za stan ili ku\u0107u srednje kvadrature, Radijator TKAN1 25-35 kW je odli\u010dan izbor. Pru\u017ea visoku efikasnost sagorevanja, kvalitetnu konstrukciju i rad na obnovljivo gorivo.<\/p>\n<\/div>\n<\/div>","protected":false},"excerpt":{"rendered":"<p data-start=\"310\" data-end=\"523\">Kotao Radijator Kraljevo TKAN1 25-35 kW je kombinovani pelet \/ biomasa kotao projektovan za snagu u rasponu 25-35 kW, prilago\u0111en za grejanje stambenih objekata srednje kvadrature. Efikasan, robustan i standardizovan prema najvi\u0161im normama.<\/p>","protected":false},"featured_media":24019,"template":"","meta":{"_seopress_robots_primary_cat":"none","_seopress_titles_title":"","_seopress_titles_desc":"Kotao Radijator Kraljevo TKAN1 25-35 kW \u2013 efikasan kotao na pelet \/ biomasa sa visokom efikasno\u0161\u0107u (>90 %), kvalitetnom izradom i snage pogodnom za srednje objekte.","_seopress_robots_index":""},"product_brand":[4197],"product_cat":[4206,4205],"product_tag":[],"class_list":{"0":"post-16100","1":"product","2":"type-product","3":"status-publish","4":"has-post-thumbnail","6":"product_brand-radijator-kraljevo","7":"product_cat-kombinovani-kotlovi","8":"product_cat-kotlovi-i-kamini-na-pelet","10":"first","11":"instock","12":"purchasable","13":"product-type-simple"},"_links":{"self":[{"href":"https:\/\/grejanjesrbija.com\/ru\/wp-json\/wp\/v2\/product\/16100","targetHints":{"allow":["GET"]}}],"collection":[{"href":"https:\/\/grejanjesrbija.com\/ru\/wp-json\/wp\/v2\/product"}],"about":[{"href":"https:\/\/grejanjesrbija.com\/ru\/wp-json\/wp\/v2\/types\/product"}],"wp:featuredmedia":[{"embeddable":true,"href":"https:\/\/grejanjesrbija.com\/ru\/wp-json\/wp\/v2\/media\/24019"}],"wp:attachment":[{"href":"https:\/\/grejanjesrbija.com\/ru\/wp-json\/wp\/v2\/media?parent=16100"}],"wp:term":[{"taxonomy":"product_brand","embeddable":true,"href":"https:\/\/grejanjesrbija.com\/ru\/wp-json\/wp\/v2\/product_brand?post=16100"},{"taxonomy":"product_cat","embeddable":true,"href":"https:\/\/grejanjesrbija.com\/ru\/wp-json\/wp\/v2\/product_cat?post=16100"},{"taxonomy":"product_tag","embeddable":true,"href":"https:\/\/grejanjesrbija.com\/ru\/wp-json\/wp\/v2\/product_tag?post=16100"}],"curies":[{"name":"wp","href":"https:\/\/api.w.org\/{rel}","templated":true}]}}