{"id":16136,"date":"2025-07-15T10:59:04","date_gmt":"2025-07-15T08:59:04","guid":{"rendered":"https:\/\/foxit-technology.com\/proizvod\/kotao-sporet-alfa-term\/"},"modified":"2026-03-10T13:39:06","modified_gmt":"2026-03-10T12:39:06","slug":"kotao-sporet-alfa-term","status":"publish","type":"product","link":"https:\/\/grejanjesrbija.com\/ru\/proizvod\/kotao-sporet-alfa-term\/","title":{"rendered":"Kotao-\u0161poret Alfa Plam Term 20"},"content":{"rendered":"<h3 data-start=\"153\" data-end=\"247\">Alfa Term 20 \u2013 Multifunkcionalni kotao-\u0161poret na \u010dvrsto gorivo sa kotlom za eta\u017eno grejanje<\/h3>\n<p data-start=\"249\" data-end=\"498\"><strong data-start=\"249\" data-end=\"268\">Alfa Term 20<\/strong> je kotao-\u0161poret na \u010dvrsto gorivo koji kombinuje efikasno eta\u017eno grejanje sa mogu\u0107nostima pripreme hrane. Sa snagom od 23 kW, ovaj ure\u0111aj je idealan za grejanje prostora od 88 do 147 m\u00b2, pru\u017eaju\u0107i udobnost i ekonomi\u010dnost u va\u0161em domu.<\/p>\n<p data-start=\"1027\" data-end=\"1041\"><strong data-start=\"1027\" data-end=\"1041\">Prednosti:<\/strong><\/p>\n<ul data-start=\"1043\" data-end=\"1696\">\n<li data-start=\"1043\" data-end=\"1113\">\n<p data-start=\"1045\" data-end=\"1113\">\u010celi\u010dne plo\u010de za kuvanje sa mogu\u0107no\u0161\u0107u skidanja za temeljno \u010di\u0161\u0107enje<\/p>\n<\/li>\n<li data-start=\"1114\" data-end=\"1181\">\n<p data-start=\"1116\" data-end=\"1181\">Specijalni klju\u010d za otvaranje vrata lo\u017ei\u0161ta u slu\u010daju pregrevanja<\/p>\n<\/li>\n<li data-start=\"1182\" data-end=\"1239\">\n<p data-start=\"1184\" data-end=\"1239\">Ugra\u0111eni termometar za merenje temperature vode u kotlu<\/p>\n<\/li>\n<li data-start=\"1240\" data-end=\"1287\">\n<p data-start=\"1242\" data-end=\"1287\">Manometar koji pokazuje pritisak vode u kotlu<\/p>\n<\/li>\n<li data-start=\"1288\" data-end=\"1358\">\n<p data-start=\"1290\" data-end=\"1358\">Regulator snage \u0161tednjaka za automatsko pode\u0161avanje temperature vode<\/p>\n<\/li>\n<li data-start=\"1359\" data-end=\"1409\">\n<p data-start=\"1361\" data-end=\"1409\">Dovod sekundarnog vazduha za \u010distije sagorevanje<\/p>\n<\/li>\n<li data-start=\"1410\" data-end=\"1466\">\n<p data-start=\"1412\" data-end=\"1466\">Duplo staklo na vratima rerne sa ugra\u0111enim termostatom<\/p>\n<\/li>\n<li data-start=\"1467\" data-end=\"1522\">\n<p data-start=\"1469\" data-end=\"1522\">Dva polo\u017eaja re\u0161etke u lo\u017ei\u0161tu za letnji i zimski rad<\/p>\n<\/li>\n<li data-start=\"1523\" data-end=\"1549\">\n<p data-start=\"1525\" data-end=\"1549\">Mogu\u0107nost lo\u017eenja odozgo<\/p>\n<\/li>\n<li data-start=\"1550\" data-end=\"1593\">\n<p data-start=\"1552\" data-end=\"1593\">Otvor za \u010di\u0161\u0107enje unutra\u0161njosti \u0161tednjaka<\/p>\n<\/li>\n<li data-start=\"1594\" data-end=\"1640\">\n<p data-start=\"1596\" data-end=\"1640\">Fioka za gorivo sa lako pokretnim mehanizmom<\/p>\n<\/li>\n<li data-start=\"1641\" data-end=\"1696\">\n<p data-start=\"1643\" data-end=\"1696\">Vi\u0161estruko priklju\u010divanje na dimnjak (bo\u010dno i odozgo)<\/p>\n<\/li>\n<\/ul>\n<p data-start=\"1698\" data-end=\"1716\"><strong data-start=\"1698\" data-end=\"1716\">Dostupne boje:<\/strong><\/p>\n<ul data-start=\"1718\" data-end=\"1752\">\n<li data-start=\"1718\" data-end=\"1724\">\n<p data-start=\"1720\" data-end=\"1724\">Bela<\/p>\n<\/li>\n<li data-start=\"1725\" data-end=\"1733\">\n<p data-start=\"1727\" data-end=\"1733\">Crvena<\/p>\n<\/li>\n<li data-start=\"1734\" data-end=\"1741\">\n<p data-start=\"1736\" data-end=\"1741\">Braon<\/p>\n<\/li>\n<li data-start=\"1742\" data-end=\"1752\">\n<p data-start=\"1744\" data-end=\"1752\">Antracit<\/p>\n<\/li>\n<\/ul>\n<p data-start=\"1754\" data-end=\"1777\"><strong data-start=\"1754\" data-end=\"1768\">Standardi:<\/strong> EN 12815<\/p>\n<p data-start=\"1779\" data-end=\"1924\"><strong data-start=\"1779\" data-end=\"1798\">Alfa Term 20 <\/strong>\u00a0je savr\u0161en izbor za korisnike koji \u017eele pouzdan, ekonomi\u010dan i funkcionalan ure\u0111aj koji kombinuje grejanje i kuvanje u jednom.<\/p>\n<p data-start=\"1779\" data-end=\"1924\">Dostupan je u snagama od : 20 kW , 27 kW i 35 kW<\/p>","protected":false},"excerpt":{"rendered":"<p>Efikasan \u0161tednjak na \u010dvrsto gorivo sa kotlom snage 23 kW, idealan za grejanje prostora do 147 m\u00b2. Uklju\u010duje rernu i grejnu plo\u010du za kuvanje.<\/p>","protected":false},"featured_media":21585,"template":"","meta":{"_seopress_robots_primary_cat":"none","_seopress_titles_title":"","_seopress_titles_desc":"\u0160tednjak Alfa Term 20 sa kotlom snage 23 kW za grejanje prostora do 147 m\u00b2. Uklju\u010duje rernu i grejnu plo\u010du za efikasno kuvanje i grejanje.","_seopress_robots_index":""},"product_brand":[4202],"product_cat":[4212],"product_tag":[],"class_list":{"0":"post-16136","1":"product","2":"type-product","3":"status-publish","4":"has-post-thumbnail","6":"product_brand-alfa-plam","7":"product_cat-etazni-kotlovi","9":"first","10":"instock","11":"purchasable","12":"product-type-simple"},"_links":{"self":[{"href":"https:\/\/grejanjesrbija.com\/ru\/wp-json\/wp\/v2\/product\/16136","targetHints":{"allow":["GET"]}}],"collection":[{"href":"https:\/\/grejanjesrbija.com\/ru\/wp-json\/wp\/v2\/product"}],"about":[{"href":"https:\/\/grejanjesrbija.com\/ru\/wp-json\/wp\/v2\/types\/product"}],"wp:featuredmedia":[{"embeddable":true,"href":"https:\/\/grejanjesrbija.com\/ru\/wp-json\/wp\/v2\/media\/21585"}],"wp:attachment":[{"href":"https:\/\/grejanjesrbija.com\/ru\/wp-json\/wp\/v2\/media?parent=16136"}],"wp:term":[{"taxonomy":"product_brand","embeddable":true,"href":"https:\/\/grejanjesrbija.com\/ru\/wp-json\/wp\/v2\/product_brand?post=16136"},{"taxonomy":"product_cat","embeddable":true,"href":"https:\/\/grejanjesrbija.com\/ru\/wp-json\/wp\/v2\/product_cat?post=16136"},{"taxonomy":"product_tag","embeddable":true,"href":"https:\/\/grejanjesrbija.com\/ru\/wp-json\/wp\/v2\/product_tag?post=16136"}],"curies":[{"name":"wp","href":"https:\/\/api.w.org\/{rel}","templated":true}]}}