{"id":16144,"date":"2025-07-15T10:59:04","date_gmt":"2025-07-15T08:59:04","guid":{"rendered":"https:\/\/foxit-technology.com\/proizvod\/kotao-sporet-bio-pek\/"},"modified":"2026-03-10T12:26:51","modified_gmt":"2026-03-10T11:26:51","slug":"kotao-sporet-bio-pek","status":"publish","type":"product","link":"https:\/\/grejanjesrbija.com\/ru\/proizvod\/kotao-sporet-bio-pek\/","title":{"rendered":"Kotao-\u0161poret Bio Pek Centrometal 17"},"content":{"rendered":"<p data-start=\"38\" data-end=\"379\"><strong data-start=\"38\" data-end=\"74\">Centrometal BIO\u2011PEK 17 B<\/strong> je \u010deli\u010dni toplovodni eta\u017eni \u0161poret\/kotao na \u010dvrsto gorivo , namenjen za centralno grejanje uz opciju kuvanja i pe\u010denja. Ukupan toplotni u\u010dinak iznosi 18\u202fkW \u2014 od \u010dega se 12\u202fkW prenosi na grejnu vodu, a 6\u202fkW predaje okolnom prostoru.<\/p>\n<p data-start=\"381\" data-end=\"587\">Sa sadr\u017eajem vode 23\u202flitara, pre\u010dnikom dimnjaka 150\u202fmm i radnim pritiskom do 2,5\u202fbara, ovaj model je izbalansiran izbor za objekte sa umerenim potrebama za grejanjem.<\/p>\n<p data-start=\"589\" data-end=\"825\">Kotao-\u0161poret se mo\u017ee ugraditi u otvorene ili zatvorene sisteme grejanja, sa ili bez akumulacionog bojlera, a konstrukcija mu omogu\u0107ava lako prilago\u0111avanje potrebama grejanja promenom polo\u017eaja re\u0161etke.<\/p>\n<p data-start=\"827\" data-end=\"1024\">Moderan dizajn i dimenzije (1000 \u00d7 885 \u00d7 635 mm) omogu\u0107avaju da se uklopi i u kuhinjske module, dok vatrostalno staklo na vratima lo\u017ei\u0161ta daje efekat kamina.<\/p>","protected":false},"excerpt":{"rendered":"<p>BIO\u2011PEK 17 B\u00a0 je \u0161pored\/kotao na \u010dvrsto gorivo sa snagom 18\u202fkW (12\u202fkW u vodu + 6\u202fkW grejanje prostora). Ima 23\u202fl sadr\u017eaja vode, priklju\u010dak dimnjaka \u00d8150\u202fmm, i prikladan je za grejanje, kuvanje i pe\u010denje u ku\u0107nim uslovima.<\/p>","protected":false},"featured_media":21837,"template":"","meta":{"_seopress_robots_primary_cat":"none","_seopress_titles_title":"Kotao-\u0161poret Bio Pek Centrometal 17","_seopress_titles_desc":"Centrometal BIO\u2011PEK 17 B  \u2014 eta\u017eni kotao\/\u0161poret na \u010dvrsto gorivo sa snagom 18\u202fkW, idealan za centralno grejanje, kuvanje i pe\u010denje. Kompaktne dimenzije i kvalitetna konstrukcija.","_seopress_robots_index":""},"product_brand":[4199],"product_cat":[4212],"product_tag":[],"class_list":{"0":"post-16144","1":"product","2":"type-product","3":"status-publish","4":"has-post-thumbnail","6":"product_brand-centrometal","7":"product_cat-etazni-kotlovi","9":"first","10":"instock","11":"purchasable","12":"product-type-simple"},"_links":{"self":[{"href":"https:\/\/grejanjesrbija.com\/ru\/wp-json\/wp\/v2\/product\/16144","targetHints":{"allow":["GET"]}}],"collection":[{"href":"https:\/\/grejanjesrbija.com\/ru\/wp-json\/wp\/v2\/product"}],"about":[{"href":"https:\/\/grejanjesrbija.com\/ru\/wp-json\/wp\/v2\/types\/product"}],"wp:featuredmedia":[{"embeddable":true,"href":"https:\/\/grejanjesrbija.com\/ru\/wp-json\/wp\/v2\/media\/21837"}],"wp:attachment":[{"href":"https:\/\/grejanjesrbija.com\/ru\/wp-json\/wp\/v2\/media?parent=16144"}],"wp:term":[{"taxonomy":"product_brand","embeddable":true,"href":"https:\/\/grejanjesrbija.com\/ru\/wp-json\/wp\/v2\/product_brand?post=16144"},{"taxonomy":"product_cat","embeddable":true,"href":"https:\/\/grejanjesrbija.com\/ru\/wp-json\/wp\/v2\/product_cat?post=16144"},{"taxonomy":"product_tag","embeddable":true,"href":"https:\/\/grejanjesrbija.com\/ru\/wp-json\/wp\/v2\/product_tag?post=16144"}],"curies":[{"name":"wp","href":"https:\/\/api.w.org\/{rel}","templated":true}]}}