{"id":16146,"date":"2025-07-15T10:59:04","date_gmt":"2025-07-15T08:59:04","guid":{"rendered":"https:\/\/foxit-technology.com\/proizvod\/kotao-sporet-abc-concept-2\/"},"modified":"2025-10-10T14:19:57","modified_gmt":"2025-10-10T12:19:57","slug":"kotao-sporet-abc-concept-2","status":"publish","type":"product","link":"https:\/\/grejanjesrbija.com\/ru\/proizvod\/kotao-sporet-abc-concept-2\/","title":{"rendered":"Kotao-\u0161poret ABC Concept 2 &#8211; 25+4 kW"},"content":{"rendered":"<p data-start=\"154\" data-end=\"403\">CONCEPT 2 &amp; CONCEPT 2 MAX je multifunkcionalni toplovodni \u0161poret\u2011kotao na \u010dvrsto gorivo, dizajniran da greje povr\u0161ine od <strong data-start=\"275\" data-end=\"292\">150 do 200 m\u00b2<\/strong>, istovremeno omogu\u0107avaju\u0107i pe\u010denje i kuvanje hrane u ugradbenoj rerni.<\/p>\n<p data-start=\"405\" data-end=\"680\">Uz elegantan izgled kakav ima kamin, ovaj ure\u0111aj spaja estetski dojam sa visokom funkcionalno\u0161\u0107u. Dostupne su verzije sa \u0161irinom rerne <strong data-start=\"540\" data-end=\"550\">350 mm<\/strong> i <strong data-start=\"553\" data-end=\"563\">420 mm<\/strong>, \u0161to omogu\u0107ava izbor prema tvojim potrebama prostora i kuhinjskog rasporeda.<\/p>\n<p data-start=\"682\" data-end=\"768\">Proizvod dolazi sa garancijom od <strong data-start=\"715\" data-end=\"727\">5 godina<\/strong>.<\/p>\n<p data-start=\"770\" data-end=\"994\">Kao \u0161poret za centralno grejanje na \u010dvrsto gorivo, idealan je za objekte gde \u017eeli\u0161 kombinovati grejanje i kuvanje u jednom ure\u0111aju, uz minimalne kompromise \u2013 optimalno za domove sa ve\u0107im potrebama za toplotom i prakti\u010dno\u0161\u0107u.<\/p>\n<p data-start=\"770\" data-end=\"994\">Dimenzija rerne : 350mm ( \u0161irina ) * 230mm ( visina ) * 410mm ( dubina )<\/p>\n<p data-start=\"770\" data-end=\"994\">Dimenzije kotla : 1000mm ( \u0161irina ) * 850mm ( visina ) * 565mm ( dubina )<\/p>","protected":false},"excerpt":{"rendered":"<p>Toplovodni \u0161poret\u2011kotao <strong data-start=\"1044\" data-end=\"1073\">CONCEPT 2 \/ CONCEPT 2 MAX<\/strong> na \u010dvrsto gorivo, kapaciteta grejanja za <strong data-start=\"1115\" data-end=\"1129\">150\u2013200 m\u00b2<\/strong>, sa mogu\u0107no\u0161\u0107u pe\u010denja i kuvanja. Dostupan sa rernama \u0161irine 350\u202fmm ili 420\u202fmm. Dolazi sa 5 godina garancije.<\/p>","protected":false},"featured_media":21675,"template":"","meta":{"_seopress_robots_primary_cat":"none","_seopress_titles_title":"Kotao-\u0161poret ABC Concept 26+3 kW","_seopress_titles_desc":"CONCEPT 2 & CONCEPT 2 MAX \u2013 toplovodni \u0161poret\u2011kotao na \u010dvrsto gorivo za grejanje 150\u2013200\u202fm\u00b2, sa funkcijom pe\u010denja i kuvanja.","_seopress_robots_index":""},"product_brand":[4196],"product_cat":[4212],"product_tag":[],"class_list":{"0":"post-16146","1":"product","2":"type-product","3":"status-publish","4":"has-post-thumbnail","6":"product_brand-abc-uzice","7":"product_cat-etazni-kotlovi","9":"first","10":"instock","11":"purchasable","12":"product-type-simple"},"_links":{"self":[{"href":"https:\/\/grejanjesrbija.com\/ru\/wp-json\/wp\/v2\/product\/16146","targetHints":{"allow":["GET"]}}],"collection":[{"href":"https:\/\/grejanjesrbija.com\/ru\/wp-json\/wp\/v2\/product"}],"about":[{"href":"https:\/\/grejanjesrbija.com\/ru\/wp-json\/wp\/v2\/types\/product"}],"wp:featuredmedia":[{"embeddable":true,"href":"https:\/\/grejanjesrbija.com\/ru\/wp-json\/wp\/v2\/media\/21675"}],"wp:attachment":[{"href":"https:\/\/grejanjesrbija.com\/ru\/wp-json\/wp\/v2\/media?parent=16146"}],"wp:term":[{"taxonomy":"product_brand","embeddable":true,"href":"https:\/\/grejanjesrbija.com\/ru\/wp-json\/wp\/v2\/product_brand?post=16146"},{"taxonomy":"product_cat","embeddable":true,"href":"https:\/\/grejanjesrbija.com\/ru\/wp-json\/wp\/v2\/product_cat?post=16146"},{"taxonomy":"product_tag","embeddable":true,"href":"https:\/\/grejanjesrbija.com\/ru\/wp-json\/wp\/v2\/product_tag?post=16146"}],"curies":[{"name":"wp","href":"https:\/\/api.w.org\/{rel}","templated":true}]}}