{"id":16149,"date":"2025-07-15T10:59:15","date_gmt":"2025-07-15T08:59:15","guid":{"rendered":"https:\/\/foxit-technology.com\/proizvod\/kotao-sporet-abc-concept-2-mini\/"},"modified":"2025-10-10T14:42:58","modified_gmt":"2025-10-10T12:42:58","slug":"kotao-sporet-abc-concept-2-mini","status":"publish","type":"product","link":"https:\/\/grejanjesrbija.com\/ru\/proizvod\/kotao-sporet-abc-concept-2-mini\/","title":{"rendered":"Kotao-\u0161poret ABC Concept 2 mini 23+2 kW"},"content":{"rendered":"<p>Concept 2 mini je pe\u0107 na \u010dvrsto gorivo.<\/p>\n<p>Proizvod koji \u0107e se uz minimalno zauzimanje prostora savr\u0161eno uklopiti u Va\u0161 dom ili vikend ku\u0107u i pru\u017eiti Vam vi\u0161e od o\u010dekivanog.<\/p>\n<p>(23 kW snaga preneta na vodu, 2 kW snaga predata zra\u010denjem).<\/p>\n<p>Concept 2 mini namenjen je za grejanje prostorija, kuvanje i pe\u010denje hrane. Koristi \u010dvrsto gorivo: suvo drvo, ugalj ili brikete.<\/p>\n<p>Odaje utisak kamina, zahvaljuju\u0107i vatrostalnom staklu na vratima lo\u017ei\u0161ta. Konstrukcija \u0161poreta CONCEPT 2 MINI omogu\u0107ava precizno regulisanje intenziteta temperature, lako lo\u017eenje gorivom i \u010di\u0161\u0107enje pepela. (23 kW snaga preneta na vodu, 2 kW snaga predata zra\u010denjem)<\/p>\n<p>Ovaj model ne poseduje rernu.<\/p>","protected":false},"excerpt":{"rendered":"<p><strong data-start=\"206\" data-end=\"224\">Concept 2 Mini<\/strong> je sna\u017ena pe\u0107 na \u010dvrsto gorivo (23\u202fkW za vodu + 2\u202fkW zra\u010denjem), idealna za grejanje prostora uz mogu\u0107nost kuvanja i pe\u010denja hrane. Kompaktna i estetski dopadljiva, savr\u0161ena za dom ili vikendicu. Koristi drvo, ugalj ili brikete. Ne poseduje rernu.<\/p>","protected":false},"featured_media":21702,"template":"","meta":{"_seopress_robots_primary_cat":"none","_seopress_titles_title":"Kotao-\u0161poret ABC Concept 2 mini 25 kW","_seopress_titles_desc":"Concept 2 Mini pe\u0107 na \u010dvrsto gorivo sa snagom od 25\u202fkW, pogodna za kuvanje i grejanje. Kompaktna, efikasna i jednostavna za upotrebu. Bez rerne.","_seopress_robots_index":""},"product_brand":[4196],"product_cat":[4212],"product_tag":[],"class_list":{"0":"post-16149","1":"product","2":"type-product","3":"status-publish","4":"has-post-thumbnail","6":"product_brand-abc-uzice","7":"product_cat-etazni-kotlovi","9":"first","10":"instock","11":"purchasable","12":"product-type-simple"},"_links":{"self":[{"href":"https:\/\/grejanjesrbija.com\/ru\/wp-json\/wp\/v2\/product\/16149","targetHints":{"allow":["GET"]}}],"collection":[{"href":"https:\/\/grejanjesrbija.com\/ru\/wp-json\/wp\/v2\/product"}],"about":[{"href":"https:\/\/grejanjesrbija.com\/ru\/wp-json\/wp\/v2\/types\/product"}],"wp:featuredmedia":[{"embeddable":true,"href":"https:\/\/grejanjesrbija.com\/ru\/wp-json\/wp\/v2\/media\/21702"}],"wp:attachment":[{"href":"https:\/\/grejanjesrbija.com\/ru\/wp-json\/wp\/v2\/media?parent=16149"}],"wp:term":[{"taxonomy":"product_brand","embeddable":true,"href":"https:\/\/grejanjesrbija.com\/ru\/wp-json\/wp\/v2\/product_brand?post=16149"},{"taxonomy":"product_cat","embeddable":true,"href":"https:\/\/grejanjesrbija.com\/ru\/wp-json\/wp\/v2\/product_cat?post=16149"},{"taxonomy":"product_tag","embeddable":true,"href":"https:\/\/grejanjesrbija.com\/ru\/wp-json\/wp\/v2\/product_tag?post=16149"}],"curies":[{"name":"wp","href":"https:\/\/api.w.org\/{rel}","templated":true}]}}