{"id":16182,"date":"2025-07-15T10:59:15","date_gmt":"2025-07-15T08:59:15","guid":{"rendered":"https:\/\/foxit-technology.com\/proizvod\/usisivac-za-pelet-raider\/"},"modified":"2026-01-19T09:33:21","modified_gmt":"2026-01-19T08:33:21","slug":"usisivac-za-pelet-raider","status":"publish","type":"product","link":"https:\/\/grejanjesrbija.com\/ru\/proizvod\/usisivac-za-pelet-raider\/","title":{"rendered":"\u041f\u044b\u043b\u0435\u0441\u043e\u0441 \u0434\u043b\u044f \u0443\u0431\u043e\u0440\u043a\u0438 \u043f\u0435\u043b\u043b\u0435\u0442 Raider 18 \u043b, 1000 \u0412\u0442"},"content":{"rendered":"<p data-start=\"1324\" data-end=\"1631\">Raider RD-WC02N je specijalizovan usisiva\u010d namenjen \u010di\u0161\u0107enju hladnog pepela i ostataka sagorevanja u okru\u017eenju pe\u0107i i kamina. Zbog svoje konstrukcije (metalni kanister, HEPA tip filtera) i usisne mo\u0107i, omogu\u0107ava efikasan i bezbedan rad. Idealno re\u0161enje za odr\u017eavanje kotlova na pelet.<\/p>\n<p data-start=\"1633\" data-end=\"1815\">Namenjen je isklju\u010divo za suvo usisavanje (hladan pepeo), ne preporu\u010duje se usisavanje vru\u0107eg pepela.<\/p>\n<h3 data-start=\"147\" data-end=\"173\"><strong>\u0422\u0435\u0445\u043d\u0438\u0447\u0435\u0441\u043a\u0438\u0435 \u0445\u0430\u0440\u0430\u043a\u0442\u0435\u0440\u0438\u0441\u0442\u0438\u043a\u0438<\/strong><\/h3>\n<ul>\n<li data-start=\"177\" data-end=\"252\">Proizvo\u0111a\u010d \/ model: Raider RD-WC02N<\/li>\n<li data-start=\"255\" data-end=\"319\">Snaga motora: 1000 W<\/li>\n<li data-start=\"322\" data-end=\"405\">Zapremina posude \/ kanistera: 18 litara<\/li>\n<li data-start=\"408\" data-end=\"468\">Napon: 230 V \/ 50 Hz<\/li>\n<li data-start=\"471\" data-end=\"548\">Vakuum \/ usisna mo\u0107: oko 15.5 kPa<\/li>\n<li data-start=\"624\" data-end=\"683\">Du\u017eina kabla: 1,5 m<\/li>\n<li data-start=\"686\" data-end=\"756\">Te\u017eina ure\u0111aja: oko 2,5kg<\/li>\n<\/ul>\n<p>&nbsp;<\/p>","protected":false},"excerpt":{"rendered":"<p data-start=\"1083\" data-end=\"1322\">Usisiva\u010d za pepeo Raider RD-WC02N (18 L \/ 1000 W) je prakti\u010dan ure\u0111aj za \u010di\u0161\u0107enje pe\u0107i na pelet, kamina ili ro\u0161tilja. Ima metalni rezervoar od 18 l i sna\u017ean motor od 1 kW, idealan za uklanjanje pra\u0161ine i ostataka pepela.<\/p>\n<p data-start=\"1324\" data-end=\"1631\">","protected":false},"featured_media":24049,"template":"","meta":{"_seopress_robots_primary_cat":"none","_seopress_titles_title":"","_seopress_titles_desc":"Raider RD-WC02N usisiva\u010d za pepeo \/ pelet (18 L, 1000 W) \u2013 efikasno \u010di\u0161\u0107enje pepela iz kamina, pe\u0107i i kotlova. HEPA filter, metalni rezervoar, jednostavna upotreba i dugoro\u010dna pouzdanost.","_seopress_robots_index":""},"product_brand":[5064],"product_cat":[4205,4217],"product_tag":[],"class_list":{"0":"post-16182","1":"product","2":"type-product","3":"status-publish","4":"has-post-thumbnail","6":"product_brand-raider","7":"product_cat-kotlovi-i-kamini-na-pelet","8":"product_cat-oprema-za-odrzavanje-kotlova-na-pelet","10":"first","11":"instock","12":"purchasable","13":"product-type-simple"},"_links":{"self":[{"href":"https:\/\/grejanjesrbija.com\/ru\/wp-json\/wp\/v2\/product\/16182","targetHints":{"allow":["GET"]}}],"collection":[{"href":"https:\/\/grejanjesrbija.com\/ru\/wp-json\/wp\/v2\/product"}],"about":[{"href":"https:\/\/grejanjesrbija.com\/ru\/wp-json\/wp\/v2\/types\/product"}],"wp:featuredmedia":[{"embeddable":true,"href":"https:\/\/grejanjesrbija.com\/ru\/wp-json\/wp\/v2\/media\/24049"}],"wp:attachment":[{"href":"https:\/\/grejanjesrbija.com\/ru\/wp-json\/wp\/v2\/media?parent=16182"}],"wp:term":[{"taxonomy":"product_brand","embeddable":true,"href":"https:\/\/grejanjesrbija.com\/ru\/wp-json\/wp\/v2\/product_brand?post=16182"},{"taxonomy":"product_cat","embeddable":true,"href":"https:\/\/grejanjesrbija.com\/ru\/wp-json\/wp\/v2\/product_cat?post=16182"},{"taxonomy":"product_tag","embeddable":true,"href":"https:\/\/grejanjesrbija.com\/ru\/wp-json\/wp\/v2\/product_tag?post=16182"}],"curies":[{"name":"wp","href":"https:\/\/api.w.org\/{rel}","templated":true}]}}