{"id":16234,"date":"2025-07-15T10:59:37","date_gmt":"2025-07-15T08:59:37","guid":{"rendered":"https:\/\/foxit-technology.com\/proizvod\/kotao-termomont-btk\/"},"modified":"2026-04-02T13:18:39","modified_gmt":"2026-04-02T11:18:39","slug":"kotao-termomont-btk","status":"publish","type":"product","link":"https:\/\/grejanjesrbija.com\/ru\/proizvod\/kotao-termomont-btk\/","title":{"rendered":"Kotao Termomont BTK 40kW"},"content":{"rendered":"<h2><strong>Kotao Termomont BTK 40kW<\/strong><\/h2>\n<p>Kotao Termomont BTK 40 kW je toplovodni kotao na \u010dvrsto gorivo\/biomasu sa lo\u017ei\u0161tem posebno prilago\u0111enim sagorevanju biomase poput slame, je\u010dma, soje ili kukuruza.\u00a0<br data-start=\"620\" data-end=\"623\" \/>Konstruisan je kao \u010deli\u010dna varena konstrukcija, izra\u0111en prema normi EN 303-5 i ISO 9001, sa atestiranim materijalima (EN10025, EN10028-2, EN10120, EN10088-2).<\/p>\n<h3 data-start=\"3158\" data-end=\"3173\"><strong>\u041f\u0440\u0435\u0438\u043c\u0443\u0449\u0435\u0441\u0442\u0432\u0430<\/strong><\/h3>\n<ul>\n<li data-start=\"3176\" data-end=\"3271\">Prilago\u0111en sagorevanju biomase (npr. slama) ili drugog \u010dvrstog goriva \u2013 fleksibilnost goriva.<\/li>\n<li data-start=\"3274\" data-end=\"3372\">Visoka konstrukcijska i tehnolo\u0161ka kvaliteta \u2013 u skladu sa normama, sa atestiranim materijalima.<\/li>\n<li data-start=\"3375\" data-end=\"3466\">Dobra efikasnost \u2013 preko 70 % u standardnim uslovima, koja omogu\u0107ava ekonomi\u010dno grejanje.<\/li>\n<li data-start=\"3469\" data-end=\"3565\">Robusna konstrukcija sa ve\u0107im lo\u017ei\u0161tem i zapreminom vode, pogodna za objekte srednje veli\u010dine.<\/li>\n<li data-start=\"3568\" data-end=\"3661\">Jednostavna monta\u017ea i upotreba \u2013 idealan za grejanje objekata gde je biomasa primarno gorivo.<\/li>\n<\/ul>","protected":false},"excerpt":{"rendered":"<p data-start=\"197\" data-end=\"361\">Kotao Termomont BTK 40 kW \u2013 \u010deli\u010dni kotao na \u010dvrsto gorivo\/biomasu, sa lo\u017ei\u0161tem prilago\u0111enim baliranoj slami ili drugoj biomasi, odli\u010dan za grejanje ve\u0107ih objekata.<\/p>","protected":false},"featured_media":25105,"template":"","meta":{"_seopress_robots_primary_cat":"none","_seopress_titles_title":"","_seopress_titles_desc":"Kotao Termomont BTK 40 kW \u2013 \u010deli\u010dni kotao na \u010dvrsto gorivo\/biomasu, visokokvalitetna izrada prema EN 303-5, nominalna snaga 40 kW, efikasnost >70\u2009%, idealan za grejanje biomase.","_seopress_robots_index":""},"product_brand":[4195],"product_cat":[4235],"product_tag":[],"class_list":{"0":"post-16234","1":"product","2":"type-product","3":"status-publish","4":"has-post-thumbnail","6":"product_brand-termomont","7":"product_cat-kotlovi-na-biomasu","9":"first","10":"instock","11":"purchasable","12":"product-type-simple"},"_links":{"self":[{"href":"https:\/\/grejanjesrbija.com\/ru\/wp-json\/wp\/v2\/product\/16234","targetHints":{"allow":["GET"]}}],"collection":[{"href":"https:\/\/grejanjesrbija.com\/ru\/wp-json\/wp\/v2\/product"}],"about":[{"href":"https:\/\/grejanjesrbija.com\/ru\/wp-json\/wp\/v2\/types\/product"}],"wp:featuredmedia":[{"embeddable":true,"href":"https:\/\/grejanjesrbija.com\/ru\/wp-json\/wp\/v2\/media\/25105"}],"wp:attachment":[{"href":"https:\/\/grejanjesrbija.com\/ru\/wp-json\/wp\/v2\/media?parent=16234"}],"wp:term":[{"taxonomy":"product_brand","embeddable":true,"href":"https:\/\/grejanjesrbija.com\/ru\/wp-json\/wp\/v2\/product_brand?post=16234"},{"taxonomy":"product_cat","embeddable":true,"href":"https:\/\/grejanjesrbija.com\/ru\/wp-json\/wp\/v2\/product_cat?post=16234"},{"taxonomy":"product_tag","embeddable":true,"href":"https:\/\/grejanjesrbija.com\/ru\/wp-json\/wp\/v2\/product_tag?post=16234"}],"curies":[{"name":"wp","href":"https:\/\/api.w.org\/{rel}","templated":true}]}}