{"id":16264,"date":"2025-07-15T10:59:37","date_gmt":"2025-07-15T08:59:37","guid":{"rendered":"https:\/\/foxit-technology.com\/proizvod\/grejac-mek-cini\/"},"modified":"2026-03-16T10:51:57","modified_gmt":"2026-03-16T09:51:57","slug":"grejac-mek-cini","status":"publish","type":"product","link":"https:\/\/grejanjesrbija.com\/ru\/proizvod\/grejac-mek-cini\/","title":{"rendered":"Elektri\u010dni greja\u010d Mek Cini"},"content":{"rendered":"<p>Elektri\u010dni greja\u010d tipa MEK od brenda CINI je namenjen za ugradnju u aluminijumske i \u010deli\u010dne radijatore, kao i su\u0161a\u010de pe\u0161kira.<br data-start=\"652\" data-end=\"655\" \/>Greja\u010d se jednostavno povezuje u radijatorski sistem putem navoja \u00bd\u2033 i na elektri\u010dnu mre\u017eu (monofazni priklju\u010dak). Ugra\u0111en je elektronski termoregulator (\u00b10,5\u202f\u00b0C preciznost) i termi\u010dki osigura\u010d koji prekida rad pri temperaturi ~94\u202f\u00b0C \u2013 \u010dime je obezbe\u0111ena sigurnost.\u00a0<br data-start=\"1121\" data-end=\"1124\" \/>Snaga dolazi u raznim varijantama: 300\u202fW, 600\u202fW, 900\u202fW, 1000\u202fW, 1200\u202fW, 1500\u202fW i 2000\u202fW.\u00a0<br data-start=\"1250\" data-end=\"1253\" \/>Greja\u010d mo\u017ee da poslu\u017ei i kao za\u0161tita protiv zamrzavanja u prostorijama koje se povremeno koriste.<\/p>\n<h3 data-start=\"2440\" data-end=\"2455\"><strong>\u041f\u0440\u0435\u0438\u043c\u0443\u0449\u0435\u0441\u0442\u0432\u0430<\/strong><\/h3>\n<ul>\n<li data-start=\"2458\" data-end=\"2568\">Omogu\u0107ava elektri\u010dno grejanje postoje\u0107eg radijatora bez potrebe za novim kotlom ili centralnim sistemom.<\/li>\n<li data-start=\"2571\" data-end=\"2655\">Fina i precizna regulacija temperature grejanja omogu\u0107ava udobnost i ekonomi\u010dnost.<\/li>\n<li data-start=\"2658\" data-end=\"2707\">Ugra\u0111eni termi\u010dki osigura\u010d pove\u0107ava bezbednost.<\/li>\n<li data-start=\"2710\" data-end=\"2860\">Kompatibilan sa razli\u010ditim tipovima radijatora (aluminijumski, \u010deli\u010dni, liveni, panelni) i su\u0161a\u010dima pe\u0161kira.<\/li>\n<li data-start=\"2863\" data-end=\"2965\">Ekonomi\u010dno re\u0161enje za grejanje manjih prostorija, vikendica ili kao dodatna za\u0161tita protiv smrzavanja.<\/li>\n<\/ul>","protected":false},"excerpt":{"rendered":"<p>Elektri\u010dni greja\u010d CINI\u202fMEK \u2013 greja\u010d za radijatore sa navojnim priklju\u010dkom G\u202f\u00bd\u2033, snage od 300\u202fW do 2000\u202fW, sa elektronskom regulacijom temperature (3\u201160\u202f\u00b0C) i ugra\u0111enim termi\u010dkim osigura\u010dem.<\/p>","protected":false},"featured_media":24648,"template":"","meta":{"_seopress_robots_primary_cat":"none","_seopress_titles_title":"","_seopress_titles_desc":"CINI MEK elektri\u010dni greja\u010d za radijatore \u00bd\u2033 \u2013 snage od 300\u20112000\u202fW, elektronska regulacija temperature, siguran i jednostavan za monta\u017eu.","_seopress_robots_index":""},"product_brand":[4251],"product_cat":[4247,5118,4249,4237],"product_tag":[],"class_list":{"0":"post-16264","1":"product","2":"type-product","3":"status-publish","4":"has-post-thumbnail","6":"product_brand-cini","7":"product_cat-cevasti-radijatori","8":"product_cat-elektricni-grejaci","9":"product_cat-norveski-radijatori","10":"product_cat-radijatori","12":"first","13":"instock","14":"purchasable","15":"product-type-variable","16":"has-default-attributes"},"_links":{"self":[{"href":"https:\/\/grejanjesrbija.com\/ru\/wp-json\/wp\/v2\/product\/16264","targetHints":{"allow":["GET"]}}],"collection":[{"href":"https:\/\/grejanjesrbija.com\/ru\/wp-json\/wp\/v2\/product"}],"about":[{"href":"https:\/\/grejanjesrbija.com\/ru\/wp-json\/wp\/v2\/types\/product"}],"wp:featuredmedia":[{"embeddable":true,"href":"https:\/\/grejanjesrbija.com\/ru\/wp-json\/wp\/v2\/media\/24648"}],"wp:attachment":[{"href":"https:\/\/grejanjesrbija.com\/ru\/wp-json\/wp\/v2\/media?parent=16264"}],"wp:term":[{"taxonomy":"product_brand","embeddable":true,"href":"https:\/\/grejanjesrbija.com\/ru\/wp-json\/wp\/v2\/product_brand?post=16264"},{"taxonomy":"product_cat","embeddable":true,"href":"https:\/\/grejanjesrbija.com\/ru\/wp-json\/wp\/v2\/product_cat?post=16264"},{"taxonomy":"product_tag","embeddable":true,"href":"https:\/\/grejanjesrbija.com\/ru\/wp-json\/wp\/v2\/product_tag?post=16264"}],"curies":[{"name":"wp","href":"https:\/\/api.w.org\/{rel}","templated":true}]}}