{"id":16336,"date":"2025-07-15T10:59:59","date_gmt":"2025-07-15T08:59:59","guid":{"rendered":"https:\/\/foxit-technology.com\/proizvod\/jednodelni-i-dvodelni-drzac-za-podno\/"},"modified":"2025-10-31T13:25:50","modified_gmt":"2025-10-31T12:25:50","slug":"jednodelni-i-dvodelni-drzac-za-podno","status":"publish","type":"product","link":"https:\/\/grejanjesrbija.com\/ru\/proizvod\/jednodelni-i-dvodelni-drzac-za-podno\/","title":{"rendered":"Jednodelni dr\u017ea\u010d za podno"},"content":{"rendered":"<h2 data-start=\"0\" data-end=\"40\"><strong data-start=\"0\" data-end=\"38\">Jednodelni dr\u017ea\u010d za podno grejanje<\/strong><\/h2>\n<p data-start=\"42\" data-end=\"322\"><strong data-start=\"42\" data-end=\"80\">Jednodelni dr\u017ea\u010d za podno grejanje<\/strong> je prakti\u010dan i pouzdan element za sigurno u\u010dvr\u0161\u0107ivanje <strong data-start=\"136\" data-end=\"155\">PEX-AL-PEX cevi<\/strong> u sistemima podnog grejanja. Ovaj dr\u017ea\u010d omogu\u0107ava precizno postavljanje cevi, spre\u010dava njihovo pomeranje i doprinosi ravnomernoj raspodeli toplote po povr\u0161ini poda.<\/p>\n<p data-start=\"324\" data-end=\"570\">Izra\u0111en od kvalitetnih materijala, jednodelni dr\u017ea\u010d je lagan, izdr\u017eljiv i jednostavan za monta\u017eu, \u010dime olak\u0161ava instalaciju i \u0161tedi vreme. Idealno re\u0161enje za standardne rasporede cevi, pru\u017ea dugotrajnu stabilnost i pouzdan rad sistema grejanja.<\/p>\n<p data-start=\"572\" data-end=\"588\"><strong data-start=\"572\" data-end=\"586\">Prednosti:<\/strong><\/p>\n<ul data-start=\"589\" data-end=\"740\">\n<li data-start=\"589\" data-end=\"640\">\n<p data-start=\"591\" data-end=\"640\">Stabilno i sigurno u\u010dvr\u0161\u0107ivanje PEX-AL-PEX cevi<\/p>\n<\/li>\n<li data-start=\"641\" data-end=\"673\">\n<p data-start=\"643\" data-end=\"673\">Ravnomerna raspodela toplote<\/p>\n<\/li>\n<li data-start=\"674\" data-end=\"704\">\n<p data-start=\"676\" data-end=\"704\">Jednostavna i brza monta\u017ea<\/p>\n<\/li>\n<li data-start=\"705\" data-end=\"740\">\n<p data-start=\"707\" data-end=\"740\">Dugotrajni i otporni materijali<\/p>\n<\/li>\n<\/ul>\n<p data-start=\"742\" data-end=\"923\" data-is-last-node=\"\" data-is-only-node=\"\"><strong data-start=\"742\" data-end=\"754\">Primena:<\/strong><br data-start=\"754\" data-end=\"757\" \/>Jednodelni dr\u017ea\u010d je pogodan za sve tipove <strong data-start=\"799\" data-end=\"818\">podnog grejanja<\/strong> u stambenim, poslovnim i industrijskim objektima, omogu\u0107avaju\u0107i efikasno i dugotrajno postavljanje cevi.<\/p>","protected":false},"excerpt":{"rendered":"<p>Jednodelni dr\u017ea\u010di \u2013 pouzdano i stabilno u\u010dvr\u0161\u0107ivanje PEX-AL-PEX cevi za podno grejanje, jednostavna monta\u017ea i dug vek trajanja.<\/p>","protected":false},"featured_media":16337,"template":"","meta":{"_seopress_robots_primary_cat":"none","_seopress_titles_title":"Jednodelni dr\u017ea\u010di za podno grejanje","_seopress_titles_desc":"Jednodelni  dr\u017ea\u010di za podno grejanje omogu\u0107avaju sigurno i ravnomerno u\u010dvr\u0161\u0107ivanje PEX-AL-PEX cevi, olak\u0161avaju\u0107i monta\u017eu i efikasnost sistema.","_seopress_robots_index":""},"product_brand":[],"product_cat":[4276,4271],"product_tag":[],"class_list":{"0":"post-16336","1":"product","2":"type-product","3":"status-publish","4":"has-post-thumbnail","6":"product_cat-oprema-za-podno-grejanje","7":"product_cat-podno-grejanje","9":"first","10":"instock","11":"purchasable","12":"product-type-simple"},"_links":{"self":[{"href":"https:\/\/grejanjesrbija.com\/ru\/wp-json\/wp\/v2\/product\/16336","targetHints":{"allow":["GET"]}}],"collection":[{"href":"https:\/\/grejanjesrbija.com\/ru\/wp-json\/wp\/v2\/product"}],"about":[{"href":"https:\/\/grejanjesrbija.com\/ru\/wp-json\/wp\/v2\/types\/product"}],"wp:featuredmedia":[{"embeddable":true,"href":"https:\/\/grejanjesrbija.com\/ru\/wp-json\/wp\/v2\/media\/16337"}],"wp:attachment":[{"href":"https:\/\/grejanjesrbija.com\/ru\/wp-json\/wp\/v2\/media?parent=16336"}],"wp:term":[{"taxonomy":"product_brand","embeddable":true,"href":"https:\/\/grejanjesrbija.com\/ru\/wp-json\/wp\/v2\/product_brand?post=16336"},{"taxonomy":"product_cat","embeddable":true,"href":"https:\/\/grejanjesrbija.com\/ru\/wp-json\/wp\/v2\/product_cat?post=16336"},{"taxonomy":"product_tag","embeddable":true,"href":"https:\/\/grejanjesrbija.com\/ru\/wp-json\/wp\/v2\/product_tag?post=16336"}],"curies":[{"name":"wp","href":"https:\/\/api.w.org\/{rel}","templated":true}]}}