{"id":16425,"date":"2025-07-15T11:00:31","date_gmt":"2025-07-15T09:00:31","guid":{"rendered":"https:\/\/foxit-technology.com\/proizvod\/set-dimnjak-vilpra-prohrom-izolacija-cink-o160\/"},"modified":"2025-10-07T13:43:36","modified_gmt":"2025-10-07T11:43:36","slug":"set-dimnjak-vilpra-prohrom-izolacija-cink-o160","status":"publish","type":"product","link":"https:\/\/grejanjesrbija.com\/ru\/proizvod\/set-dimnjak-vilpra-prohrom-izolacija-cink-o160\/","title":{"rendered":"Set dimnjak Vilpra &#8211; prohrom-izolacija-cink \u00d8160"},"content":{"rendered":"<h2>Set dimnjak Vilpra od prohroma sa izolacijom i cinkom, pre\u010dnik \u00d8160 mm<\/h2>\n<p>Set dimnjak Vilpra predstavlja savr\u0161eno re\u0161enje za sve Va\u0161e potrebe u oblasti centralnog grejanja. Ovaj <strong>monta\u017eni dimnjak<\/strong> od prohroma obezbe\u0111uje visoku otpornost na visoke temperature i koroziju, garantuju\u0107i dugotrajnost i sigurnost.<\/p>\n<p>Vilpra prohrom-cink dimnjaci za spoljnu monta\u017eu su ispunjeni termoizolacijom kako bi se spre\u010dilo pothla\u0111ivanje dimnjaka i obezbedio du\u017ei radni vek kotla kao i bolje funkcionisanje kompletnog dimnja\u010dkog sistema. Ispravan odabir pre\u010dnika i visine dimnjaka je od osnovne va\u017enosti za njegovu dugotrajnost, kao i za du\u017ei \u017eivotni vek kotla na koji je prilkju\u010den. U ponudi Vilpra dimnja\u010dkih sistema za Vas smo formirali setove u rasponu od 6 do 10m ali ih tako\u0111e mo\u017eete kupiti i po pojedina\u010dnim elementima i sami formirati set u zavisnosti od potrebe.<\/p>\n<p>Set obuhvata:<\/p>\n<table style=\"width: 100%;\">\n<tbody>\n<tr>\n<td data-sheets-value=\"{\" data-sheets-numberformat=\"[null,2,\" data-sheets-formula=\"\">Set<\/td>\n<td>Sastav seta:<\/td>\n<\/tr>\n<tr>\n<td>6m<\/td>\n<td><span data-mce-mark=\"1\"><span data-mce-mark=\"1\"><span data-mce-mark=\"1\">Okapnica,revizija,t priklju\u010dak, cevi, vrh, 2 nosa\u010da (jedan dolazi u setu), poklopac izolacije<\/span><\/span><\/span><\/td>\n<\/tr>\n<tr>\n<td>7m<\/td>\n<td><span data-mce-mark=\"1\"><span data-mce-mark=\"1\"><span data-mce-mark=\"1\">Okapnica,revizija,t priklju\u010dak, cevi, vrh, 2 nosa\u010da (jedan dolazi u setu), poklopac izolacije<\/span><\/span><\/span><\/td>\n<\/tr>\n<tr>\n<td>8m<\/td>\n<td><span data-mce-mark=\"1\"><span data-mce-mark=\"1\"><span data-mce-mark=\"1\">Okapnica,revizija,t priklju\u010dak, cevi, vrh, 3 nosa\u010da (jedan dolazi u setu), poklopac izolacije<\/span><\/span><\/span><\/td>\n<\/tr>\n<tr>\n<td>9m<\/td>\n<td><span data-mce-mark=\"1\"><span data-mce-mark=\"1\"><span data-mce-mark=\"1\">Okapnica,revizija,t priklju\u010dak, cevi, vrh, 3 nosa\u010da (jedan dolazi u setu), poklopac izolacije<\/span><\/span><\/span><\/td>\n<\/tr>\n<tr>\n<td>10m<\/td>\n<td><span data-mce-mark=\"1\"><span data-mce-mark=\"1\"><span data-mce-mark=\"1\">Okapnica,revizija,t priklju\u010dak, cevi, vrh, 3 nosa\u010da (jedan dolazi u setu), poklopac izolacije<\/span><\/span><\/span><\/td>\n<\/tr>\n<\/tbody>\n<\/table>\n<p>Ukoliko dimnjak prolazi kroz krov, potrebno je dokupiti krovnu rozetnu koja nije uklju\u010dena u set.<\/p>\n<h3>Karakteristike proizvoda<\/h3>\n<ul>\n<li>Prohromska izrada za maksimalnu otpornost<\/li>\n<li>Izolacija za dodatnu sigurnost<\/li>\n<li>Pre\u010dnik 160 mm, idealan za razne instalacije<\/li>\n<li>Jednostavna monta\u017ea bez potrebe za posebnim alatima<\/li>\n<li>Debljina 0,7 x 2,5 x 0,7<\/li>\n<\/ul>\n<p>&nbsp;<\/p>\n<p>Odabir <strong>monta\u017enog dimnjaka<\/strong> Vilpra zna\u010di ulaganje u kvalitet i sigurnost. Njegova efikasnost u preno\u0161enju dimnih gasova \u010dini ga idealnim za razne tipove grejanja, dok prohromska izrada garantuje dugove\u010dnost. Osim toga, lako se montira, \u0161to \u0107e vam u\u0161tedeti vreme i novac.<\/p>","protected":false},"excerpt":{"rendered":"<p>Set dimnjaka Vilpra je savr\u0161en izbor za efikasno odvo\u0111enje dima. Izra\u0111en od prohroma sa cink izolacijom, pru\u017ea visoku otpornost na temperature.<\/p>","protected":false},"featured_media":16426,"template":"","meta":{"_seopress_robots_primary_cat":"none","_seopress_titles_title":"Set dimnjak Vilpra - prohrom-izolacija-cink \u00d8160","_seopress_titles_desc":"Kupite monta\u017eni dimnjak od prohroma \u00d8160 mm za centralno grejanje. Obezbedite dugotrajnost i sigurnost uz otpornost na visoke temperature i koroziju.","_seopress_robots_index":""},"product_brand":[4303],"product_cat":[4304,4307],"product_tag":[],"class_list":{"0":"post-16425","1":"product","2":"type-product","3":"status-publish","4":"has-post-thumbnail","6":"product_brand-vilpra","7":"product_cat-dimnjaci","8":"product_cat-montazni-dimnjaci","9":"pa_dimenzije-10-m","10":"pa_dimenzije-6-m","11":"pa_dimenzije-7-m","12":"pa_dimenzije-8-m","13":"pa_dimenzije-9-m","15":"first","16":"instock","17":"purchasable","18":"product-type-variable","19":"has-default-attributes"},"_links":{"self":[{"href":"https:\/\/grejanjesrbija.com\/ru\/wp-json\/wp\/v2\/product\/16425","targetHints":{"allow":["GET"]}}],"collection":[{"href":"https:\/\/grejanjesrbija.com\/ru\/wp-json\/wp\/v2\/product"}],"about":[{"href":"https:\/\/grejanjesrbija.com\/ru\/wp-json\/wp\/v2\/types\/product"}],"wp:featuredmedia":[{"embeddable":true,"href":"https:\/\/grejanjesrbija.com\/ru\/wp-json\/wp\/v2\/media\/16426"}],"wp:attachment":[{"href":"https:\/\/grejanjesrbija.com\/ru\/wp-json\/wp\/v2\/media?parent=16425"}],"wp:term":[{"taxonomy":"product_brand","embeddable":true,"href":"https:\/\/grejanjesrbija.com\/ru\/wp-json\/wp\/v2\/product_brand?post=16425"},{"taxonomy":"product_cat","embeddable":true,"href":"https:\/\/grejanjesrbija.com\/ru\/wp-json\/wp\/v2\/product_cat?post=16425"},{"taxonomy":"product_tag","embeddable":true,"href":"https:\/\/grejanjesrbija.com\/ru\/wp-json\/wp\/v2\/product_tag?post=16425"}],"curies":[{"name":"wp","href":"https:\/\/api.w.org\/{rel}","templated":true}]}}