{"id":16440,"date":"2025-07-15T11:00:31","date_gmt":"2025-07-15T09:00:31","guid":{"rendered":"https:\/\/foxit-technology.com\/proizvod\/dimna-stucna-12mm\/"},"modified":"2026-03-10T15:17:47","modified_gmt":"2026-03-10T14:17:47","slug":"dimna-stucna-12mm","status":"publish","type":"product","link":"https:\/\/grejanjesrbija.com\/ru\/proizvod\/dimna-stucna-12mm\/","title":{"rendered":"Dimna \u0161tucna 1,2mm"},"content":{"rendered":"<p data-start=\"30\" data-end=\"348\">Dimna \u0161tucna debljine 1,2 mm predstavlja va\u017ean element dimovodnog sistema koji omogu\u0107ava sigurno i pravilno povezivanje pe\u0107i, kotlova ili kamina sa dimovodnim cevima. Njena osnovna funkcija je da obezbedi stabilan priklju\u010dak izme\u0111u grejnog ure\u0111aja i dimnjaka, \u010dime se omogu\u0107ava efikasan i bezbedan odvod dimnih gasova.<\/p>\n<p data-start=\"350\" data-end=\"711\">Izra\u0111ena je od kvalitetnog \u010deli\u010dnog lima debljine 1,2 mm, \u0161to joj pru\u017ea visoku otpornost na visoke temperature i dug vek trajanja \u010dak i pri intenzivnoj upotrebi. Zahvaljuju\u0107i robusnoj konstrukciji, dimna \u0161tucna obezbe\u0111uje \u010dvrsto i stabilno spajanje dimovodnih elemenata, \u010dime se smanjuje mogu\u0107nost propu\u0161tanja dima i pobolj\u0161ava efikasnost rada sistema grejanja.<\/p>\n<p data-start=\"713\" data-end=\"1022\">Dimna \u0161tucna se naj\u010de\u0161\u0107e koristi prilikom povezivanja dimovodnih cevi sa kotlovima, pe\u0107ima na drva, kaminima i drugim ure\u0111ajima na \u010dvrsto gorivo. Njena konstrukcija omogu\u0107ava jednostavnu i brzu monta\u017eu, a kompatibilna je sa standardnim dimovodnim cevima koje se koriste u instalacijama za odvod dimnih gasova.<\/p>\n<p data-start=\"1352\" data-end=\"1376\"><strong data-start=\"1352\" data-end=\"1376\">Prednosti proizvoda:<\/strong><\/p>\n<ul>\n<li data-start=\"1379\" data-end=\"1422\">izra\u0111ena od \u010deli\u010dnog lima debljine 1,2 mm<\/li>\n<li data-start=\"1425\" data-end=\"1458\">visoka otpornost na temperature<\/li>\n<li data-start=\"1461\" data-end=\"1503\">sigurno povezivanje dimovodnih elemenata<\/li>\n<li data-start=\"1506\" data-end=\"1534\">jednostavna i brza monta\u017ea<\/li>\n<li data-start=\"1537\" data-end=\"1555\">dug vek trajanja<\/li>\n<\/ul>","protected":false},"excerpt":{"rendered":"<div class=\"flex flex-col text-sm pb-25\">\n<article class=\"text-token-text-primary w-full focus:outline-none [--shadow-height:45px] has-data-writing-block:pointer-events-none has-data-writing-block:-mt-(--shadow-height) has-data-writing-block:pt-(--shadow-height) [&amp;:has([data-writing-block])&gt;*]:pointer-events-auto scroll-mt-[calc(var(--header-height)+min(200px,max(70px,20svh)))]\" dir=\"auto\" tabindex=\"-1\" data-turn-id=\"request-WEB:fe466b9f-91bb-41ca-846b-6d861de15ba6-2\" data-testid=\"conversation-turn-6\" data-scroll-anchor=\"true\" data-turn=\"assistant\">\n<div class=\"text-base my-auto mx-auto pb-10 [--thread-content-margin:var(--thread-content-margin-xs,calc(var(--spacing)*4))] @w-sm\/main:[--thread-content-margin:var(--thread-content-margin-sm,calc(var(--spacing)*6))] @w-lg\/main:[--thread-content-margin:var(--thread-content-margin-lg,calc(var(--spacing)*16))] px-(--thread-content-margin)\">\n<div class=\"[--thread-content-max-width:40rem] @w-lg\/main:[--thread-content-max-width:48rem] mx-auto max-w-(--thread-content-max-width) flex-1 group\/turn-messages focus-visible:outline-hidden relative flex w-full min-w-0 flex-col agent-turn\" tabindex=\"-1\">\n<div class=\"flex max-w-full flex-col gap-4 grow\">\n<div class=\"min-h-8 text-message relative flex w-full flex-col items-end gap-2 text-start break-words whitespace-normal [.text-message+&amp;]:mt-1\" dir=\"auto\" data-message-author-role=\"assistant\" data-message-id=\"98b332a5-a56a-49c8-8c10-89a3a44d9c3f\" data-message-model-slug=\"gpt-5-3\">\n<div class=\"flex w-full flex-col gap-1 empty:hidden\">\n<div class=\"markdown prose dark:prose-invert w-full wrap-break-word light markdown-new-styling\">\n<p data-start=\"1582\" data-end=\"1881\" data-is-last-node=\"\" data-is-only-node=\"\">Dimna \u0161tucna 1,2 mm namenjena je za sigurno povezivanje pe\u0107i, kotlova i kamina sa dimovodnim cevima. Izra\u0111ena je od kvalitetnog \u010deli\u010dnog lima koji obezbe\u0111uje otpornost na visoke temperature i dugotrajnu upotrebu. Omogu\u0107ava stabilan i pouzdan priklju\u010dak u dimovodnim sistemima za odvod dimnih gasova.<\/p>\n<\/div>\n<\/div>\n<\/div>\n<\/div>\n<\/div>\n<\/div>\n<\/article>\n<\/div>\n","protected":false},"featured_media":16441,"template":"","meta":{"_seopress_robots_primary_cat":"none","_seopress_titles_title":"","_seopress_titles_desc":"","_seopress_robots_index":""},"product_brand":[],"product_cat":[4309,4304],"product_tag":[],"class_list":{"0":"post-16440","1":"product","2":"type-product","3":"status-publish","4":"has-post-thumbnail","6":"product_cat-dimne-cevi","7":"product_cat-dimnjaci","9":"first","10":"instock","11":"purchasable","12":"product-type-variable","13":"has-default-attributes"},"_links":{"self":[{"href":"https:\/\/grejanjesrbija.com\/ru\/wp-json\/wp\/v2\/product\/16440","targetHints":{"allow":["GET"]}}],"collection":[{"href":"https:\/\/grejanjesrbija.com\/ru\/wp-json\/wp\/v2\/product"}],"about":[{"href":"https:\/\/grejanjesrbija.com\/ru\/wp-json\/wp\/v2\/types\/product"}],"wp:featuredmedia":[{"embeddable":true,"href":"https:\/\/grejanjesrbija.com\/ru\/wp-json\/wp\/v2\/media\/16441"}],"wp:attachment":[{"href":"https:\/\/grejanjesrbija.com\/ru\/wp-json\/wp\/v2\/media?parent=16440"}],"wp:term":[{"taxonomy":"product_brand","embeddable":true,"href":"https:\/\/grejanjesrbija.com\/ru\/wp-json\/wp\/v2\/product_brand?post=16440"},{"taxonomy":"product_cat","embeddable":true,"href":"https:\/\/grejanjesrbija.com\/ru\/wp-json\/wp\/v2\/product_cat?post=16440"},{"taxonomy":"product_tag","embeddable":true,"href":"https:\/\/grejanjesrbija.com\/ru\/wp-json\/wp\/v2\/product_tag?post=16440"}],"curies":[{"name":"wp","href":"https:\/\/api.w.org\/{rel}","templated":true}]}}