{"id":16446,"date":"2025-07-15T11:00:31","date_gmt":"2025-07-15T09:00:31","guid":{"rendered":"https:\/\/foxit-technology.com\/proizvod\/ms-prelaz-sn\/"},"modified":"2026-03-16T09:17:55","modified_gmt":"2026-03-16T08:17:55","slug":"ms-prelaz-sn","status":"publish","type":"product","link":"https:\/\/grejanjesrbija.com\/ru\/proizvod\/ms-prelaz-sn\/","title":{"rendered":"MS Prelaz SN"},"content":{"rendered":"<p data-start=\"0\" data-end=\"60\"><strong data-start=\"0\" data-end=\"58\">SEO tekst za proizvod: MS Prelaz SN \u2013 Mesingani fiting<\/strong><\/p>\n<p data-start=\"62\" data-end=\"462\">MS Prelaz SN je visokokvalitetni <strong data-start=\"95\" data-end=\"115\">mesingani fiting<\/strong> namenjen za sigurno i trajno povezivanje cevi u sistemima grejanja, hla\u0111enja i vodovoda. Zahvaljuju\u0107i preciznoj izradi od <strong data-start=\"238\" data-end=\"292\">mesinga otpor\u00adnog na koroziju i visoke temperature<\/strong>, obezbe\u0111uje dug vek trajanja i pouzdan rad sistema. Ovaj prelaz omogu\u0107ava jednostavnu monta\u017eu i \u010dvrsto zaptivanje spojeva, \u010dime se spre\u010dava curenje i gubitak pritiska.<\/p>\n<p data-start=\"464\" data-end=\"480\"><strong data-start=\"464\" data-end=\"478\">Prednosti:<\/strong><\/p>\n<ul data-start=\"481\" data-end=\"655\">\n<li data-start=\"481\" data-end=\"531\">\n<p data-start=\"483\" data-end=\"531\">Izra\u0111en od mesinga visoke \u010disto\u0107e i otpornosti<\/p>\n<\/li>\n<li data-start=\"532\" data-end=\"588\">\n<p data-start=\"534\" data-end=\"588\">Pogodan za instalacije grejanja, hla\u0111enja i vodovoda<\/p>\n<\/li>\n<li data-start=\"589\" data-end=\"619\">\n<p data-start=\"591\" data-end=\"619\">Jednostavna i brza monta\u017ea<\/p>\n<\/li>\n<li data-start=\"620\" data-end=\"655\">\n<p data-start=\"622\" data-end=\"655\">Dugotrajna nepropusnost spojeva<\/p>\n<\/li>\n<\/ul>","protected":false},"excerpt":{"rendered":"<p>MS Prelaz SN je mesingani fiting za sigurno i nepropusno povezivanje cevi u sistemima grejanja, hla\u0111enja i vodovoda.<\/p>","protected":false},"featured_media":21512,"template":"","meta":{"_seopress_robots_primary_cat":"none","_seopress_titles_title":"","_seopress_titles_desc":"MS Prelaz SN je mesingani fiting za sigurno i nepropusno povezivanje cevi u sistemima grejanja, hla\u0111enja i vodovoda.","_seopress_robots_index":""},"product_brand":[],"product_cat":[4296,4311],"product_tag":[],"class_list":{"0":"post-16446","1":"product","2":"type-product","3":"status-publish","4":"has-post-thumbnail","6":"product_cat-fiting","7":"product_cat-mesingani-fiting","9":"first","10":"instock","11":"purchasable","12":"product-type-variable","13":"has-default-attributes"},"_links":{"self":[{"href":"https:\/\/grejanjesrbija.com\/ru\/wp-json\/wp\/v2\/product\/16446","targetHints":{"allow":["GET"]}}],"collection":[{"href":"https:\/\/grejanjesrbija.com\/ru\/wp-json\/wp\/v2\/product"}],"about":[{"href":"https:\/\/grejanjesrbija.com\/ru\/wp-json\/wp\/v2\/types\/product"}],"wp:featuredmedia":[{"embeddable":true,"href":"https:\/\/grejanjesrbija.com\/ru\/wp-json\/wp\/v2\/media\/21512"}],"wp:attachment":[{"href":"https:\/\/grejanjesrbija.com\/ru\/wp-json\/wp\/v2\/media?parent=16446"}],"wp:term":[{"taxonomy":"product_brand","embeddable":true,"href":"https:\/\/grejanjesrbija.com\/ru\/wp-json\/wp\/v2\/product_brand?post=16446"},{"taxonomy":"product_cat","embeddable":true,"href":"https:\/\/grejanjesrbija.com\/ru\/wp-json\/wp\/v2\/product_cat?post=16446"},{"taxonomy":"product_tag","embeddable":true,"href":"https:\/\/grejanjesrbija.com\/ru\/wp-json\/wp\/v2\/product_tag?post=16446"}],"curies":[{"name":"wp","href":"https:\/\/api.w.org\/{rel}","templated":true}]}}