{"id":16487,"date":"2025-07-15T11:00:44","date_gmt":"2025-07-15T09:00:44","guid":{"rendered":"https:\/\/foxit-technology.com\/proizvod\/bakarni-rt-komad\/"},"modified":"2026-03-14T12:44:18","modified_gmt":"2026-03-14T11:44:18","slug":"bakarni-rt-komad","status":"publish","type":"product","link":"https:\/\/grejanjesrbija.com\/ru\/proizvod\/bakarni-rt-komad\/","title":{"rendered":"Bakarni RT komad"},"content":{"rendered":"<p data-start=\"78\" data-end=\"453\"><strong data-start=\"78\" data-end=\"120\">Bakarni RT-komad\u00a0<\/strong><br data-start=\"120\" data-end=\"123\" \/>Bakarni RT-komad (redukcioni T-komad) koristi se za spajanje tri cevi razli\u010ditih pre\u010dnika u sistemima centralnog grejanja i vodovoda, omogu\u0107avaju\u0107i jednostavnu i sigurnu adaptaciju instalacija. Idealan je kada je potrebno povezati cevi razli\u010ditih dimenzija bez dodatnih spojeva, \u010dime se pove\u0107ava pouzdanost i efikasnost sistema.<\/p>\n<p data-start=\"455\" data-end=\"694\">Izra\u0111en od visokokvalitetnog bakra, RT-komad je otporan na koroziju, visoke temperature i pritisak, \u0161to garantuje dug vek trajanja instalacije. Njegova \u010dvrsta i precizna konstrukcija osigurava stabilan i nepropustan spoj u svim uslovima.<\/p>\n<p data-start=\"696\" data-end=\"727\"><strong data-start=\"696\" data-end=\"725\">Karakteristike proizvoda:<\/strong><\/p>\n<ul data-start=\"728\" data-end=\"921\">\n<li data-start=\"728\" data-end=\"765\">\n<p data-start=\"730\" data-end=\"765\">Materijal: visokokvalitetni bakar<\/p>\n<\/li>\n<li data-start=\"766\" data-end=\"817\">\n<p data-start=\"768\" data-end=\"817\">Omogu\u0107ava spajanje tri cevi razli\u010ditih pre\u010dnika<\/p>\n<\/li>\n<li data-start=\"818\" data-end=\"851\">\n<p data-start=\"820\" data-end=\"851\">Jednostavna i sigurna monta\u017ea<\/p>\n<\/li>\n<li data-start=\"852\" data-end=\"896\">\n<p data-start=\"854\" data-end=\"896\">Otporan na koroziju i visoke temperature<\/p>\n<\/li>\n<li data-start=\"897\" data-end=\"921\">\n<p data-start=\"899\" data-end=\"921\">Dugotrajan i pouzdan<\/p>\n<\/li>\n<\/ul>","protected":false},"excerpt":{"rendered":"<article class=\"text-token-text-primary w-full focus:outline-none scroll-mt-[calc(var(--header-height)+min(200px,max(70px,20svh)))]\" dir=\"auto\" tabindex=\"-1\" data-turn-id=\"request-WEB:94d3efea-37c4-4c18-8511-a6341e6ab31f-23\" data-testid=\"conversation-turn-48\" data-scroll-anchor=\"true\" data-turn=\"assistant\">\n<div class=\"text-base my-auto mx-auto pb-10 [--thread-content-margin:--spacing(4)] thread-sm:[--thread-content-margin:--spacing(6)] thread-lg:[--thread-content-margin:--spacing(16)] px-(--thread-content-margin)\">\n<div class=\"[--thread-content-max-width:40rem] thread-lg:[--thread-content-max-width:48rem] mx-auto max-w-(--thread-content-max-width) flex-1 group\/turn-messages focus-visible:outline-hidden relative flex w-full min-w-0 flex-col agent-turn\" tabindex=\"-1\">\n<div class=\"flex max-w-full flex-col grow\">\n<div class=\"min-h-8 text-message relative flex w-full flex-col items-end gap-2 text-start break-words whitespace-normal [.text-message+&amp;]:mt-5\" dir=\"auto\" data-message-author-role=\"assistant\" data-message-id=\"dc5b45d9-c8f2-4932-bfff-6d9be0f6128f\" data-message-model-slug=\"gpt-5-mini\">\n<div class=\"flex w-full flex-col gap-1 empty:hidden first:pt-[1px]\">\n<div class=\"markdown prose dark:prose-invert w-full break-words light markdown-new-styling\">\n<p data-start=\"923\" data-end=\"1108\" data-is-last-node=\"\" data-is-only-node=\"\">Bakarni RT-komad omogu\u0107ava sigurno spajanje cevi razli\u010ditih pre\u010dnika u sistemima centralnog grejanja uz jednostavnu monta\u017eu.<\/p>\n<\/div>\n<\/div>\n<\/div>\n<\/div>\n<\/div>\n<\/div>\n<\/article>\n","protected":false},"featured_media":21169,"template":"","meta":{"_seopress_robots_primary_cat":"none","_seopress_titles_title":"","_seopress_titles_desc":"Bakarni RT-komad omogu\u0107ava sigurno spajanje cevi razli\u010ditih pre\u010dnika u sistemima centralnog grejanja uz jednostavnu monta\u017eu.","_seopress_robots_index":""},"product_brand":[],"product_cat":[4312,4296],"product_tag":[],"class_list":{"0":"post-16487","1":"product","2":"type-product","3":"status-publish","4":"has-post-thumbnail","6":"product_cat-bakarni-fiting","7":"product_cat-fiting","9":"first","10":"instock","11":"purchasable","12":"product-type-variable","13":"has-default-attributes"},"_links":{"self":[{"href":"https:\/\/grejanjesrbija.com\/ru\/wp-json\/wp\/v2\/product\/16487","targetHints":{"allow":["GET"]}}],"collection":[{"href":"https:\/\/grejanjesrbija.com\/ru\/wp-json\/wp\/v2\/product"}],"about":[{"href":"https:\/\/grejanjesrbija.com\/ru\/wp-json\/wp\/v2\/types\/product"}],"wp:featuredmedia":[{"embeddable":true,"href":"https:\/\/grejanjesrbija.com\/ru\/wp-json\/wp\/v2\/media\/21169"}],"wp:attachment":[{"href":"https:\/\/grejanjesrbija.com\/ru\/wp-json\/wp\/v2\/media?parent=16487"}],"wp:term":[{"taxonomy":"product_brand","embeddable":true,"href":"https:\/\/grejanjesrbija.com\/ru\/wp-json\/wp\/v2\/product_brand?post=16487"},{"taxonomy":"product_cat","embeddable":true,"href":"https:\/\/grejanjesrbija.com\/ru\/wp-json\/wp\/v2\/product_cat?post=16487"},{"taxonomy":"product_tag","embeddable":true,"href":"https:\/\/grejanjesrbija.com\/ru\/wp-json\/wp\/v2\/product_tag?post=16487"}],"curies":[{"name":"wp","href":"https:\/\/api.w.org\/{rel}","templated":true}]}}