{"id":16501,"date":"2025-07-15T11:00:52","date_gmt":"2025-07-15T09:00:52","guid":{"rendered":"https:\/\/foxit-technology.com\/proizvod\/nosac-ngr\/"},"modified":"2025-11-07T14:25:27","modified_gmt":"2025-11-07T13:25:27","slug":"nosac-ngr","status":"publish","type":"product","link":"https:\/\/grejanjesrbija.com\/ru\/proizvod\/nosac-ngr\/","title":{"rendered":"Nosa\u010d NGR za radijator"},"content":{"rendered":"<p>Nosa\u010d NGR, \u010desto nazivan i \u201e\u017eabica\u201c, je komponenta koja se primarno koristi kod monta\u017ee aluminijumskih radijatora. Njegova funkcija je da se pri\u010dvrsti direktno na radijator, obezbedi stabilan oslonac i potom bude povezan sa zidnim nosa\u010dem (RKP ili KUD) radi potpune monta\u017ee na zid.\u00a0<br data-start=\"680\" data-end=\"683\" \/>Zahvaljuju\u0107i jednostavnom dizajnu, nosa\u010d NGR omogu\u0107ava brzu i sigurnu monta\u017eu radijatora, uz minimiziranje potrebe za dodatnim adaptacijama.<\/p>","protected":false},"excerpt":{"rendered":"<p>Nosa\u010d NGR \u2014 metalni dr\u017ea\u010d (\u201e\u017eabica\u201c) za monta\u017eu aluminijumskih radijatora, koji se montira na radijator sa jedne strane i povezuje sa zidnim nosa\u010dem (npr. RKP ili KUD konzolom) sa druge strane.<\/p>","protected":false},"featured_media":16502,"template":"","meta":{"_seopress_robots_primary_cat":"none","_seopress_titles_title":"","_seopress_titles_desc":"Nosa\u010d NGR za aluminijumski radijator \u2013 \u010deli\u010dni dr\u017ea\u010d (\u017eabica) za brzu i sigurnu monta\u017eu radijatora uz zid, povezan sa konzolom RKP \/ KUD.","_seopress_robots_index":""},"product_brand":[],"product_cat":[4290,4237],"product_tag":[],"class_list":{"0":"post-16501","1":"product","2":"type-product","3":"status-publish","4":"has-post-thumbnail","6":"product_cat-oprema-za-radijatore","7":"product_cat-radijatori","9":"first","10":"instock","11":"purchasable","12":"product-type-simple"},"_links":{"self":[{"href":"https:\/\/grejanjesrbija.com\/ru\/wp-json\/wp\/v2\/product\/16501","targetHints":{"allow":["GET"]}}],"collection":[{"href":"https:\/\/grejanjesrbija.com\/ru\/wp-json\/wp\/v2\/product"}],"about":[{"href":"https:\/\/grejanjesrbija.com\/ru\/wp-json\/wp\/v2\/types\/product"}],"wp:featuredmedia":[{"embeddable":true,"href":"https:\/\/grejanjesrbija.com\/ru\/wp-json\/wp\/v2\/media\/16502"}],"wp:attachment":[{"href":"https:\/\/grejanjesrbija.com\/ru\/wp-json\/wp\/v2\/media?parent=16501"}],"wp:term":[{"taxonomy":"product_brand","embeddable":true,"href":"https:\/\/grejanjesrbija.com\/ru\/wp-json\/wp\/v2\/product_brand?post=16501"},{"taxonomy":"product_cat","embeddable":true,"href":"https:\/\/grejanjesrbija.com\/ru\/wp-json\/wp\/v2\/product_cat?post=16501"},{"taxonomy":"product_tag","embeddable":true,"href":"https:\/\/grejanjesrbija.com\/ru\/wp-json\/wp\/v2\/product_tag?post=16501"}],"curies":[{"name":"wp","href":"https:\/\/api.w.org\/{rel}","templated":true}]}}