{"id":16507,"date":"2025-07-15T11:00:52","date_gmt":"2025-07-15T09:00:52","guid":{"rendered":"https:\/\/foxit-technology.com\/proizvod\/nut\/"},"modified":"2025-11-07T14:29:17","modified_gmt":"2025-11-07T13:29:17","slug":"nut","status":"publish","type":"product","link":"https:\/\/grejanjesrbija.com\/ru\/proizvod\/nut\/","title":{"rendered":"Konzola NUT za radijator"},"content":{"rendered":"<p>Nosa\u010d NUT je specijalizovani dr\u017ea\u010d (tzv. \u201e\u017eabica\u201c) koji se koristi za monta\u017eu radijatora, pre svega livenih i aluminijumskih.\u00a0<br data-start=\"562\" data-end=\"565\" \/>Ovaj nosa\u010d omogu\u0107ava sigurno pri\u010dvr\u0161\u0107ivanje radijatora za zidni nosa\u010d (npr. KUD) i pravilno raspore\u0111ivanje tereta. Jednostavan je za monta\u017eu, i \u010desto kori\u0161\u0107en kao standardni element kod postavljanja radijatora u stambenim i poslovnim objektima.<\/p>","protected":false},"excerpt":{"rendered":"<p data-start=\"143\" data-end=\"266\">Nosa\u010d\u202fNUT \u2013 metalna \u201e\u017eabica\u201c za monta\u017eu livenih ili panelnih radijatora, koja se postavlja na zidni nosa\u010d tipa KUD ili RKP.<\/p>","protected":false},"featured_media":16508,"template":"","meta":{"_seopress_robots_primary_cat":"none","_seopress_titles_title":"","_seopress_titles_desc":"Nosa\u010d NUT \u2013 metalna \u201e\u017eabica\u201c za monta\u017eu radijatora na zidni nosa\u010d. Stabilan dr\u017ea\u010d za liveni ili panelni radijator, prihvatljiva cena.","_seopress_robots_index":""},"product_brand":[],"product_cat":[4290,4237],"product_tag":[],"class_list":{"0":"post-16507","1":"product","2":"type-product","3":"status-publish","4":"has-post-thumbnail","6":"product_cat-oprema-za-radijatore","7":"product_cat-radijatori","9":"first","10":"instock","11":"purchasable","12":"product-type-simple"},"_links":{"self":[{"href":"https:\/\/grejanjesrbija.com\/ru\/wp-json\/wp\/v2\/product\/16507","targetHints":{"allow":["GET"]}}],"collection":[{"href":"https:\/\/grejanjesrbija.com\/ru\/wp-json\/wp\/v2\/product"}],"about":[{"href":"https:\/\/grejanjesrbija.com\/ru\/wp-json\/wp\/v2\/types\/product"}],"wp:featuredmedia":[{"embeddable":true,"href":"https:\/\/grejanjesrbija.com\/ru\/wp-json\/wp\/v2\/media\/16508"}],"wp:attachment":[{"href":"https:\/\/grejanjesrbija.com\/ru\/wp-json\/wp\/v2\/media?parent=16507"}],"wp:term":[{"taxonomy":"product_brand","embeddable":true,"href":"https:\/\/grejanjesrbija.com\/ru\/wp-json\/wp\/v2\/product_brand?post=16507"},{"taxonomy":"product_cat","embeddable":true,"href":"https:\/\/grejanjesrbija.com\/ru\/wp-json\/wp\/v2\/product_cat?post=16507"},{"taxonomy":"product_tag","embeddable":true,"href":"https:\/\/grejanjesrbija.com\/ru\/wp-json\/wp\/v2\/product_tag?post=16507"}],"curies":[{"name":"wp","href":"https:\/\/api.w.org\/{rel}","templated":true}]}}