{"id":16523,"date":"2025-07-15T11:00:52","date_gmt":"2025-07-15T09:00:52","guid":{"rendered":"https:\/\/foxit-technology.com\/proizvod\/kljucic-za-panelni-radijator\/"},"modified":"2025-11-07T13:19:59","modified_gmt":"2025-11-07T12:19:59","slug":"kljucic-za-panelni-radijator","status":"publish","type":"product","link":"https:\/\/grejanjesrbija.com\/ru\/proizvod\/kljucic-za-panelni-radijator\/","title":{"rendered":"Klju\u010di\u0107 za panelni radijator"},"content":{"rendered":"<p>Klju\u010d za panelni radijator je jednostavan mehani\u010dki alat od metala kojim se pristupa radijatorskim ventilima (npr. za ispu\u0161tanje vazduha ili zatvaranje ventila). Pogodan je za monta\u017eu \/ demonta\u017eu ventila na panelnim radijatorima.<\/p>","protected":false},"excerpt":{"rendered":"<p data-start=\"103\" data-end=\"227\">Klju\u010d za panelni radijator \u2014 alat za otvaranje \/ zatvaranje radijatorskih ventila, neophodan za odr\u017eavanje sistema grejanja.<\/p>","protected":false},"featured_media":16524,"template":"","meta":{"_seopress_robots_primary_cat":"none","_seopress_titles_title":"","_seopress_titles_desc":"Klju\u010d za panelni radijator \u2013 metalni alat za otvaranje i zatvaranje ventil-ventila na panelnim radijatorima. Univerzalan alat za odr\u017eavanje grejnog sistema.","_seopress_robots_index":""},"product_brand":[],"product_cat":[4290,4237],"product_tag":[],"class_list":{"0":"post-16523","1":"product","2":"type-product","3":"status-publish","4":"has-post-thumbnail","6":"product_cat-oprema-za-radijatore","7":"product_cat-radijatori","9":"first","10":"instock","11":"purchasable","12":"product-type-simple"},"_links":{"self":[{"href":"https:\/\/grejanjesrbija.com\/ru\/wp-json\/wp\/v2\/product\/16523","targetHints":{"allow":["GET"]}}],"collection":[{"href":"https:\/\/grejanjesrbija.com\/ru\/wp-json\/wp\/v2\/product"}],"about":[{"href":"https:\/\/grejanjesrbija.com\/ru\/wp-json\/wp\/v2\/types\/product"}],"wp:featuredmedia":[{"embeddable":true,"href":"https:\/\/grejanjesrbija.com\/ru\/wp-json\/wp\/v2\/media\/16524"}],"wp:attachment":[{"href":"https:\/\/grejanjesrbija.com\/ru\/wp-json\/wp\/v2\/media?parent=16523"}],"wp:term":[{"taxonomy":"product_brand","embeddable":true,"href":"https:\/\/grejanjesrbija.com\/ru\/wp-json\/wp\/v2\/product_brand?post=16523"},{"taxonomy":"product_cat","embeddable":true,"href":"https:\/\/grejanjesrbija.com\/ru\/wp-json\/wp\/v2\/product_cat?post=16523"},{"taxonomy":"product_tag","embeddable":true,"href":"https:\/\/grejanjesrbija.com\/ru\/wp-json\/wp\/v2\/product_tag?post=16523"}],"curies":[{"name":"wp","href":"https:\/\/api.w.org\/{rel}","templated":true}]}}