{"id":16529,"date":"2025-07-15T11:00:52","date_gmt":"2025-07-15T09:00:52","guid":{"rendered":"https:\/\/foxit-technology.com\/proizvod\/radijatorska-redukcija\/"},"modified":"2026-03-16T11:03:29","modified_gmt":"2026-03-16T10:03:29","slug":"radijatorska-redukcija","status":"publish","type":"product","link":"https:\/\/grejanjesrbija.com\/ru\/proizvod\/radijatorska-redukcija\/","title":{"rendered":"Radijatorske redukcije"},"content":{"rendered":"<p>Radijatorska redukcija je neophodan pribor za monta\u017eu radijatora kada se navoj ili dimenzija priklju\u010dka radijatora ne poklapa sa navojem instalacione cevi. Redukcija omogu\u0107ava da se ve\u0107i navoj prilagodi manjem (npr. 1\u2033 \u2192 \u00bd\u2033) i obrnuto, u zavisnosti od sistema.<\/p>","protected":false},"excerpt":{"rendered":"<p data-start=\"101\" data-end=\"233\">Redukcija za radijator \u2014 spojni element koji omogu\u0107ava prilago\u0111avanje priklju\u010dka radijatora na sistem razli\u010ditih navojnih dimenzija.<\/p>","protected":false},"featured_media":16530,"template":"","meta":{"_seopress_robots_primary_cat":"none","_seopress_titles_title":"","_seopress_titles_desc":"Redukcije za radijator \u2013 spojni elementi za prilago\u0111avanje navojnih priklju\u010daka radijatora. Razli\u010dite dimenzije navojnih konekcija.","_seopress_robots_index":""},"product_brand":[],"product_cat":[4290,4237],"product_tag":[],"class_list":{"0":"post-16529","1":"product","2":"type-product","3":"status-publish","4":"has-post-thumbnail","6":"product_cat-oprema-za-radijatore","7":"product_cat-radijatori","9":"first","10":"instock","11":"purchasable","12":"product-type-variable","13":"has-default-attributes"},"_links":{"self":[{"href":"https:\/\/grejanjesrbija.com\/ru\/wp-json\/wp\/v2\/product\/16529","targetHints":{"allow":["GET"]}}],"collection":[{"href":"https:\/\/grejanjesrbija.com\/ru\/wp-json\/wp\/v2\/product"}],"about":[{"href":"https:\/\/grejanjesrbija.com\/ru\/wp-json\/wp\/v2\/types\/product"}],"wp:featuredmedia":[{"embeddable":true,"href":"https:\/\/grejanjesrbija.com\/ru\/wp-json\/wp\/v2\/media\/16530"}],"wp:attachment":[{"href":"https:\/\/grejanjesrbija.com\/ru\/wp-json\/wp\/v2\/media?parent=16529"}],"wp:term":[{"taxonomy":"product_brand","embeddable":true,"href":"https:\/\/grejanjesrbija.com\/ru\/wp-json\/wp\/v2\/product_brand?post=16529"},{"taxonomy":"product_cat","embeddable":true,"href":"https:\/\/grejanjesrbija.com\/ru\/wp-json\/wp\/v2\/product_cat?post=16529"},{"taxonomy":"product_tag","embeddable":true,"href":"https:\/\/grejanjesrbija.com\/ru\/wp-json\/wp\/v2\/product_tag?post=16529"}],"curies":[{"name":"wp","href":"https:\/\/api.w.org\/{rel}","templated":true}]}}