{"id":16551,"date":"2025-07-15T11:01:04","date_gmt":"2025-07-15T09:01:04","guid":{"rendered":"https:\/\/foxit-technology.com\/proizvod\/termometar-0-120\/"},"modified":"2026-02-12T08:45:39","modified_gmt":"2026-02-12T07:45:39","slug":"termometar-0-120","status":"publish","type":"product","link":"https:\/\/grejanjesrbija.com\/ru\/proizvod\/termometar-0-120\/","title":{"rendered":"Termometar Nero 0-120\u00b0C"},"content":{"rendered":"<p data-start=\"90\" data-end=\"310\"><strong data-start=\"90\" data-end=\"117\">Termometar NERO 0\u2013120\u00b0C<\/strong> je pouzdan i precizan ure\u0111aj za merenje temperature u sistemima grejanja, hla\u0111enja i industrijskim instalacijama. Odlikuje ga robustno metalno ku\u0107i\u0161te, lako o\u010ditavanje i jednostavna monta\u017ea.<\/p>\n<h3 data-start=\"317\" data-end=\"341\"><strong data-start=\"321\" data-end=\"339\">Karakteristike i prednosti<\/strong><\/h3>\n<ul>\n<li data-start=\"344\" data-end=\"381\">Raspon merenja temperature: 0\u2013120\u00b0C<\/li>\n<li data-start=\"384\" data-end=\"410\">Precizan analogni prikaz<\/li>\n<li data-start=\"413\" data-end=\"450\">Ku\u0107i\u0161te od metala visoke otpornosti<\/li>\n<li data-start=\"453\" data-end=\"495\">Jasno obele\u017eena skala za lako o\u010ditavanje<\/li>\n<li data-start=\"498\" data-end=\"536\">Standardni priklju\u010dak za instalaciju<\/li>\n<li data-start=\"539\" data-end=\"601\">Pogodan za sisteme grejanja, hla\u0111enja i tehni\u010dke instalacije<\/li>\n<li data-start=\"630\" data-end=\"671\">Pouzdano, precizno i vizuelno jasno o\u010ditavanje i merenje temperature<\/li>\n<li data-start=\"712\" data-end=\"744\">Jednostavna monta\u017ea i upotreba<\/li>\n<li data-start=\"789\" data-end=\"839\">Idealno re\u0161enje za profesionalne i ku\u0107ne sisteme<\/li>\n<\/ul>\n<p>&nbsp;<\/p>\n<p data-start=\"2160\" data-end=\"2438\"><strong data-start=\"2160\" data-end=\"2187\">Termometar NERO 0\u2013120\u00b0C<\/strong> pru\u017ea precizno i pouzdano merenje temperature u razli\u010ditim sistemima. Sa \u010dvrstim metalnim ku\u0107i\u0161tem i lako \u010ditljivom skalom, ovaj termometar je idealan izbor za grejne, rashladne i industrijske instalacije gde je ta\u010dnost i pouzdanost na prvom mestu.<\/p>","protected":false},"excerpt":{"rendered":"<p><strong data-start=\"2160\" data-end=\"2187\">Termometar NERO 0\u2013120\u00b0C<\/strong> pru\u017ea precizno i pouzdano merenje temperature u razli\u010ditim sistemima. Sa \u010dvrstim metalnim ku\u0107i\u0161tem i lako \u010ditljivom skalom, ovaj termometar je idealan izbor za grejne, rashladne i industrijske instalacije gde je ta\u010dnost i pouzdanost na prvom mestu.<\/p>","protected":false},"featured_media":27141,"template":"","meta":{"_seopress_robots_primary_cat":"none","_seopress_titles_title":"","_seopress_titles_desc":"Termometar NERO 0\u2013120\u00b0C \u2013 precizan instrument za merenje temperature u sistemima grejanja i hla\u0111enja. Robusno metalno ku\u0107i\u0161te, jasno o\u010ditavanje i jednostavna instalacija.","_seopress_robots_index":""},"product_brand":[4338],"product_cat":[4314],"product_tag":[],"class_list":{"0":"post-16551","1":"product","2":"type-product","3":"status-publish","4":"has-post-thumbnail","6":"product_brand-nero","7":"product_cat-merno-regulaciona-oprema","9":"first","10":"instock","11":"purchasable","12":"product-type-simple"},"_links":{"self":[{"href":"https:\/\/grejanjesrbija.com\/ru\/wp-json\/wp\/v2\/product\/16551","targetHints":{"allow":["GET"]}}],"collection":[{"href":"https:\/\/grejanjesrbija.com\/ru\/wp-json\/wp\/v2\/product"}],"about":[{"href":"https:\/\/grejanjesrbija.com\/ru\/wp-json\/wp\/v2\/types\/product"}],"wp:featuredmedia":[{"embeddable":true,"href":"https:\/\/grejanjesrbija.com\/ru\/wp-json\/wp\/v2\/media\/27141"}],"wp:attachment":[{"href":"https:\/\/grejanjesrbija.com\/ru\/wp-json\/wp\/v2\/media?parent=16551"}],"wp:term":[{"taxonomy":"product_brand","embeddable":true,"href":"https:\/\/grejanjesrbija.com\/ru\/wp-json\/wp\/v2\/product_brand?post=16551"},{"taxonomy":"product_cat","embeddable":true,"href":"https:\/\/grejanjesrbija.com\/ru\/wp-json\/wp\/v2\/product_cat?post=16551"},{"taxonomy":"product_tag","embeddable":true,"href":"https:\/\/grejanjesrbija.com\/ru\/wp-json\/wp\/v2\/product_tag?post=16551"}],"curies":[{"name":"wp","href":"https:\/\/api.w.org\/{rel}","templated":true}]}}