{"id":16569,"date":"2025-07-15T11:01:04","date_gmt":"2025-07-15T09:01:04","guid":{"rendered":"https:\/\/foxit-technology.com\/proizvod\/sobni-termostat-nero-zicani-nq3\/"},"modified":"2025-10-20T11:20:58","modified_gmt":"2025-10-20T09:20:58","slug":"sobni-termostat-nero-zicani-nq3","status":"publish","type":"product","link":"https:\/\/grejanjesrbija.com\/ru\/proizvod\/sobni-termostat-nero-zicani-nq3\/","title":{"rendered":"Sobni termostat NERO \u017ei\u010dani NQ3"},"content":{"rendered":"<p data-start=\"541\" data-end=\"809\"><strong data-start=\"541\" data-end=\"576\">Sobni termostat NERO \u017ei\u010dani NQ3<\/strong> je programabilni digitalni termostat sa \u017ei\u010danom vezom, namenjen preciznoj regulaciji temperature u prostoru. Sa osetljivo\u0161\u0107u \u00b10,2 \u00b0C i mogu\u0107no\u0161\u0107u rada sa ve\u0107inom dostupnih kotlova, pru\u017ea stabilnost i udobnost u sistemima grejanja.<\/p>\n<p>Sobni termostat Q3 se mo\u017ee koristiti za regulisanje gotovo svih tipova kotlova, koji se mogu nabaviti u Srbiji. Jednostavno se mo\u017ee priklju\u010diti na svaki tip gasnog kotla ili klima ure\u0111aja pomo\u0107u odgovaraju\u0107eg priklju\u010dka nezavisno od visine radnog napona na priklju\u010dku (24 V ili 230 V). Digitalni displej ovog termostata omogu\u0107uje preciznije merenje i pode\u0161avanje temperature nego kod jednostavnih, tradicionalnih termostata. Osetljivost uklju\u010denja termostata je \u00b1 0,2\u00b0C (\u00b1 0,3\u00b0C). Pod ovim se podrazumeva razlika u temperaturi izme\u0111u pode\u0161ene temperature i stvarno izmerene vrednosti temperature prilikom uklju\u010denja. Ako npr. pode\u0161ena vrednost na termostatu iznosi 20\u00b0C, tada \u0107e ure\u0111aj na temperaturi od 19,8\u00b0C ili ispod nje da uklju \u010diti, odnosno na 20,2\u00b0C ili iznad nje da isklju\u010di kotao.<\/p>\n<h3 data-start=\"2051\" data-end=\"2082\">Prednosti i karakteristike<\/h3>\n<ul data-start=\"2084\" data-end=\"2642\">\n<li data-start=\"2084\" data-end=\"2173\">\n<p data-start=\"2086\" data-end=\"2173\">Preciznost: sa osetljivo\u0161\u0107u \u00b1 0,2 \u00b0C omogu\u0107ava stabilnu i komfornu temperaturu.<\/p>\n<\/li>\n<li data-start=\"2174\" data-end=\"2280\">\n<p data-start=\"2176\" data-end=\"2280\">Kompatibilnost: lako se povezuje sa raznim tipovima kotlova, bez obzira na radni napon signala.<\/p>\n<\/li>\n<li data-start=\"2281\" data-end=\"2362\">\n<p data-start=\"2283\" data-end=\"2362\">Digitalni displej: omogu\u0107ava jasne i precizne vrednosti i pode\u0161avanja.<\/p>\n<\/li>\n<li data-start=\"2363\" data-end=\"2435\">\n<p data-start=\"2365\" data-end=\"2435\">Funkcija protiv smrzavanja: \u0161titi sistem u hladnim uslovima.<\/p>\n<\/li>\n<li data-start=\"2436\" data-end=\"2555\">\n<p data-start=\"2438\" data-end=\"2555\">Jednostavna instalacija: \u017ei\u010dana veza olak\u0161ava ugradnju u postoje\u0107e sisteme bez ure\u0111aja za be\u017ei\u010dni prijemnik.<\/p>\n<\/li>\n<li data-start=\"2556\" data-end=\"2642\">\n<p data-start=\"2558\" data-end=\"2642\">Pouzdanost: manje rizika od smetnji i prekida koje mo\u017ee imati be\u017ei\u010dni sistem.<\/p>\n<\/li>\n<\/ul>\n<p>&nbsp;<\/p>\n<p data-start=\"2783\" data-end=\"3024\">\u017di\u010dni termostat <strong data-start=\"2799\" data-end=\"2811\">NERO NQ3<\/strong> je odli\u010dan izbor za one kojima je bitna stabilnost i jednostavnost bez be\u017ei\u010dne instalacije. S njim dobijate precizno upravljanje temperaturom, kompatibilnost sa ve\u0107inom kotlova i robusnost bez straha od smetnji.<\/p>\n<p>&nbsp;<\/p>","protected":false},"excerpt":{"rendered":"<p>\u017di\u010dni termostat <strong data-start=\"2799\" data-end=\"2811\">NERO NQ3<\/strong> je odli\u010dan izbor za one kojima je bitna stabilnost i jednostavnost bez be\u017ei\u010dne instalacije. S njim dobijate precizno upravljanje temperaturom, kompatibilnost sa ve\u0107inom kotlova i robusnost bez straha od smetnji.<\/p>","protected":false},"featured_media":16570,"template":"","meta":{"_seopress_robots_primary_cat":"none","_seopress_titles_title":"","_seopress_titles_desc":"Sobni termostat NERO \u017ei\u010dani NQ3 \u2013 digitalni \u017ei\u010dni termostat sa osetljivo\u0161\u0107u \u00b10,2 \u00b0C, kompatibilan sa skoro svim tipovima kotlova.","_seopress_robots_index":""},"product_brand":[4338],"product_cat":[4317],"product_tag":[],"class_list":{"0":"post-16569","1":"product","2":"type-product","3":"status-publish","4":"has-post-thumbnail","6":"product_brand-nero","7":"product_cat-sobni-termostati","9":"first","10":"instock","11":"purchasable","12":"product-type-simple"},"_links":{"self":[{"href":"https:\/\/grejanjesrbija.com\/ru\/wp-json\/wp\/v2\/product\/16569","targetHints":{"allow":["GET"]}}],"collection":[{"href":"https:\/\/grejanjesrbija.com\/ru\/wp-json\/wp\/v2\/product"}],"about":[{"href":"https:\/\/grejanjesrbija.com\/ru\/wp-json\/wp\/v2\/types\/product"}],"wp:featuredmedia":[{"embeddable":true,"href":"https:\/\/grejanjesrbija.com\/ru\/wp-json\/wp\/v2\/media\/16570"}],"wp:attachment":[{"href":"https:\/\/grejanjesrbija.com\/ru\/wp-json\/wp\/v2\/media?parent=16569"}],"wp:term":[{"taxonomy":"product_brand","embeddable":true,"href":"https:\/\/grejanjesrbija.com\/ru\/wp-json\/wp\/v2\/product_brand?post=16569"},{"taxonomy":"product_cat","embeddable":true,"href":"https:\/\/grejanjesrbija.com\/ru\/wp-json\/wp\/v2\/product_cat?post=16569"},{"taxonomy":"product_tag","embeddable":true,"href":"https:\/\/grejanjesrbija.com\/ru\/wp-json\/wp\/v2\/product_tag?post=16569"}],"curies":[{"name":"wp","href":"https:\/\/api.w.org\/{rel}","templated":true}]}}