{"id":16577,"date":"2025-07-15T11:01:16","date_gmt":"2025-07-15T09:01:16","guid":{"rendered":"https:\/\/foxit-technology.com\/proizvod\/sobni-termostat-salus-wi-fi-it500-rf\/"},"modified":"2025-10-20T13:57:47","modified_gmt":"2025-10-20T11:57:47","slug":"sobni-termostat-salus-wi-fi-it500-rf","status":"publish","type":"product","link":"https:\/\/grejanjesrbija.com\/ru\/proizvod\/sobni-termostat-salus-wi-fi-it500-rf\/","title":{"rendered":"Sobni termostat Salus Wi-fi IT500 RF"},"content":{"rendered":"<p data-start=\"101\" data-end=\"367\">Sobni termostat <strong data-start=\"117\" data-end=\"141\">Salus IT500 RF Wi-Fi<\/strong> je be\u017ei\u010dni, programski termostat koji omogu\u0107ava preciznu kontrolu temperature i daljinsko upravljanje grejanjem putem mobilne aplikacije. Idealan je za moderne domove i kancelarije koji \u017eele u\u0161tedu energije i maksimalnu udobnost.<\/p>\n<h3 data-start=\"374\" data-end=\"398\"><strong data-start=\"378\" data-end=\"396\">Karakteristike i prednosti<\/strong><\/h3>\n<ul data-start=\"399\" data-end=\"695\">\n<li data-start=\"399\" data-end=\"437\">\n<p data-start=\"401\" data-end=\"437\">Be\u017ei\u010dni Wi-Fi programski termostat<\/p>\n<\/li>\n<li data-start=\"438\" data-end=\"477\">\n<p data-start=\"440\" data-end=\"477\">Dnevni i nedeljni programi grejanja<\/p>\n<\/li>\n<li data-start=\"478\" data-end=\"513\">\n<p data-start=\"480\" data-end=\"513\">Precizna regulacija temperature<\/p>\n<\/li>\n<li data-start=\"514\" data-end=\"564\">\n<p data-start=\"516\" data-end=\"564\">Daljinsko upravljanje putem mobilne aplikacije<\/p>\n<\/li>\n<li data-start=\"565\" data-end=\"609\">\n<p data-start=\"567\" data-end=\"609\">LCD ekran sa jasnim prikazom temperature<\/p>\n<\/li>\n<li data-start=\"610\" data-end=\"653\">\n<p data-start=\"612\" data-end=\"653\">Kompatibilan sa ve\u0107inom grejnih sistema<\/p>\n<\/li>\n<li data-start=\"654\" data-end=\"695\">\n<p data-start=\"656\" data-end=\"695\">Jednostavna instalacija i povezivanje<\/p>\n<\/li>\n<li data-start=\"722\" data-end=\"790\">\n<p data-start=\"724\" data-end=\"790\">Omogu\u0107ava zna\u010dajnu u\u0161tedu energije i smanjenje tro\u0161kova grejanja<\/p>\n<\/li>\n<li data-start=\"847\" data-end=\"923\">\n<p data-start=\"849\" data-end=\"923\">Programabilni re\u017eimi za automatsko uklju\u010divanje i isklju\u010divanje grejanja<\/p>\n<\/li>\n<\/ul>\n<p data-start=\"2643\" data-end=\"2991\">Sobni termostat <strong data-start=\"2659\" data-end=\"2683\">Salus IT500 RF Wi-Fi<\/strong> kombinuje savremenu tehnologiju i prakti\u010dnost, omogu\u0107avaju\u0107i jednostavno i efikasno upravljanje grejanjem putem mobilne aplikacije. Programabilni re\u017eimi i precizna kontrola temperature omogu\u0107avaju maksimalnu udobnost i zna\u010dajnu u\u0161tedu energije, \u0161to ga \u010dini idealnim izborom za moderan dom ili kancelariju.<\/p>","protected":false},"excerpt":{"rendered":"<p>Sobni termostat <strong data-start=\"2659\" data-end=\"2683\">Salus IT500 RF Wi-Fi<\/strong> kombinuje savremenu tehnologiju i prakti\u010dnost, omogu\u0107avaju\u0107i jednostavno i efikasno upravljanje grejanjem putem mobilne aplikacije. Programabilni re\u017eimi i precizna kontrola temperature omogu\u0107avaju maksimalnu udobnost i zna\u010dajnu u\u0161tedu energije, \u0161to ga \u010dini idealnim izborom za moderan dom ili kancelariju.<\/p>","protected":false},"featured_media":16578,"template":"","meta":{"_seopress_robots_primary_cat":"none","_seopress_titles_title":"","_seopress_titles_desc":"Be\u017ei\u010dni Wi-Fi termostat Salus IT500 RF \u2013 programski sobni termostat sa dnevnim i nedeljnim re\u017eimima, preciznom regulacijom temperature i daljinskim upravljanjem preko aplikacije. U\u0161teda energije i maksimalna udobnost.","_seopress_robots_index":""},"product_brand":[4319],"product_cat":[4317],"product_tag":[],"class_list":{"0":"post-16577","1":"product","2":"type-product","3":"status-publish","4":"has-post-thumbnail","6":"product_brand-salus","7":"product_cat-sobni-termostati","9":"first","10":"instock","11":"purchasable","12":"product-type-simple"},"_links":{"self":[{"href":"https:\/\/grejanjesrbija.com\/ru\/wp-json\/wp\/v2\/product\/16577","targetHints":{"allow":["GET"]}}],"collection":[{"href":"https:\/\/grejanjesrbija.com\/ru\/wp-json\/wp\/v2\/product"}],"about":[{"href":"https:\/\/grejanjesrbija.com\/ru\/wp-json\/wp\/v2\/types\/product"}],"wp:featuredmedia":[{"embeddable":true,"href":"https:\/\/grejanjesrbija.com\/ru\/wp-json\/wp\/v2\/media\/16578"}],"wp:attachment":[{"href":"https:\/\/grejanjesrbija.com\/ru\/wp-json\/wp\/v2\/media?parent=16577"}],"wp:term":[{"taxonomy":"product_brand","embeddable":true,"href":"https:\/\/grejanjesrbija.com\/ru\/wp-json\/wp\/v2\/product_brand?post=16577"},{"taxonomy":"product_cat","embeddable":true,"href":"https:\/\/grejanjesrbija.com\/ru\/wp-json\/wp\/v2\/product_cat?post=16577"},{"taxonomy":"product_tag","embeddable":true,"href":"https:\/\/grejanjesrbija.com\/ru\/wp-json\/wp\/v2\/product_tag?post=16577"}],"curies":[{"name":"wp","href":"https:\/\/api.w.org\/{rel}","templated":true}]}}