{"id":16587,"date":"2025-07-15T11:01:16","date_gmt":"2025-07-15T09:01:16","guid":{"rendered":"https:\/\/foxit-technology.com\/proizvod\/perforirana-traka-3-8-10m\/"},"modified":"2025-10-29T13:37:05","modified_gmt":"2025-10-29T12:37:05","slug":"perforirana-traka-3-8-10m","status":"publish","type":"product","link":"https:\/\/grejanjesrbija.com\/ru\/proizvod\/perforirana-traka-3-8-10m\/","title":{"rendered":"Perforirana traka 3\/8 10m"},"content":{"rendered":"<h2>Perforirana traka 3\/8&#8243; 10 m \u2013 monta\u017ena traka za cevi i instalacije<\/h2>\n<p>&nbsp;<\/p>\n<p data-start=\"547\" data-end=\"861\">Perforirana traka 3\/8&#8243; du\u017eine 10 m izra\u0111ena je od kvalitetnog pocinkovanog \u010delika, \u0161to joj obezbe\u0111uje visoku \u010dvrsto\u0107u i otpornost na koroziju. Zahvaljuju\u0107i ravnomerno raspore\u0111enim perforacijama, omogu\u0107ava brzo i precizno pri\u010dvr\u0161\u0107ivanje cevi, nosa\u010da i drugih elemenata u razli\u010ditim sistemima.<\/p>\n<p data-start=\"863\" data-end=\"1057\">Traka je fleksibilna, jednostavna za se\u010denje i lako se oblikuje prema potrebama instalacije. Koristi se u grejnim, vodovodnim, elektro i ventilacionim sistemima, kao i u industrijskoj monta\u017ei.<\/p>\n<p>&nbsp;<\/p>","protected":false},"excerpt":{"rendered":"<p>Perforirana traka 3\/8&#8243; (10 m) idealna je za monta\u017eu i pri\u010dvr\u0161\u0107ivanje cevi, kablova i instalacija u grejnim, vodovodnim i ventilacionim sistemima.<\/p>","protected":false},"featured_media":16588,"template":"","meta":{"_seopress_robots_primary_cat":"none","_seopress_titles_title":"Perforirana traka 3\/8\" 10 m \u2013 monta\u017ena i univerzalna traka","_seopress_titles_desc":"Perforirana traka 3\/8\" (10 m) idealna je za monta\u017eu i pri\u010dvr\u0161\u0107ivanje cevi, kablova i instalacija u grejnim, vodovodnim i ventilacionim sistemima.","_seopress_robots_index":""},"product_brand":[],"product_cat":[4321],"product_tag":[],"class_list":{"0":"post-16587","1":"product","2":"type-product","3":"status-publish","4":"has-post-thumbnail","6":"product_cat-montazni-materijal","8":"first","9":"instock","10":"purchasable","11":"product-type-simple"},"_links":{"self":[{"href":"https:\/\/grejanjesrbija.com\/ru\/wp-json\/wp\/v2\/product\/16587","targetHints":{"allow":["GET"]}}],"collection":[{"href":"https:\/\/grejanjesrbija.com\/ru\/wp-json\/wp\/v2\/product"}],"about":[{"href":"https:\/\/grejanjesrbija.com\/ru\/wp-json\/wp\/v2\/types\/product"}],"wp:featuredmedia":[{"embeddable":true,"href":"https:\/\/grejanjesrbija.com\/ru\/wp-json\/wp\/v2\/media\/16588"}],"wp:attachment":[{"href":"https:\/\/grejanjesrbija.com\/ru\/wp-json\/wp\/v2\/media?parent=16587"}],"wp:term":[{"taxonomy":"product_brand","embeddable":true,"href":"https:\/\/grejanjesrbija.com\/ru\/wp-json\/wp\/v2\/product_brand?post=16587"},{"taxonomy":"product_cat","embeddable":true,"href":"https:\/\/grejanjesrbija.com\/ru\/wp-json\/wp\/v2\/product_cat?post=16587"},{"taxonomy":"product_tag","embeddable":true,"href":"https:\/\/grejanjesrbija.com\/ru\/wp-json\/wp\/v2\/product_tag?post=16587"}],"curies":[{"name":"wp","href":"https:\/\/api.w.org\/{rel}","templated":true}]}}