{"id":16597,"date":"2025-07-15T11:01:16","date_gmt":"2025-07-15T09:01:16","guid":{"rendered":"https:\/\/foxit-technology.com\/proizvod\/silikon-za-vioske-temperature-1200c\/"},"modified":"2025-10-29T15:15:54","modified_gmt":"2025-10-29T14:15:54","slug":"silikon-za-vioske-temperature-1200c","status":"publish","type":"product","link":"https:\/\/grejanjesrbija.com\/ru\/proizvod\/silikon-za-vioske-temperature-1200c\/","title":{"rendered":"Silikon za visoke temperature 1200C"},"content":{"rendered":"<h2>Silikon za visoke temperature 1200C<\/h2>\n<p>&nbsp;<\/p>\n<p data-start=\"635\" data-end=\"907\">Silikon za visoke temperature 1200\u202f\u00b0C pru\u017ea pouzdanu za\u0161titu i brtvljenje u industrijskim i ku\u0107nim sistemima izlo\u017eenim ekstremnoj toploti. Pogodan je za pe\u0107i, dimnjake, kotlove, industrijske cevi i druge povr\u0161ine koje rade pri visokim temperaturama.<\/p>\n<p data-start=\"909\" data-end=\"1188\">Njegova otpornost do 1200\u202f\u00b0C osigurava trajnost, spre\u010dava curenje i o\u0161te\u0107enja spojeva, a laka primena omogu\u0107ava precizno nano\u0161enje i savr\u0161eno prianjanje na metal, keramiku i kamen. Idealno re\u0161enje za profesionalce i majstore koji tra\u017ee dugotrajnu i pouzdanu za\u0161titu od toplote.<\/p>","protected":false},"excerpt":{"rendered":"<p>Silikon za visoke temperature 1200\u202f\u00b0C je otporan materijal za zaptivanje i brtvljenje povr\u0161ina izlo\u017eenih ekstremnoj toplini, idealan za pe\u0107i, dimnjake i kotlove.<\/p>","protected":false},"featured_media":16598,"template":"","meta":{"_seopress_robots_primary_cat":"none","_seopress_titles_title":"Silikon za visoke temperature 1200\u202f\u00b0C \u2013 pouzdana za\u0161tita","_seopress_titles_desc":"Silikon za visoke temperature do 1200\u202f\u00b0C za brtvljenje i zaptivanje pe\u0107i, dimnjaka, kotlova i industrijskih sistema. Otporan i dugotrajan.","_seopress_robots_index":""},"product_brand":[],"product_cat":[4321],"product_tag":[],"class_list":{"0":"post-16597","1":"product","2":"type-product","3":"status-publish","4":"has-post-thumbnail","6":"product_cat-montazni-materijal","8":"first","9":"instock","10":"purchasable","11":"product-type-simple"},"_links":{"self":[{"href":"https:\/\/grejanjesrbija.com\/ru\/wp-json\/wp\/v2\/product\/16597","targetHints":{"allow":["GET"]}}],"collection":[{"href":"https:\/\/grejanjesrbija.com\/ru\/wp-json\/wp\/v2\/product"}],"about":[{"href":"https:\/\/grejanjesrbija.com\/ru\/wp-json\/wp\/v2\/types\/product"}],"wp:featuredmedia":[{"embeddable":true,"href":"https:\/\/grejanjesrbija.com\/ru\/wp-json\/wp\/v2\/media\/16598"}],"wp:attachment":[{"href":"https:\/\/grejanjesrbija.com\/ru\/wp-json\/wp\/v2\/media?parent=16597"}],"wp:term":[{"taxonomy":"product_brand","embeddable":true,"href":"https:\/\/grejanjesrbija.com\/ru\/wp-json\/wp\/v2\/product_brand?post=16597"},{"taxonomy":"product_cat","embeddable":true,"href":"https:\/\/grejanjesrbija.com\/ru\/wp-json\/wp\/v2\/product_cat?post=16597"},{"taxonomy":"product_tag","embeddable":true,"href":"https:\/\/grejanjesrbija.com\/ru\/wp-json\/wp\/v2\/product_tag?post=16597"}],"curies":[{"name":"wp","href":"https:\/\/api.w.org\/{rel}","templated":true}]}}