{"id":16599,"date":"2025-07-15T11:01:16","date_gmt":"2025-07-15T09:01:16","guid":{"rendered":"https:\/\/foxit-technology.com\/proizvod\/loctite\/"},"modified":"2025-10-29T12:57:38","modified_gmt":"2025-10-29T11:57:38","slug":"loctite","status":"publish","type":"product","link":"https:\/\/grejanjesrbija.com\/ru\/proizvod\/loctite\/","title":{"rendered":"Loctite zaptivni konac"},"content":{"rendered":"<h2>Loctite zaptivni konac-Monta\u017eni i pomo\u0107ni materijal za izvo\u0111enje radova centralnog grejanja<\/h2>\n<p>&nbsp;<\/p>\n<p data-start=\"240\" data-end=\"505\">Loctite zaptivni konac je visokokvalitetan proizvod namenjen za zaptivanje navoja u raznim instalacijama, uklju\u010duju\u0107i vodovodne, gasne i industrijske sisteme. Omogu\u0107ava hermeti\u010dko zaptivanje bez curenja i garantuje dugotrajnu za\u0161titu spojeva.<\/p>\n<p data-start=\"507\" data-end=\"698\">Zaptivni konac je jednostavan za upotrebu, fleksibilan i otporan na temperature i hemikalije. Idealno re\u0161enje za profesionalce i ku\u0107ne majstore koji \u017eele sigurne, trajne i pouzdane spojeve.<\/p>","protected":false},"excerpt":{"rendered":"<p>Loctite zaptivni konac za pouzdano zaptivanje navoja cevi i spojeva u instalacijama sa gasom, vodom i hemikalijama.<\/p>","protected":false},"featured_media":16600,"template":"","meta":{"_seopress_robots_primary_cat":"none","_seopress_titles_title":"Loctite zaptivni konac \u2013 pouzdano zaptivanje navoja","_seopress_titles_desc":"Loctite zaptivni konac za vodu, gas i industrijske instalacije. Pouzdano zaptivanje navoja bez curenja. Fleksibilno i dugotrajno re\u0161enje.","_seopress_robots_index":""},"product_brand":[],"product_cat":[4321],"product_tag":[],"class_list":{"0":"post-16599","1":"product","2":"type-product","3":"status-publish","4":"has-post-thumbnail","6":"product_cat-montazni-materijal","8":"first","9":"instock","10":"purchasable","11":"product-type-simple"},"_links":{"self":[{"href":"https:\/\/grejanjesrbija.com\/ru\/wp-json\/wp\/v2\/product\/16599","targetHints":{"allow":["GET"]}}],"collection":[{"href":"https:\/\/grejanjesrbija.com\/ru\/wp-json\/wp\/v2\/product"}],"about":[{"href":"https:\/\/grejanjesrbija.com\/ru\/wp-json\/wp\/v2\/types\/product"}],"wp:featuredmedia":[{"embeddable":true,"href":"https:\/\/grejanjesrbija.com\/ru\/wp-json\/wp\/v2\/media\/16600"}],"wp:attachment":[{"href":"https:\/\/grejanjesrbija.com\/ru\/wp-json\/wp\/v2\/media?parent=16599"}],"wp:term":[{"taxonomy":"product_brand","embeddable":true,"href":"https:\/\/grejanjesrbija.com\/ru\/wp-json\/wp\/v2\/product_brand?post=16599"},{"taxonomy":"product_cat","embeddable":true,"href":"https:\/\/grejanjesrbija.com\/ru\/wp-json\/wp\/v2\/product_cat?post=16599"},{"taxonomy":"product_tag","embeddable":true,"href":"https:\/\/grejanjesrbija.com\/ru\/wp-json\/wp\/v2\/product_tag?post=16599"}],"curies":[{"name":"wp","href":"https:\/\/api.w.org\/{rel}","templated":true}]}}