{"id":16601,"date":"2025-07-15T11:01:16","date_gmt":"2025-07-15T09:01:16","guid":{"rendered":"https:\/\/foxit-technology.com\/proizvod\/elektroda-cu\/"},"modified":"2026-02-24T15:38:05","modified_gmt":"2026-02-24T14:38:05","slug":"elektroda-cu","status":"publish","type":"product","link":"https:\/\/grejanjesrbija.com\/ru\/proizvod\/elektroda-cu\/","title":{"rendered":"Bakarna Elektroda cena \/kg"},"content":{"rendered":"<h2>Bakarna Elektroda-Monta\u017eni i pomo\u0107ni materijal za izvo\u0111enje radova centralnog grejanja<\/h2>\n<p data-start=\"225\" data-end=\"597\">Bakarna elektroda je klju\u010dni element za provo\u0111enje elektri\u010dne struje u raznim primenama, uklju\u010duju\u0107i elektroinstalacije, zavarivanje, solarne i energetske sisteme. Zahvaljuju\u0107i visokom stepenu \u010disto\u0107e i optimalnoj provodljivosti, bakarna elektroda omogu\u0107ava efikasno i stabilno provo\u0111enje struje, smanjuju\u0107i gubitke i pove\u0107avaju\u0107i sigurnost sistema.<\/p>\n<p data-start=\"599\" data-end=\"845\">Ovaj proizvod je izdr\u017eljiv, otporan na koroziju i idealan za profesionalne i industrijske primene. Preporu\u010duje se za upotrebu u kombinaciji sa odgovaraju\u0107om monta\u017enom i za\u0161titnom opremom kako bi se obezbedila maksimalna sigurnost i dugove\u010dnost.<\/p>","protected":false},"excerpt":{"rendered":"<p>Bakarna elektroda visokog kvaliteta, namenjena pouzdanoj upotrebi u elektrotehni\u010dkim i industrijskim sistemima.<\/p>","protected":false},"featured_media":16602,"template":"","meta":{"_seopress_robots_primary_cat":"none","_seopress_titles_title":"Bakarna elektroda \u2013 pouzdano provo\u0111enje struje","_seopress_titles_desc":"Bakarna elektroda visokog kvaliteta, idealna za elektroinstalacije, zavarivanje i industrijske sisteme. Visoka provodljivost i dugove\u010dnost.","_seopress_robots_index":""},"product_brand":[],"product_cat":[4321],"product_tag":[],"class_list":{"0":"post-16601","1":"product","2":"type-product","3":"status-publish","4":"has-post-thumbnail","6":"product_cat-montazni-materijal","8":"first","9":"instock","10":"purchasable","11":"product-type-simple"},"_links":{"self":[{"href":"https:\/\/grejanjesrbija.com\/ru\/wp-json\/wp\/v2\/product\/16601","targetHints":{"allow":["GET"]}}],"collection":[{"href":"https:\/\/grejanjesrbija.com\/ru\/wp-json\/wp\/v2\/product"}],"about":[{"href":"https:\/\/grejanjesrbija.com\/ru\/wp-json\/wp\/v2\/types\/product"}],"wp:featuredmedia":[{"embeddable":true,"href":"https:\/\/grejanjesrbija.com\/ru\/wp-json\/wp\/v2\/media\/16602"}],"wp:attachment":[{"href":"https:\/\/grejanjesrbija.com\/ru\/wp-json\/wp\/v2\/media?parent=16601"}],"wp:term":[{"taxonomy":"product_brand","embeddable":true,"href":"https:\/\/grejanjesrbija.com\/ru\/wp-json\/wp\/v2\/product_brand?post=16601"},{"taxonomy":"product_cat","embeddable":true,"href":"https:\/\/grejanjesrbija.com\/ru\/wp-json\/wp\/v2\/product_cat?post=16601"},{"taxonomy":"product_tag","embeddable":true,"href":"https:\/\/grejanjesrbija.com\/ru\/wp-json\/wp\/v2\/product_tag?post=16601"}],"curies":[{"name":"wp","href":"https:\/\/api.w.org\/{rel}","templated":true}]}}