{"id":16603,"date":"2025-07-15T11:01:16","date_gmt":"2025-07-15T09:01:16","guid":{"rendered":"https:\/\/foxit-technology.com\/proizvod\/pasta-m-lem-250g-siva-sa-cetkicom\/"},"modified":"2026-02-24T15:38:29","modified_gmt":"2026-02-24T14:38:29","slug":"pasta-m-lem-250g-siva-sa-cetkicom","status":"publish","type":"product","link":"https:\/\/grejanjesrbija.com\/ru\/proizvod\/pasta-m-lem-250g-siva-sa-cetkicom\/","title":{"rendered":"Pasta za meki lem 250g siva sa \u010detkicom"},"content":{"rendered":"<h2>Pasta za meki lem 250g siva sa \u010detkicom-Monta\u017eni i pomo\u0107ni materijal za izvo\u0111enje radova centralnog grejanja<\/h2>\n<p data-start=\"257\" data-end=\"500\">Pasta za meki lem 250\u202fg je specijalni fluks koji olak\u0161ava lemljenje bakarnih cevi, obezbe\u0111uju\u0107i \u010dvrste i dugotrajne spojeve. Idealna je za primenu u grejnim sistemima, kao i u instalacijama sa pija\u0107om i sanitarnom vodom.<\/p>\n<p data-start=\"502\" data-end=\"750\">Njena svojstva omogu\u0107avaju optimalnu rasplodnost toplote, smanjuju\u0107i rizik od lo\u0161ih spojeva i korozije. Pasta je jednostavna za nano\u0161enje i garantuje precizno lemljenje bez curenja, \u0161to je \u010dini pouzdanim izborom za profesionalce i ku\u0107ne majstore.<\/p>","protected":false},"excerpt":{"rendered":"<p>Pasta za meki lem 250\u202fg, visokokvalitetni fluks za precizno i pouzdano spajanje bakarnih cevi u grejnim i vodovodnim instalacijama.<\/p>","protected":false},"featured_media":16604,"template":"","meta":{"_seopress_robots_primary_cat":"none","_seopress_titles_title":"Pasta za meki lem 250\u202fg \u2013 pouzdano lemljenje cevi","_seopress_titles_desc":"Pasta za meki lem 250\u202fg za grejne i vodovodne instalacije. Osigurava \u010dvrste spojeve, precizno lemljenje i dugotrajnu za\u0161titu bakarnih cevi.","_seopress_robots_index":""},"product_brand":[],"product_cat":[4321],"product_tag":[],"class_list":{"0":"post-16603","1":"product","2":"type-product","3":"status-publish","4":"has-post-thumbnail","6":"product_cat-montazni-materijal","8":"first","9":"instock","10":"purchasable","11":"product-type-simple"},"_links":{"self":[{"href":"https:\/\/grejanjesrbija.com\/ru\/wp-json\/wp\/v2\/product\/16603","targetHints":{"allow":["GET"]}}],"collection":[{"href":"https:\/\/grejanjesrbija.com\/ru\/wp-json\/wp\/v2\/product"}],"about":[{"href":"https:\/\/grejanjesrbija.com\/ru\/wp-json\/wp\/v2\/types\/product"}],"wp:featuredmedia":[{"embeddable":true,"href":"https:\/\/grejanjesrbija.com\/ru\/wp-json\/wp\/v2\/media\/16604"}],"wp:attachment":[{"href":"https:\/\/grejanjesrbija.com\/ru\/wp-json\/wp\/v2\/media?parent=16603"}],"wp:term":[{"taxonomy":"product_brand","embeddable":true,"href":"https:\/\/grejanjesrbija.com\/ru\/wp-json\/wp\/v2\/product_brand?post=16603"},{"taxonomy":"product_cat","embeddable":true,"href":"https:\/\/grejanjesrbija.com\/ru\/wp-json\/wp\/v2\/product_cat?post=16603"},{"taxonomy":"product_tag","embeddable":true,"href":"https:\/\/grejanjesrbija.com\/ru\/wp-json\/wp\/v2\/product_tag?post=16603"}],"curies":[{"name":"wp","href":"https:\/\/api.w.org\/{rel}","templated":true}]}}