{"id":16609,"date":"2025-07-15T11:01:16","date_gmt":"2025-07-15T09:01:16","guid":{"rendered":"https:\/\/foxit-technology.com\/proizvod\/kalaj-20\/"},"modified":"2026-02-24T15:39:58","modified_gmt":"2026-02-24T14:39:58","slug":"kalaj-20","status":"publish","type":"product","link":"https:\/\/grejanjesrbija.com\/ru\/proizvod\/kalaj-20\/","title":{"rendered":"Kalaj 2,0"},"content":{"rendered":"<h2>Kalaj 2,0-Monta\u017eni i pomo\u0107ni materijal za izvo\u0111enje radova centralnog grejanja<\/h2>\n<p data-start=\"235\" data-end=\"657\">Kalaj za meki lem 2.0 mm je visokokvalitetan proizvod namenjen preciznom spajanju bakarnih cevi. Proizvodi se u dimenzijama od 2 mm i 3 mm, a njegova primena obuhvata grejne instalacije, kao i instalacije sa pija\u0107om i sanitarnom vodom. Maksimalna radna temperatura sistema iznosi 110\u202f\u00b0C, dok se temperatura topljenja kalaja kre\u0107e od 230\u202f\u00b0C do 250\u202f\u00b0C, \u0161to omogu\u0107ava \u010dvrste i pouzdane spojeve.<\/p>\n<p data-start=\"659\" data-end=\"893\">Uz ovaj kalaj preporu\u010duje se kori\u0161\u0107enje odgovaraju\u0107e prate\u0107e opreme, kao \u0161to su lemilice i fluks za meki lem, kako bi se postigao optimalan rezultat. Idealno re\u0161enje za monta\u017eu i odr\u017eavanje sistema grejanja i vodovodnih instalacija.<\/p>","protected":false},"excerpt":{"rendered":"<p>Kalaj 2,0-Monta\u017eni i pomo\u0107ni materijal za izvo\u0111enje radova centralnog grejanja Kalaj za meki lem 2.0 mm je visokokvalitetan proizvod namenjen preciznom spajanju bakarnih cevi. Proizvodi se u dimenzijama od 2 mm i 3 mm, a njegova primena obuhvata grejne instalacije, kao i instalacije sa pija\u0107om i sanitarnom vodom. Maksimalna radna temperatura sistema iznosi 110\u202f\u00b0C, dok [&hellip;]<\/p>\n","protected":false},"featured_media":16610,"template":"","meta":{"_seopress_robots_primary_cat":"none","_seopress_titles_title":"Kalaj 2,0-Monta\u017eni Materijali za Centralno Grejanje","_seopress_titles_desc":"Prona\u0111ite vrhunski monta\u017eni materijal za centralno grejanje. Kvalitetni proizvodi za efikasno izvo\u0111enje radova.","_seopress_robots_index":""},"product_brand":[],"product_cat":[4321],"product_tag":[],"class_list":{"0":"post-16609","1":"product","2":"type-product","3":"status-publish","4":"has-post-thumbnail","6":"product_cat-montazni-materijal","8":"first","9":"instock","10":"purchasable","11":"product-type-simple"},"_links":{"self":[{"href":"https:\/\/grejanjesrbija.com\/ru\/wp-json\/wp\/v2\/product\/16609","targetHints":{"allow":["GET"]}}],"collection":[{"href":"https:\/\/grejanjesrbija.com\/ru\/wp-json\/wp\/v2\/product"}],"about":[{"href":"https:\/\/grejanjesrbija.com\/ru\/wp-json\/wp\/v2\/types\/product"}],"wp:featuredmedia":[{"embeddable":true,"href":"https:\/\/grejanjesrbija.com\/ru\/wp-json\/wp\/v2\/media\/16610"}],"wp:attachment":[{"href":"https:\/\/grejanjesrbija.com\/ru\/wp-json\/wp\/v2\/media?parent=16609"}],"wp:term":[{"taxonomy":"product_brand","embeddable":true,"href":"https:\/\/grejanjesrbija.com\/ru\/wp-json\/wp\/v2\/product_brand?post=16609"},{"taxonomy":"product_cat","embeddable":true,"href":"https:\/\/grejanjesrbija.com\/ru\/wp-json\/wp\/v2\/product_cat?post=16609"},{"taxonomy":"product_tag","embeddable":true,"href":"https:\/\/grejanjesrbija.com\/ru\/wp-json\/wp\/v2\/product_tag?post=16609"}],"curies":[{"name":"wp","href":"https:\/\/api.w.org\/{rel}","templated":true}]}}