{"id":16611,"date":"2025-07-15T11:01:28","date_gmt":"2025-07-15T09:01:28","guid":{"rendered":"https:\/\/foxit-technology.com\/proizvod\/kalaj-27\/"},"modified":"2025-10-29T12:38:47","modified_gmt":"2025-10-29T11:38:47","slug":"kalaj-27","status":"publish","type":"product","link":"https:\/\/grejanjesrbija.com\/ru\/proizvod\/kalaj-27\/","title":{"rendered":"Kalaj 2,7"},"content":{"rendered":"<p><strong>Kalaj 2,7-Monta\u017eni i pomo\u0107ni materijal za izvo\u0111enje radova centralnog grejanja<\/strong><\/p>\n<p>Kalaj 2,7 mm za meki lem, za precizno spajanje bakarnih cevi u grejnim i vodovodnim instalacijama, otporan do 110\u202f\u00b0C.<\/p>\n<p data-start=\"229\" data-end=\"609\">Kalaj za meki lem pre\u010dnika 2,7 mm je visokokvalitetan materijal namenjen spajanju bakarnih cevi u raznim instalacijama. Pogodan je za grejne sisteme, kao i za instalacije sa pija\u0107om i sanitarnom vodom, pri maksimalnoj radnoj temperaturi od 110\u202f\u00b0C. Temperatura topljenja kalaja se kre\u0107e izme\u0111u 230\u202f\u00b0C i 250\u202f\u00b0C, \u0161to omogu\u0107ava sigurne, \u010dvrste i trajne spojeve.<\/p>\n<p data-start=\"611\" data-end=\"811\">Za optimalan rezultat preporu\u010duje se kori\u0161\u0107enje odgovaraju\u0107e prate\u0107e opreme, kao \u0161to su lemilice i fluks za meki lem. Idealan izbor za monta\u017eu i odr\u017eavanje sistema grejanja i vodovodnih instalacija.<\/p>","protected":false},"excerpt":{"rendered":"<p>Kalaj 2,7 mm za meki lem, namenjen pouzdanom spajanju bakarnih cevi u grejnim i vodovodnim instalacijama, otporan na temperaturu do 110\u202f\u00b0C.<\/p>","protected":false},"featured_media":16612,"template":"","meta":{"_seopress_robots_primary_cat":"none","_seopress_titles_title":"Kalaj 2,7mm za meki lem \u2013 pouzdano spajanje cevi","_seopress_titles_desc":"Kalaj 2,7 mm za meki lem, za grejne i vodovodne instalacije. Temperatura topljenja 230\u2013250\u202f\u00b0C. Pouzdano spajanje bakarnih cevi.","_seopress_robots_index":""},"product_brand":[],"product_cat":[4321],"product_tag":[],"class_list":{"0":"post-16611","1":"product","2":"type-product","3":"status-publish","4":"has-post-thumbnail","6":"product_cat-montazni-materijal","8":"first","9":"instock","10":"purchasable","11":"product-type-simple"},"_links":{"self":[{"href":"https:\/\/grejanjesrbija.com\/ru\/wp-json\/wp\/v2\/product\/16611","targetHints":{"allow":["GET"]}}],"collection":[{"href":"https:\/\/grejanjesrbija.com\/ru\/wp-json\/wp\/v2\/product"}],"about":[{"href":"https:\/\/grejanjesrbija.com\/ru\/wp-json\/wp\/v2\/types\/product"}],"wp:featuredmedia":[{"embeddable":true,"href":"https:\/\/grejanjesrbija.com\/ru\/wp-json\/wp\/v2\/media\/16612"}],"wp:attachment":[{"href":"https:\/\/grejanjesrbija.com\/ru\/wp-json\/wp\/v2\/media?parent=16611"}],"wp:term":[{"taxonomy":"product_brand","embeddable":true,"href":"https:\/\/grejanjesrbija.com\/ru\/wp-json\/wp\/v2\/product_brand?post=16611"},{"taxonomy":"product_cat","embeddable":true,"href":"https:\/\/grejanjesrbija.com\/ru\/wp-json\/wp\/v2\/product_cat?post=16611"},{"taxonomy":"product_tag","embeddable":true,"href":"https:\/\/grejanjesrbija.com\/ru\/wp-json\/wp\/v2\/product_tag?post=16611"}],"curies":[{"name":"wp","href":"https:\/\/api.w.org\/{rel}","templated":true}]}}