{"id":16623,"date":"2025-07-15T11:01:28","date_gmt":"2025-07-15T09:01:28","guid":{"rendered":"https:\/\/foxit-technology.com\/proizvod\/sprej-kenda-bakar\/"},"modified":"2025-10-29T13:45:56","modified_gmt":"2025-10-29T12:45:56","slug":"sprej-kenda-bakar","status":"publish","type":"product","link":"https:\/\/grejanjesrbija.com\/ru\/proizvod\/sprej-kenda-bakar\/","title":{"rendered":"Sprej Kenda bakar"},"content":{"rendered":"<h2>Sprej Kenda bakar \u2013 za\u0161tita i podmazivanje metalnih povr\u0161ina<\/h2>\n<p>Sprej Kenda bakar namenjen je za za\u0161titu, podmazivanje i spre\u010davanje zapekavanja metalnih spojeva izlo\u017eenih visokim temperaturama. Zahvaljuju\u0107i sadr\u017eaju finih \u010destica bakra, formira za\u0161titni sloj koji spre\u010dava koroziju i olak\u0161ava demonta\u017eu delova \u010dak i nakon du\u017eeg kori\u0161\u0107enja. Idealno se koristi za ko\u010dione sisteme, izduvne cevi, navojne spojeve i druge metalne elemente pod toplotnim optere\u0107enjem. Obezbe\u0111uje pouzdano funkcionisanje i dug vek trajanja komponenti u svim uslovima rada.<\/p>","protected":false},"excerpt":{"rendered":"<p>Sprej Kenda bakar pru\u017ea dugotrajnu za\u0161titu metalnim povr\u0161inama, spre\u010dava koroziju i olak\u0161ava demonta\u017eu delova izlo\u017eenih visokim temperaturama.<\/p>","protected":false},"featured_media":16622,"template":"","meta":{"_seopress_robots_primary_cat":"none","_seopress_titles_title":"Sprej Kenda bakar \u2013 za\u0161tita metalnih delova","_seopress_titles_desc":"Bakarni sprej Kenda spre\u010dava koroziju i zapekavanje metalnih spojeva. Idealno za ko\u010dione sisteme, izduvne cevi i navojne spojeve.","_seopress_robots_index":""},"product_brand":[],"product_cat":[4321],"product_tag":[],"class_list":{"0":"post-16623","1":"product","2":"type-product","3":"status-publish","4":"has-post-thumbnail","6":"product_cat-montazni-materijal","8":"first","9":"instock","10":"purchasable","11":"product-type-simple"},"_links":{"self":[{"href":"https:\/\/grejanjesrbija.com\/ru\/wp-json\/wp\/v2\/product\/16623","targetHints":{"allow":["GET"]}}],"collection":[{"href":"https:\/\/grejanjesrbija.com\/ru\/wp-json\/wp\/v2\/product"}],"about":[{"href":"https:\/\/grejanjesrbija.com\/ru\/wp-json\/wp\/v2\/types\/product"}],"wp:featuredmedia":[{"embeddable":true,"href":"https:\/\/grejanjesrbija.com\/ru\/wp-json\/wp\/v2\/media\/16622"}],"wp:attachment":[{"href":"https:\/\/grejanjesrbija.com\/ru\/wp-json\/wp\/v2\/media?parent=16623"}],"wp:term":[{"taxonomy":"product_brand","embeddable":true,"href":"https:\/\/grejanjesrbija.com\/ru\/wp-json\/wp\/v2\/product_brand?post=16623"},{"taxonomy":"product_cat","embeddable":true,"href":"https:\/\/grejanjesrbija.com\/ru\/wp-json\/wp\/v2\/product_cat?post=16623"},{"taxonomy":"product_tag","embeddable":true,"href":"https:\/\/grejanjesrbija.com\/ru\/wp-json\/wp\/v2\/product_tag?post=16623"}],"curies":[{"name":"wp","href":"https:\/\/api.w.org\/{rel}","templated":true}]}}