{"id":16624,"date":"2025-07-15T11:01:28","date_gmt":"2025-07-15T09:01:28","guid":{"rendered":"https:\/\/foxit-technology.com\/proizvod\/krpica-za-cu-cevi\/"},"modified":"2026-02-24T15:41:32","modified_gmt":"2026-02-24T14:41:32","slug":"krpica-za-cu-cevi","status":"publish","type":"product","link":"https:\/\/grejanjesrbija.com\/ru\/proizvod\/krpica-za-cu-cevi\/","title":{"rendered":"Krpica za bakarne cevi"},"content":{"rendered":"<h2>Krpica za bakarne cevi \u2013 \u010di\u0161\u0107enje i priprema cevi<\/h2>\n<p data-start=\"606\" data-end=\"943\">Krpica za bakarne cevi omogu\u0107ava efikasno uklanjanje prljav\u0161tine, masno\u0107e i oksidacije sa povr\u0161ine cevi pre procesa lemljenja. Redovna upotreba pobolj\u0161ava adheziju lema, garantuje dugotrajne i \u010dvrste spojeve i spre\u010dava curenje u sistemu. Krpica je prakti\u010dna, izdr\u017eljiva i pogodna za profesionalce i ku\u0107ne majstore.<\/p>\n<p data-start=\"945\" data-end=\"1118\">","protected":false},"excerpt":{"rendered":"<p>Krpica za bakarne cevi je prakti\u010dan alat za \u010di\u0161\u0107enje i pripremu cevi pre lemljenja, obezbe\u0111uju\u0107i \u010dvrste i pouzdane spojeve u grejnim i vodovodnim instalacijama.<\/p>","protected":false},"featured_media":16625,"template":"","meta":{"_seopress_robots_primary_cat":"none","_seopress_titles_title":"Krpica za bakarne cevi \u2013 pouzdano \u010di\u0161\u0107enje pre lemljenja","_seopress_titles_desc":"Krpica za bakarne cevi uklanja prljav\u0161tinu i oksidaciju, priprema\u0107i cevi za precizno lemljenje i dugotrajne spojeve u instalacijama.","_seopress_robots_index":""},"product_brand":[],"product_cat":[4321],"product_tag":[],"class_list":{"0":"post-16624","1":"product","2":"type-product","3":"status-publish","4":"has-post-thumbnail","6":"product_cat-montazni-materijal","8":"first","9":"instock","10":"purchasable","11":"product-type-simple"},"_links":{"self":[{"href":"https:\/\/grejanjesrbija.com\/ru\/wp-json\/wp\/v2\/product\/16624","targetHints":{"allow":["GET"]}}],"collection":[{"href":"https:\/\/grejanjesrbija.com\/ru\/wp-json\/wp\/v2\/product"}],"about":[{"href":"https:\/\/grejanjesrbija.com\/ru\/wp-json\/wp\/v2\/types\/product"}],"wp:featuredmedia":[{"embeddable":true,"href":"https:\/\/grejanjesrbija.com\/ru\/wp-json\/wp\/v2\/media\/16625"}],"wp:attachment":[{"href":"https:\/\/grejanjesrbija.com\/ru\/wp-json\/wp\/v2\/media?parent=16624"}],"wp:term":[{"taxonomy":"product_brand","embeddable":true,"href":"https:\/\/grejanjesrbija.com\/ru\/wp-json\/wp\/v2\/product_brand?post=16624"},{"taxonomy":"product_cat","embeddable":true,"href":"https:\/\/grejanjesrbija.com\/ru\/wp-json\/wp\/v2\/product_cat?post=16624"},{"taxonomy":"product_tag","embeddable":true,"href":"https:\/\/grejanjesrbija.com\/ru\/wp-json\/wp\/v2\/product_tag?post=16624"}],"curies":[{"name":"wp","href":"https:\/\/api.w.org\/{rel}","templated":true}]}}