{"id":16626,"date":"2025-07-15T11:01:28","date_gmt":"2025-07-15T09:01:28","guid":{"rendered":"https:\/\/foxit-technology.com\/proizvod\/cetka-za-cu-cev\/"},"modified":"2025-10-29T14:16:19","modified_gmt":"2025-10-29T13:16:19","slug":"cetka-za-cu-cev","status":"publish","type":"product","link":"https:\/\/grejanjesrbija.com\/ru\/proizvod\/cetka-za-cu-cev\/","title":{"rendered":"\u010cetka za bakarnu cev"},"content":{"rendered":"<h2>\u010cetka za bakarnu cev \u2013 profesionalno \u010di\u0161\u0107enje pre lemljenja<\/h2>\n<p>\u010cetka za bakarnu cev namenjena je za temeljno \u010di\u0161\u0107enje unutra\u0161njih i spolja\u0161njih povr\u0161ina cevi pre lemljenja. Omogu\u0107ava uklanjanje oksidacije, prljav\u0161tine i ostataka starog lema, \u010dime obezbe\u0111uje bolju adheziju i kvalitetnije zaptivanje spoja. Izra\u0111ena je od izdr\u017eljivih \u010deli\u010dnih vlakana i ergonomske dr\u0161ke koja olak\u0161ava rukovanje. Neophodan alat za instalatere grejanja, vodovoda i klimatizacije.<\/p>","protected":false},"excerpt":{"rendered":"<p>\u010cetka za bakarnu cev omogu\u0107ava efikasno \u010di\u0161\u0107enje i pripremu cevi pre lemljenja radi boljeg spoja i dugotrajne zaptivenosti.<\/p>","protected":false},"featured_media":16627,"template":"","meta":{"_seopress_robots_primary_cat":"none","_seopress_titles_title":"\u010cetka za bakarnu cev \u2013 priprema za lemljenje","_seopress_titles_desc":"\u010cetka za bakarnu cev uklanja oksidaciju i ne\u010disto\u0107e, obezbe\u0111uje \u010dvrst i siguran spoj pri lemljenju bakarnih instalacija.","_seopress_robots_index":""},"product_brand":[],"product_cat":[4321],"product_tag":[],"class_list":{"0":"post-16626","1":"product","2":"type-product","3":"status-publish","4":"has-post-thumbnail","6":"product_cat-montazni-materijal","8":"first","9":"instock","10":"purchasable","11":"product-type-simple"},"_links":{"self":[{"href":"https:\/\/grejanjesrbija.com\/ru\/wp-json\/wp\/v2\/product\/16626","targetHints":{"allow":["GET"]}}],"collection":[{"href":"https:\/\/grejanjesrbija.com\/ru\/wp-json\/wp\/v2\/product"}],"about":[{"href":"https:\/\/grejanjesrbija.com\/ru\/wp-json\/wp\/v2\/types\/product"}],"wp:featuredmedia":[{"embeddable":true,"href":"https:\/\/grejanjesrbija.com\/ru\/wp-json\/wp\/v2\/media\/16627"}],"wp:attachment":[{"href":"https:\/\/grejanjesrbija.com\/ru\/wp-json\/wp\/v2\/media?parent=16626"}],"wp:term":[{"taxonomy":"product_brand","embeddable":true,"href":"https:\/\/grejanjesrbija.com\/ru\/wp-json\/wp\/v2\/product_brand?post=16626"},{"taxonomy":"product_cat","embeddable":true,"href":"https:\/\/grejanjesrbija.com\/ru\/wp-json\/wp\/v2\/product_cat?post=16626"},{"taxonomy":"product_tag","embeddable":true,"href":"https:\/\/grejanjesrbija.com\/ru\/wp-json\/wp\/v2\/product_tag?post=16626"}],"curies":[{"name":"wp","href":"https:\/\/api.w.org\/{rel}","templated":true}]}}