{"id":16636,"date":"2025-07-15T11:01:28","date_gmt":"2025-07-15T09:01:28","guid":{"rendered":"https:\/\/foxit-technology.com\/proizvod\/kugla-ventil-gasna-ff\/"},"modified":"2026-03-16T09:46:49","modified_gmt":"2026-03-16T08:46:49","slug":"kugla-ventil-gasna-ff","status":"publish","type":"product","link":"https:\/\/grejanjesrbija.com\/ru\/proizvod\/kugla-ventil-gasna-ff\/","title":{"rendered":"Kugla ventil gasna FF"},"content":{"rendered":"<p data-start=\"94\" data-end=\"620\">Kugla ventil gasna F\/F je pouzdan mesingani ventil sa \u017eenskim navojem sa obe strane, namenjen za sigurno upravljanje i zatvaranje protoka gasa u doma\u0107im i industrijskim instalacijama. Izra\u0111en od visokokvalitetnog mesinga otpornog na koroziju i visoke temperature, ovaj ventil obezbe\u0111uje potpuno zaptivanje bez curenja. Zahvaljuju\u0107i kuglastom mehanizmu, omogu\u0107ava brzo i precizno otvaranje i zatvaranje protoka. Pogodan je za upotrebu u gasnim instalacijama, ure\u0111ajima na gas, kotlovima i sistemima grejanja.<\/p>\n<p data-start=\"622\" data-end=\"643\"><strong data-start=\"622\" data-end=\"641\">Karakteristike:<\/strong><\/p>\n<ul data-start=\"644\" data-end=\"1040\">\n<li data-start=\"644\" data-end=\"704\">\n<p data-start=\"646\" data-end=\"704\">Materijal: mesing visokog kvaliteta, otporan na koroziju<\/p>\n<\/li>\n<li data-start=\"705\" data-end=\"764\">\n<p data-start=\"707\" data-end=\"764\">Namena: gasne instalacije<\/p>\n<\/li>\n<li data-start=\"765\" data-end=\"795\">\n<p data-start=\"767\" data-end=\"795\">Navoj: F\/F<\/p>\n<\/li>\n<li data-start=\"796\" data-end=\"856\">\n<p data-start=\"798\" data-end=\"856\">Mehanizam: kuglasti ventil za potpuno zatvaranje protoka<\/p>\n<\/li>\n<li data-start=\"857\" data-end=\"901\">\n<p data-start=\"859\" data-end=\"901\">Ru\u010dica za lako rukovanje i brzu kontrolu<\/p>\n<\/li>\n<li data-start=\"902\" data-end=\"948\">\n<p data-start=\"904\" data-end=\"948\">Visoka otpornost na pritisak i temperaturu<\/p>\n<\/li>\n<li data-start=\"949\" data-end=\"996\">\n<p data-start=\"951\" data-end=\"996\">Sigurno i dugotrajno zaptivanje bez curenja<\/p>\n<\/li>\n<li data-start=\"997\" data-end=\"1040\">\n<p data-start=\"999\" data-end=\"1040\">Pogodan za ku\u0107ne i industrijske sisteme<\/p>\n<\/li>\n<\/ul>","protected":false},"excerpt":{"rendered":"<p>Mesingani kugla ventil za gas sa \u017eenskim navojem sa obe strane, otporan na koroziju i visok pritisak, namenjen za bezbedno upravljanje gasnim instalacijama.<\/p>","protected":false},"featured_media":22184,"template":"","meta":{"_seopress_robots_primary_cat":"none","_seopress_titles_title":"","_seopress_titles_desc":"Mesingani kugla ventil za gas sa \u017eenskim navojem sa obe strane, otporan na koroziju i visok pritisak, namenjen za bezbedno upravljanje gasnim instalacijama.","_seopress_robots_index":""},"product_brand":[],"product_cat":[4296,4297],"product_tag":[],"class_list":{"0":"post-16636","1":"product","2":"type-product","3":"status-publish","4":"has-post-thumbnail","6":"product_cat-fiting","7":"product_cat-kugla-ventili","9":"first","10":"instock","11":"purchasable","12":"product-type-variable","13":"has-default-attributes"},"_links":{"self":[{"href":"https:\/\/grejanjesrbija.com\/ru\/wp-json\/wp\/v2\/product\/16636","targetHints":{"allow":["GET"]}}],"collection":[{"href":"https:\/\/grejanjesrbija.com\/ru\/wp-json\/wp\/v2\/product"}],"about":[{"href":"https:\/\/grejanjesrbija.com\/ru\/wp-json\/wp\/v2\/types\/product"}],"wp:featuredmedia":[{"embeddable":true,"href":"https:\/\/grejanjesrbija.com\/ru\/wp-json\/wp\/v2\/media\/22184"}],"wp:attachment":[{"href":"https:\/\/grejanjesrbija.com\/ru\/wp-json\/wp\/v2\/media?parent=16636"}],"wp:term":[{"taxonomy":"product_brand","embeddable":true,"href":"https:\/\/grejanjesrbija.com\/ru\/wp-json\/wp\/v2\/product_brand?post=16636"},{"taxonomy":"product_cat","embeddable":true,"href":"https:\/\/grejanjesrbija.com\/ru\/wp-json\/wp\/v2\/product_cat?post=16636"},{"taxonomy":"product_tag","embeddable":true,"href":"https:\/\/grejanjesrbija.com\/ru\/wp-json\/wp\/v2\/product_tag?post=16636"}],"curies":[{"name":"wp","href":"https:\/\/api.w.org\/{rel}","templated":true}]}}