{"id":16723,"date":"2025-07-15T11:01:48","date_gmt":"2025-07-15T09:01:48","guid":{"rendered":"https:\/\/foxit-technology.com\/proizvod\/termofluid-chemco-koncentrat-50c-50-50-20c\/"},"modified":"2025-10-01T15:30:56","modified_gmt":"2025-10-01T13:30:56","slug":"termofluid-chemco-koncentrat-50c-50-50-20c","status":"publish","type":"product","link":"https:\/\/grejanjesrbija.com\/ru\/proizvod\/termofluid-chemco-koncentrat-50c-50-50-20c\/","title":{"rendered":"Termofluid Chemco koncentrat -50C (50\/50 -20C)"},"content":{"rendered":"<h2 data-start=\"277\" data-end=\"830\"><strong data-start=\"277\" data-end=\"354\">Termofluid Chemco koncentrat \u201350\u202f\u00b0C (razbla\u017een 50\/50 \u2013 za\u0161tita do \u201320\u202f\u00b0C)<\/strong><\/h2>\n<p>Termofluid Chemco predstavlja visokokvalitetni koncentrat za centralno grejanje, idealan za upotrebu u sistemima gde je potrebna za\u0161tita od smrzavanja do -50\u00b0C.<\/p>\n<p data-start=\"277\" data-end=\"830\"><strong data-start=\"277\" data-end=\"354\">Termofluid Chemco koncentrat \u201350\u202f\u00b0C (razbla\u017een 50\/50 \u2013 za\u0161tita do \u201320\u202f\u00b0C)<\/strong> predstavlja visokokvalitetni industrijski medij za prenos toplote baziran na propilen glikolu (tamno zelene boje). Formulisano da pru\u017ei izuzetnu za\u0161titu od smrzavanja i efikasan termalni prenos toplote, posebno je pogodan za rashladne sisteme, eta\u017eno grejanje, industrijska postrojenja i petrohemijsku industriju. Ovaj koncentrat \u0161titi sisteme od korozije i ne o\u0161te\u0107uje metale, gume ni dihtunge, \u010dime obezbe\u0111uje dugotrajnu i bezbednu eksploataciju.<\/p>\n<h3>Karakteristike proizvoda<\/h3>\n<ul>\n<li>Koncentrat sa niskom ta\u010dkom smrzavanja (-50\u00b0C)<\/li>\n<li>Idealna me\u0161avina 50\/50 za optimalne performanse<\/li>\n<li>Otporan na koroziju i talo\u017eenje<\/li>\n<li>Ekolo\u0161ki prihvatljiv i siguran za upotrebu<\/li>\n<\/ul>\n<h3 data-start=\"1662\" data-end=\"1673\">Primena<\/h3>\n<p data-start=\"1675\" data-end=\"1725\">Termofluid Chemco koncentrat \u201350\u202f\u00b0C idealan je za:<\/p>\n<ul data-start=\"1727\" data-end=\"2116\">\n<li data-start=\"1727\" data-end=\"1856\">\n<p data-start=\"1729\" data-end=\"1856\"><strong data-start=\"1729\" data-end=\"1768\">Rashladne sisteme i eta\u017eno grejanje<\/strong> \u2013 stambeni, industrijski, petrohemijski objekti<\/p>\n<\/li>\n<li data-start=\"1857\" data-end=\"1972\">\n<p data-start=\"1859\" data-end=\"1972\"><strong data-start=\"1859\" data-end=\"1886\">Preventivno protiv leda<\/strong> \u2013 kori\u0161\u0107enje na stazama, pe\u0161a\u010dkim zonama itd.<\/p>\n<\/li>\n<li data-start=\"1973\" data-end=\"2116\">\n<p data-start=\"1975\" data-end=\"2116\"><strong data-start=\"1975\" data-end=\"2015\">Industrijski sistemi prenosa toplote<\/strong> \u2013 gde je potrebna dugoro\u010dna za\u0161tita i antikorozivna svojstva<\/p>\n<\/li>\n<\/ul>\n<h3 data-start=\"2123\" data-end=\"2141\">Na\u010din upotrebe<\/h3>\n<p><strong data-start=\"2146\" data-end=\"2163\">1.<\/strong><strong data-start=\"2146\" data-end=\"2163\">Razbla\u017eivanje<\/strong><\/p>\n<ul>\n<li>Proizvod dobijate koncentrat; razbla\u017eite ga s vodom (50\/50) za za\u0161titu do \u201320\u202f\u00b0C (pogledati tehni\u010dke detalje)<strong data-start=\"2146\" data-end=\"2163\"><br \/>\n<\/strong><\/li>\n<\/ul>\n<p><strong data-start=\"2303\" data-end=\"2323\">2. P<\/strong><strong data-start=\"2303\" data-end=\"2323\">riprema sistema<\/strong><\/p>\n<ul>\n<li>Pre primene, sistem treba isprati da se uklone naslage, stari antifriz ili kamenac.<\/li>\n<li>U novim ili \u010distim sistemima sipanje bez dodatnih priprema.<\/li>\n<\/ul>\n<p><strong data-start=\"2486\" data-end=\"2506\">3. Punjenje sistema<\/strong><\/p>\n<ul>\n<li>Sipati kroz ekspanzionu posudu ili servisni priklju\u010dak.<\/li>\n<li>Potrebno je temeljno odzra\u010divanje sistema kako bi se uklonio sav\u00a0 vazduh.<\/li>\n<\/ul>\n<p><strong data-start=\"2664\" data-end=\"2689\">4. Kontrola i odr\u017eavanje<\/strong><\/p>\n<ul>\n<li>Vizuelni pregled jednom godi\u0161nje; zamena nakon maksimalno 10 godina rada ili ako se detektuju promene u boji\/pH vrednosti.<\/li>\n<\/ul>\n<p><strong data-start=\"2824\" data-end=\"2838\">5. Upozorenja<\/strong><\/p>\n<ul>\n<li>Ne me\u0161ati sa antifrizima na bazi etilen glikola.<\/li>\n<li>\u010cuvati izme\u0111u +5\u202f\u00b0C i +30\u202f\u00b0C, na suvom i tamnom mestu, van doma\u0161aja dece.<\/li>\n<\/ul>\n<h3>Prednosti kori\u0161\u0107enja<\/h3>\n<ul>\n<li>Pove\u0107ava efikasnost sistema grejanja<\/li>\n<li>Produ\u017eava vek trajanja opreme<\/li>\n<li>Smanjuje rizik od o\u0161te\u0107enja usled smrzavanja<\/li>\n<\/ul>\n<h3>Specifikacije<\/h3>\n<table>\n<tbody>\n<tr>\n<th>Karakteristika<\/th>\n<th>Vrednost<\/th>\n<\/tr>\n<tr>\n<td>Temperatura smrzavanja<\/td>\n<td>-50\u00b0C<\/td>\n<\/tr>\n<tr>\n<td>Preporu\u010dena me\u0161avina<\/td>\n<td>50\/50<\/td>\n<\/tr>\n<tr>\n<td>Koli\u010dina<\/td>\n<td>10litara<\/td>\n<\/tr>\n<\/tbody>\n<\/table>\n<h3><\/h3>\n<p>Pre upotrebe, dobro prome\u0161ati. Preporu\u010duje se me\u0161anje sa vodom u odnosu 50\/50, kako bi se postigle optimalne performanse. \u010cuvati na suvom i hladnom mestu, van doma\u0161aja dece.<\/p>","protected":false},"excerpt":{"rendered":"<p>Termofluid Chemco je visokokvalitetni koncentrat za grejanje sa niskom ta\u010dkom smrzavanja do -50\u00b0C. Idealan za za\u0161titu i efikasnost va\u0161eg sistema grejanja.<\/p>","protected":false},"featured_media":16724,"template":"","meta":{"_seopress_robots_primary_cat":"none","_seopress_titles_title":"Termofluid Chemco koncentrat \u201350\u202f\u00b0C (razbla\u017een 50\/50 \u2013 za\u0161tita do \u201320\u202f\u00b0C)","_seopress_titles_desc":"Visokokvalitetni Termofluid Chemco, baziran na propilen glikolu, pru\u017ea pouzdanu za\u0161titu od smrzavanja do -50\u00b0C i efikasan prenos toplote.","_seopress_robots_index":""},"product_brand":[4339],"product_cat":[4325],"product_tag":[],"class_list":{"0":"post-16723","1":"product","2":"type-product","3":"status-publish","4":"has-post-thumbnail","6":"product_brand-chemco","7":"product_cat-antifriz-za-centralno-grejanje","9":"first","10":"instock","11":"purchasable","12":"product-type-simple"},"_links":{"self":[{"href":"https:\/\/grejanjesrbija.com\/ru\/wp-json\/wp\/v2\/product\/16723","targetHints":{"allow":["GET"]}}],"collection":[{"href":"https:\/\/grejanjesrbija.com\/ru\/wp-json\/wp\/v2\/product"}],"about":[{"href":"https:\/\/grejanjesrbija.com\/ru\/wp-json\/wp\/v2\/types\/product"}],"wp:featuredmedia":[{"embeddable":true,"href":"https:\/\/grejanjesrbija.com\/ru\/wp-json\/wp\/v2\/media\/16724"}],"wp:attachment":[{"href":"https:\/\/grejanjesrbija.com\/ru\/wp-json\/wp\/v2\/media?parent=16723"}],"wp:term":[{"taxonomy":"product_brand","embeddable":true,"href":"https:\/\/grejanjesrbija.com\/ru\/wp-json\/wp\/v2\/product_brand?post=16723"},{"taxonomy":"product_cat","embeddable":true,"href":"https:\/\/grejanjesrbija.com\/ru\/wp-json\/wp\/v2\/product_cat?post=16723"},{"taxonomy":"product_tag","embeddable":true,"href":"https:\/\/grejanjesrbija.com\/ru\/wp-json\/wp\/v2\/product_tag?post=16723"}],"curies":[{"name":"wp","href":"https:\/\/api.w.org\/{rel}","templated":true}]}}