{"id":16737,"date":"2025-07-15T11:01:58","date_gmt":"2025-07-15T09:01:58","guid":{"rendered":"https:\/\/foxit-technology.com\/proizvod\/etazni-kotao-megal-m20\/"},"modified":"2025-10-10T10:05:24","modified_gmt":"2025-10-10T08:05:24","slug":"etazni-kotao-megal-m20","status":"publish","type":"product","link":"https:\/\/grejanjesrbija.com\/ru\/proizvod\/etazni-kotao-megal-m20\/","title":{"rendered":"Eta\u017eni kotao Megal M20"},"content":{"rendered":"<p>Toplovodni eta\u017eni kotao Megal M 20<\/p>\n<p>Kotao Megal M 20 namenjen je za efikasno zagrevanje prostorija od 100 do 120 m\u00b2 u toplovodnim sistemima centralnog ili eta\u017enog grejanja, rade\u0107i u re\u017eimu 90\/70\u00b0C pri lo\u017eenju \u010dvrstim gorivom.<\/p>\n<p>Opremljen je grejnom plo\u010dom za podgrevanje hrane i ima priklju\u010dke za dimnjak sa sve tri strane, \u0161to mu omogu\u0107ava jednostavnu ugradnju i savr\u0161eno uklapanje u kuhinjski ambijent.<\/p>\n<p>Kvalitetna konstrukcija kotla garantuje optimalno sagorevanje goriva uz visok stepen iskori\u0161\u0107enja produkata sagorevanja. Automatska regulacija temperature obezbe\u0111uje siguran i komforan rad, pru\u017eaju\u0107i pouzdanost i u\u0161tedu energije.<\/p>\n<p>Napomena: Ukoliko kotao nije opremljen termi\u010dkom za\u0161titom, preporu\u010duje se ugradnja isklju\u010divo u otvorene sisteme grejanja.<\/p>","protected":false},"excerpt":{"rendered":"<p>Toplovodni eta\u017eni kotao Megal M 20 namenjen za grejanje prostorija od 100 do 120 m\u00b2 u toplovodnim sistemima centralnog ili eta\u017enog grejanja. Radi na \u010dvrsto gorivo u re\u017eimu 90\/70\u00b0C, sa grejnom plo\u010dom za podgrevanje i priklju\u010dcima za dimnjak sa tri strane. Idealno se uklapa u kuhinjski ambijent i pru\u017ea siguran i komforan rad.<\/p>","protected":false},"featured_media":16738,"template":"","meta":{"_seopress_robots_primary_cat":"none","_seopress_titles_title":"","_seopress_titles_desc":"Optimalno grejanje prostora 100-120m\u00b2 uz eta\u017eni kotao na drva M 20! Pru\u017ea visoku iskori\u0161\u0107enost uz automatsku regulaciju i sigurnost.","_seopress_robots_index":""},"product_brand":[4198],"product_cat":[4212],"product_tag":[],"class_list":{"0":"post-16737","1":"product","2":"type-product","3":"status-publish","4":"has-post-thumbnail","6":"product_brand-megal","7":"product_cat-etazni-kotlovi","9":"first","10":"instock","11":"purchasable","12":"product-type-simple"},"_links":{"self":[{"href":"https:\/\/grejanjesrbija.com\/ru\/wp-json\/wp\/v2\/product\/16737","targetHints":{"allow":["GET"]}}],"collection":[{"href":"https:\/\/grejanjesrbija.com\/ru\/wp-json\/wp\/v2\/product"}],"about":[{"href":"https:\/\/grejanjesrbija.com\/ru\/wp-json\/wp\/v2\/types\/product"}],"wp:featuredmedia":[{"embeddable":true,"href":"https:\/\/grejanjesrbija.com\/ru\/wp-json\/wp\/v2\/media\/16738"}],"wp:attachment":[{"href":"https:\/\/grejanjesrbija.com\/ru\/wp-json\/wp\/v2\/media?parent=16737"}],"wp:term":[{"taxonomy":"product_brand","embeddable":true,"href":"https:\/\/grejanjesrbija.com\/ru\/wp-json\/wp\/v2\/product_brand?post=16737"},{"taxonomy":"product_cat","embeddable":true,"href":"https:\/\/grejanjesrbija.com\/ru\/wp-json\/wp\/v2\/product_cat?post=16737"},{"taxonomy":"product_tag","embeddable":true,"href":"https:\/\/grejanjesrbija.com\/ru\/wp-json\/wp\/v2\/product_tag?post=16737"}],"curies":[{"name":"wp","href":"https:\/\/api.w.org\/{rel}","templated":true}]}}