{"id":16741,"date":"2025-07-15T11:01:58","date_gmt":"2025-07-15T09:01:58","guid":{"rendered":"https:\/\/foxit-technology.com\/proizvod\/sobni-termostat-salus-wi-fi-rt310rfi\/"},"modified":"2025-10-20T14:03:42","modified_gmt":"2025-10-20T12:03:42","slug":"sobni-termostat-salus-wi-fi-rt310rfi","status":"publish","type":"product","link":"https:\/\/grejanjesrbija.com\/ru\/proizvod\/sobni-termostat-salus-wi-fi-rt310rfi\/","title":{"rendered":"Sobni termostat Salus Wi-Fi RT310i"},"content":{"rendered":"<p data-start=\"99\" data-end=\"379\">Sobni termostat <strong data-start=\"115\" data-end=\"137\">Salus RT310i Wi-Fi<\/strong> je be\u017ei\u010dni, programski termostat koji omogu\u0107ava preciznu kontrolu temperature i daljinsko upravljanje grejanjem preko mobilne aplikacije. Idealno je re\u0161enje za savremene domove i kancelarije koje \u017eele u\u0161tedu energije i maksimalnu udobnost.<\/p>\n<h3 data-start=\"386\" data-end=\"410\"><strong data-start=\"390\" data-end=\"408\">Karakteristike i prednosti<\/strong><\/h3>\n<ul data-start=\"411\" data-end=\"721\">\n<li data-start=\"411\" data-end=\"449\">\n<p data-start=\"413\" data-end=\"449\">Be\u017ei\u010dni Wi-Fi programski termostat<\/p>\n<\/li>\n<li data-start=\"450\" data-end=\"493\">\n<p data-start=\"452\" data-end=\"493\">Programabilni re\u017eimi: dnevni i nedeljni<\/p>\n<\/li>\n<li data-start=\"494\" data-end=\"544\">\n<p data-start=\"496\" data-end=\"544\">Daljinsko upravljanje putem mobilne aplikacije<\/p>\n<\/li>\n<li data-start=\"545\" data-end=\"601\">\n<p data-start=\"547\" data-end=\"601\">LCD ekran sa prikazom temperature i statusa grejanja<\/p>\n<\/li>\n<li data-start=\"602\" data-end=\"635\">\n<p data-start=\"604\" data-end=\"635\">Precizna kontrola temperature<\/p>\n<\/li>\n<li data-start=\"636\" data-end=\"679\">\n<p data-start=\"638\" data-end=\"679\">Kompatibilan sa ve\u0107inom grejnih sistema<\/p>\n<\/li>\n<li data-start=\"680\" data-end=\"721\">\n<p data-start=\"682\" data-end=\"721\">Jednostavna instalacija i povezivanje<\/p>\n<\/li>\n<li data-start=\"748\" data-end=\"807\">\n<p data-start=\"750\" data-end=\"807\">Omogu\u0107ava u\u0161tedu energije i smanjenje tro\u0161kova grejanja<\/p>\n<\/li>\n<li data-start=\"855\" data-end=\"931\">\n<p data-start=\"857\" data-end=\"931\">Programabilni re\u017eimi za automatsko uklju\u010divanje i isklju\u010divanje grejanja<\/p>\n<\/li>\n<\/ul>\n<p data-start=\"2661\" data-end=\"3000\">Sobni termostat <strong data-start=\"2677\" data-end=\"2699\">Salus RT310i Wi-Fi<\/strong> kombinuje modernu tehnologiju i prakti\u010dnost, omogu\u0107avaju\u0107i jednostavno i efikasno upravljanje grejanjem putem mobilne aplikacije. Precizna regulacija temperature i programabilni re\u017eimi pru\u017eaju maksimalnu udobnost i u\u0161tedu energije, \u0161to ga \u010dini idealnim izborom za svaki moderan dom ili kancelariju.<\/p>","protected":false},"excerpt":{"rendered":"<p data-start=\"2661\" data-end=\"3000\">Sobni termostat <strong data-start=\"2677\" data-end=\"2699\">Salus RT310i Wi-Fi<\/strong> kombinuje modernu tehnologiju i prakti\u010dnost, omogu\u0107avaju\u0107i jednostavno i efikasno upravljanje grejanjem putem mobilne aplikacije. Precizna regulacija temperature i programabilni re\u017eimi pru\u017eaju maksimalnu udobnost i u\u0161tedu energije, \u0161to ga \u010dini idealnim izborom za svaki moderan dom ili kancelariju.<\/p>","protected":false},"featured_media":16742,"template":"","meta":{"_seopress_robots_primary_cat":"none","_seopress_titles_title":"","_seopress_titles_desc":"Be\u017ei\u010dni Wi-Fi termostat Salus RT310i \u2013 programski sobni termostat sa dnevnim i nedeljnim re\u017eimima, preciznom regulacijom temperature i daljinskim upravljanjem preko aplikacije. U\u0161teda energije i maksimalna udobnost.","_seopress_robots_index":""},"product_brand":[4319],"product_cat":[4317],"product_tag":[],"class_list":{"0":"post-16741","1":"product","2":"type-product","3":"status-publish","4":"has-post-thumbnail","6":"product_brand-salus","7":"product_cat-sobni-termostati","9":"first","10":"instock","11":"purchasable","12":"product-type-simple"},"_links":{"self":[{"href":"https:\/\/grejanjesrbija.com\/ru\/wp-json\/wp\/v2\/product\/16741","targetHints":{"allow":["GET"]}}],"collection":[{"href":"https:\/\/grejanjesrbija.com\/ru\/wp-json\/wp\/v2\/product"}],"about":[{"href":"https:\/\/grejanjesrbija.com\/ru\/wp-json\/wp\/v2\/types\/product"}],"wp:featuredmedia":[{"embeddable":true,"href":"https:\/\/grejanjesrbija.com\/ru\/wp-json\/wp\/v2\/media\/16742"}],"wp:attachment":[{"href":"https:\/\/grejanjesrbija.com\/ru\/wp-json\/wp\/v2\/media?parent=16741"}],"wp:term":[{"taxonomy":"product_brand","embeddable":true,"href":"https:\/\/grejanjesrbija.com\/ru\/wp-json\/wp\/v2\/product_brand?post=16741"},{"taxonomy":"product_cat","embeddable":true,"href":"https:\/\/grejanjesrbija.com\/ru\/wp-json\/wp\/v2\/product_cat?post=16741"},{"taxonomy":"product_tag","embeddable":true,"href":"https:\/\/grejanjesrbija.com\/ru\/wp-json\/wp\/v2\/product_tag?post=16741"}],"curies":[{"name":"wp","href":"https:\/\/api.w.org\/{rel}","templated":true}]}}