{"id":16743,"date":"2025-07-15T11:01:58","date_gmt":"2025-07-15T09:01:58","guid":{"rendered":"https:\/\/foxit-technology.com\/proizvod\/sobni-termostat-salus-rt310rf\/"},"modified":"2025-10-20T12:46:47","modified_gmt":"2025-10-20T10:46:47","slug":"sobni-termostat-salus-rt310rf","status":"publish","type":"product","link":"https:\/\/grejanjesrbija.com\/ru\/proizvod\/sobni-termostat-salus-rt310rf\/","title":{"rendered":"Sobni termostat Salus + \/- RT310RF"},"content":{"rendered":"<p data-start=\"120\" data-end=\"382\">Sobni termostat <strong data-start=\"136\" data-end=\"153\">Salus RT310RF<\/strong> je be\u017ei\u010dni programski termostat sa preciznom regulacijom temperature i jednostavnim upravljanjem. Omogu\u0107ava pode\u0161avanje dnevnih i nedeljnih programa, \u0161to ga \u010dini idealnim za u\u0161tedu energije i maksimalnu udobnost u svakom domu.<\/p>\n<h3 data-start=\"389\" data-end=\"413\"><strong data-start=\"393\" data-end=\"411\">Karakteristike i prednosti<\/strong><\/h3>\n<ul>\n<li data-start=\"416\" data-end=\"438\">Be\u017ei\u010dni RF termostat<\/li>\n<li data-start=\"441\" data-end=\"482\">Programabilni re\u017eimi: dnevni i nedeljni<\/li>\n<li data-start=\"485\" data-end=\"516\">Precizna kontrola temperature<\/li>\n<li data-start=\"519\" data-end=\"549\">LCD ekran sa jasnim prikazom<\/li>\n<li data-start=\"552\" data-end=\"591\">Jednostavna instalacija i povezivanje<\/li>\n<li data-start=\"594\" data-end=\"635\">Kompatibilan sa ve\u0107inom grejnih sistema<\/li>\n<li data-start=\"664\" data-end=\"713\">Smanjuje potro\u0161nju energije i tro\u0161kove grejanja<\/li>\n<li data-start=\"926\" data-end=\"982\">Pru\u017ea udobnost i fleksibilnost u upravljanju grejanjem<\/li>\n<\/ul>\n<p>&nbsp;<\/p>\n<p data-start=\"2514\" data-end=\"2837\">Sobni termostat <strong data-start=\"2530\" data-end=\"2547\">Salus RT310RF<\/strong> kombinuje modernu tehnologiju i prakti\u010dnost, pru\u017eaju\u0107i jednostavno i efikasno upravljanje grejanjem. Programabilni re\u017eimi i precizna kontrola temperature omogu\u0107avaju maksimalnu udobnost i zna\u010dajnu u\u0161tedu energije. Idealan je izbor za sve koji \u017eele pouzdan, be\u017ei\u010dni termostat za svoj dom.<\/p>","protected":false},"excerpt":{"rendered":"<p data-start=\"2514\" data-end=\"2837\">Sobni termostat <strong data-start=\"2530\" data-end=\"2547\">Salus RT310RF<\/strong> kombinuje modernu tehnologiju i prakti\u010dnost, pru\u017eaju\u0107i jednostavno i efikasno upravljanje grejanjem. Programabilni re\u017eimi i precizna kontrola temperature omogu\u0107avaju maksimalnu udobnost i zna\u010dajnu u\u0161tedu energije. Idealan je izbor za sve koji \u017eele pouzdan, be\u017ei\u010dni termostat za svoj dom.<\/p>","protected":false},"featured_media":16744,"template":"","meta":{"_seopress_robots_primary_cat":"none","_seopress_titles_title":"","_seopress_titles_desc":"Be\u017ei\u010dni programski termostat Salus RT310RF \u2013 precizna kontrola temperature, dnevni i nedeljni re\u017eimi, jednostavno upravljanje i u\u0161teda energije. Idealan za moderan dom.","_seopress_robots_index":""},"product_brand":[4319],"product_cat":[4317],"product_tag":[],"class_list":{"0":"post-16743","1":"product","2":"type-product","3":"status-publish","4":"has-post-thumbnail","6":"product_brand-salus","7":"product_cat-sobni-termostati","9":"first","10":"instock","11":"purchasable","12":"product-type-simple"},"_links":{"self":[{"href":"https:\/\/grejanjesrbija.com\/ru\/wp-json\/wp\/v2\/product\/16743","targetHints":{"allow":["GET"]}}],"collection":[{"href":"https:\/\/grejanjesrbija.com\/ru\/wp-json\/wp\/v2\/product"}],"about":[{"href":"https:\/\/grejanjesrbija.com\/ru\/wp-json\/wp\/v2\/types\/product"}],"wp:featuredmedia":[{"embeddable":true,"href":"https:\/\/grejanjesrbija.com\/ru\/wp-json\/wp\/v2\/media\/16744"}],"wp:attachment":[{"href":"https:\/\/grejanjesrbija.com\/ru\/wp-json\/wp\/v2\/media?parent=16743"}],"wp:term":[{"taxonomy":"product_brand","embeddable":true,"href":"https:\/\/grejanjesrbija.com\/ru\/wp-json\/wp\/v2\/product_brand?post=16743"},{"taxonomy":"product_cat","embeddable":true,"href":"https:\/\/grejanjesrbija.com\/ru\/wp-json\/wp\/v2\/product_cat?post=16743"},{"taxonomy":"product_tag","embeddable":true,"href":"https:\/\/grejanjesrbija.com\/ru\/wp-json\/wp\/v2\/product_tag?post=16743"}],"curies":[{"name":"wp","href":"https:\/\/api.w.org\/{rel}","templated":true}]}}