{"id":16753,"date":"2025-07-15T11:01:58","date_gmt":"2025-07-15T09:01:58","guid":{"rendered":"https:\/\/foxit-technology.com\/proizvod\/kugla-ventil-heimeier-1-za-holender-sa-nepovratnim-ventilom\/"},"modified":"2026-03-16T09:56:44","modified_gmt":"2026-03-16T08:56:44","slug":"kugla-ventil-heimeier-1-za-holender-sa-nepovratnim-ventilom","status":"publish","type":"product","link":"https:\/\/grejanjesrbija.com\/ru\/proizvod\/kugla-ventil-heimeier-1-za-holender-sa-nepovratnim-ventilom\/","title":{"rendered":"Kugla ventil Heimeier 1&#8243; za holender sa nepovratnim ventilom"},"content":{"rendered":"<p style=\"text-align: justify;\">Kuglasti ventil, naro\u010dito pogodan za sisteme koji zahtevaju visoke radne temperature.\u00a0Telo i kugla su od bronze, otporne na koroziju i decinkfikaciju. Kugla se nalazi unutar glatkog cilindra.\u00a0Verzije sa unutra\u0161njim navojem od DN 15 do DN 32\u00a0se sa vezom za pumpu DN 25.\u00a0Mala monta\u017eno-demonta\u017ena ru\u010dica izra\u0111ena je od plastike otporne na udar. Po\u0161to je grani\u010dnik ru\u010dice sakriven, ne postoji opasnost od povre\u0111ivanja. Vreteno ventila koje ne zahteva odr\u017eavanje je zaptiveno pomo\u0107u dva zaptivna prstena izra\u0111ena od EPDM.<\/p>\n<ul>\n<li style=\"text-align: justify;\">Zaptivka kugle je izra\u0111ena od \u010distog PTFE.<\/li>\n<li style=\"text-align: justify;\">Dozvoljena radna temperatura TB -10\u00b0C \u02d7 150\u00b0C, a sa prekidima do 170\u00b0C.<\/li>\n<li style=\"text-align: justify;\">Klasa pritiska PN 16.<\/li>\n<\/ul>","protected":false},"excerpt":{"rendered":"<p>Kuglasti ventil, naro\u010dito pogodan za sisteme koji zahtevaju visoke radne temperature.\u00a0Telo i kugla su od bronze, otporne na koroziju i decinkfikaciju. Kugla se nalazi unutar glatkog cilindra.\u00a0Verzije sa unutra\u0161njim navojem od DN 15 do DN 32\u00a0se sa vezom za pumpu DN 25.\u00a0Mala monta\u017eno-demonta\u017ena ru\u010dica izra\u0111ena je od plastike otporne na udar. Po\u0161to je grani\u010dnik ru\u010dice [&hellip;]<\/p>\n","protected":false},"featured_media":16754,"template":"","meta":{"_seopress_robots_primary_cat":"none","_seopress_titles_title":"","_seopress_titles_desc":"","_seopress_robots_index":""},"product_brand":[4295],"product_cat":[4296,4297],"product_tag":[],"class_list":{"0":"post-16753","1":"product","2":"type-product","3":"status-publish","4":"has-post-thumbnail","6":"product_brand-heimeier","7":"product_cat-fiting","8":"product_cat-kugla-ventili","10":"first","11":"instock","12":"purchasable","13":"product-type-simple"},"_links":{"self":[{"href":"https:\/\/grejanjesrbija.com\/ru\/wp-json\/wp\/v2\/product\/16753","targetHints":{"allow":["GET"]}}],"collection":[{"href":"https:\/\/grejanjesrbija.com\/ru\/wp-json\/wp\/v2\/product"}],"about":[{"href":"https:\/\/grejanjesrbija.com\/ru\/wp-json\/wp\/v2\/types\/product"}],"wp:featuredmedia":[{"embeddable":true,"href":"https:\/\/grejanjesrbija.com\/ru\/wp-json\/wp\/v2\/media\/16754"}],"wp:attachment":[{"href":"https:\/\/grejanjesrbija.com\/ru\/wp-json\/wp\/v2\/media?parent=16753"}],"wp:term":[{"taxonomy":"product_brand","embeddable":true,"href":"https:\/\/grejanjesrbija.com\/ru\/wp-json\/wp\/v2\/product_brand?post=16753"},{"taxonomy":"product_cat","embeddable":true,"href":"https:\/\/grejanjesrbija.com\/ru\/wp-json\/wp\/v2\/product_cat?post=16753"},{"taxonomy":"product_tag","embeddable":true,"href":"https:\/\/grejanjesrbija.com\/ru\/wp-json\/wp\/v2\/product_tag?post=16753"}],"curies":[{"name":"wp","href":"https:\/\/api.w.org\/{rel}","templated":true}]}}