{"id":16802,"date":"2025-07-15T11:02:10","date_gmt":"2025-07-15T09:02:10","guid":{"rendered":"https:\/\/foxit-technology.com\/proizvod\/rezervni-delovi-za-ferroli-kotlove-i-gorionike\/"},"modified":"2026-03-10T14:10:53","modified_gmt":"2026-03-10T13:10:53","slug":"rezervni-delovi-za-ferroli-kotlove-i-gorionike","status":"publish","type":"product","link":"https:\/\/grejanjesrbija.com\/ru\/proizvod\/rezervni-delovi-za-ferroli-kotlove-i-gorionike\/","title":{"rendered":"Rezervni delovi za Ferroli kotlove i gorionike"},"content":{"rendered":"<p data-start=\"519\" data-end=\"850\">Ferroli je renomirani proizvo\u0111a\u010d grejne opreme, a redovno odr\u017eavanje i pravovremena zamena delova klju\u010dni su za dug vek trajanja ure\u0111aja i stabilan rad tokom cele grejne sezone.<\/p>\n<p data-start=\"852\" data-end=\"1159\">Asortiman obuhvata delove za razli\u010dite modele kotlova i gorionika, uklju\u010duju\u0107i komponente za sagorevanje, paljenje, zaptivanje i regulaciju rada. Svi delovi su pa\u017eljivo odabrani kako bi obezbedili kompatibilnost, pouzdanost i visok kvalitet, bilo da se radi o originalnim ili kvalitetnim zamenskim delovima.<\/p>\n<p data-start=\"1161\" data-end=\"1317\">Kori\u0161\u0107enjem odgovaraju\u0107ih rezervnih delova smanjuje se rizik od kvarova, pove\u0107ava energetska efikasnost i produ\u017eava \u017eivotni vek Ferroli kotlova i gorionika.<\/p>\n<p data-start=\"1161\" data-end=\"1317\"><strong>U ponudi su: <\/strong><\/p>\n<ul>\n<li data-start=\"1161\" data-end=\"1317\">Foto\u0107elija za Ferroli,<\/li>\n<li data-start=\"1161\" data-end=\"1317\">Motor pu\u017ea za Ferroli<\/li>\n<li data-start=\"1161\" data-end=\"1317\">Motor za ventilator gorionika Ferroli<\/li>\n<li data-start=\"1161\" data-end=\"1317\">Dihtung za Ferroli P7<\/li>\n<li data-start=\"1161\" data-end=\"1317\">Dihtung za Ferroli P12<\/li>\n<li data-start=\"1161\" data-end=\"1317\">Plamena glava za SUN P7<\/li>\n<li data-start=\"1161\" data-end=\"1317\">Displej za gorionik Feroli SAN P7 3980D840 &#8211; novi model (crne boje)<\/li>\n<li data-start=\"1161\" data-end=\"1317\">Elektronika za Ferroli<\/li>\n<\/ul>","protected":false},"excerpt":{"rendered":"<p data-start=\"294\" data-end=\"487\">Rezervni delovi za Ferroli kotlove i gorionike obuhvataju \u0161irok asortiman originalnih i kompatibilnih komponenti namenjenih odr\u017eavanju, popravci i dugotrajnom radu Ferroli sistema grejanja.<\/p>","protected":false},"featured_media":26339,"template":"","meta":{"_seopress_robots_primary_cat":"none","_seopress_titles_title":"","_seopress_titles_desc":"Rezervni delovi za Ferroli kotlove i gorionike \u2013 greja\u010di, re\u0161etke, vrata i ostale komponente za pouzdan i efikasan rad sistema grejanja.","_seopress_robots_index":""},"product_brand":[4191],"product_cat":[4214,4215],"product_tag":[],"class_list":{"0":"post-16802","1":"product","2":"type-product","3":"status-publish","4":"has-post-thumbnail","6":"product_brand-ferroli","7":"product_cat-gorionici-za-pelet","8":"product_cat-rezervni-delovi-za-gorionike","10":"first","11":"instock","12":"purchasable","13":"product-type-variable","14":"has-default-attributes"},"_links":{"self":[{"href":"https:\/\/grejanjesrbija.com\/ru\/wp-json\/wp\/v2\/product\/16802","targetHints":{"allow":["GET"]}}],"collection":[{"href":"https:\/\/grejanjesrbija.com\/ru\/wp-json\/wp\/v2\/product"}],"about":[{"href":"https:\/\/grejanjesrbija.com\/ru\/wp-json\/wp\/v2\/types\/product"}],"wp:featuredmedia":[{"embeddable":true,"href":"https:\/\/grejanjesrbija.com\/ru\/wp-json\/wp\/v2\/media\/26339"}],"wp:attachment":[{"href":"https:\/\/grejanjesrbija.com\/ru\/wp-json\/wp\/v2\/media?parent=16802"}],"wp:term":[{"taxonomy":"product_brand","embeddable":true,"href":"https:\/\/grejanjesrbija.com\/ru\/wp-json\/wp\/v2\/product_brand?post=16802"},{"taxonomy":"product_cat","embeddable":true,"href":"https:\/\/grejanjesrbija.com\/ru\/wp-json\/wp\/v2\/product_cat?post=16802"},{"taxonomy":"product_tag","embeddable":true,"href":"https:\/\/grejanjesrbija.com\/ru\/wp-json\/wp\/v2\/product_tag?post=16802"}],"curies":[{"name":"wp","href":"https:\/\/api.w.org\/{rel}","templated":true}]}}